{"id":617,"date":"2025-02-20T13:40:36","date_gmt":"2025-02-20T13:40:36","guid":{"rendered":"https:\/\/www.jinghuaceramic.com\/?post_type=product&#038;p=617"},"modified":"2025-03-28T06:47:33","modified_gmt":"2025-03-28T06:47:33","slug":"wholesale-thermal-label-printer-as220","status":"publish","type":"product","link":"https:\/\/www.aiyin.com\/pt\/product\/wholesale-thermal-label-printer-as220\/","title":{"rendered":"Impressora t\u00e9rmica de etiquetas de 2,5 polegadas por atacado - AS220, fabricante de impressoras de etiquetas AiYin"},"content":{"rendered":"<h2 class=\"wp-block-heading\">Detalhes da impressora t\u00e9rmica de etiquetas - AS220<\/h2>\n\n\n\n<hr class=\"wp-block-separator has-alpha-channel-opacity\" \/>\n\n\n<style>.kb-image617_38ff43-96 .kb-image-has-overlay:after{opacity:0.3;}<\/style>\n<figure class=\"wp-block-kadence-image kb-image617_38ff43-96 size-large\"><img decoding=\"async\" width=\"903\" height=\"1280\" src=\"https:\/\/www.aiyin.com\/wp-content\/uploads\/2025\/02\/11-1-903x1280.jpg\" alt=\"\" class=\"kb-img wp-image-2934\" srcset=\"https:\/\/www.aiyin.com\/wp-content\/uploads\/2025\/02\/11-1-903x1280.jpg 903w, https:\/\/www.aiyin.com\/wp-content\/uploads\/2025\/02\/11-1-768x1089.jpg 768w, https:\/\/www.aiyin.com\/wp-content\/uploads\/2025\/02\/11-1-600x851.jpg 600w, https:\/\/www.aiyin.com\/wp-content\/uploads\/2025\/02\/11-1.jpg 1920w\" sizes=\"(max-width: 903px) 100vw, 903px\" \/><\/figure>\n\n\n<style>.kb-image617_7388f3-4b .kb-image-has-overlay:after{opacity:0.3;}<\/style>\n<figure class=\"wp-block-kadence-image kb-image617_7388f3-4b size-large\"><img decoding=\"async\" width=\"1072\" height=\"1280\" src=\"https:\/\/www.aiyin.com\/wp-content\/uploads\/2025\/02\/AS220-Product-introduction-V1.0_00-1072x1280.webp\" alt=\"\" class=\"kb-img wp-image-4113\" srcset=\"https:\/\/www.aiyin.com\/wp-content\/uploads\/2025\/02\/AS220-Product-introduction-V1.0_00-1072x1280.webp 1072w, https:\/\/www.aiyin.com\/wp-content\/uploads\/2025\/02\/AS220-Product-introduction-V1.0_00-768x917.webp 768w, https:\/\/www.aiyin.com\/wp-content\/uploads\/2025\/02\/AS220-Product-introduction-V1.0_00-600x716.webp 600w\" sizes=\"(max-width: 1072px) 100vw, 1072px\" \/><\/figure>\n\n\n\n<figure class=\"wp-block-image size-large\"><img decoding=\"async\" width=\"655\" height=\"1280\" src=\"https:\/\/www.aiyin.com\/wp-content\/uploads\/2025\/01\/thermal-label-printer-AS220-details-3-655x1280.webp\" alt=\"Detalhes da impressora t\u00e9rmica de etiquetas AS220 (3)\" class=\"wp-image-1769\" srcset=\"https:\/\/www.aiyin.com\/wp-content\/uploads\/2025\/01\/thermal-label-printer-AS220-details-3-655x1280.webp 655w, https:\/\/www.aiyin.com\/wp-content\/uploads\/2025\/01\/thermal-label-printer-AS220-details-3-768x1501.webp 768w, https:\/\/www.aiyin.com\/wp-content\/uploads\/2025\/01\/thermal-label-printer-AS220-details-3-600x1173.webp 600w, https:\/\/www.aiyin.com\/wp-content\/uploads\/2025\/01\/thermal-label-printer-AS220-details-3.webp 2000w\" sizes=\"(max-width: 655px) 100vw, 655px\" \/><\/figure>\n\n\n\n<figure class=\"wp-block-image size-large\"><img decoding=\"async\" width=\"647\" height=\"1280\" src=\"https:\/\/www.aiyin.com\/wp-content\/uploads\/2025\/02\/AS220-Product-introduction-V1.0_02-647x1280.webp\" alt=\"\" class=\"wp-image-4115\" srcset=\"https:\/\/www.aiyin.com\/wp-content\/uploads\/2025\/02\/AS220-Product-introduction-V1.0_02-647x1280.webp 647w, https:\/\/www.aiyin.com\/wp-content\/uploads\/2025\/02\/AS220-Product-introduction-V1.0_02-768x1519.webp 768w, https:\/\/www.aiyin.com\/wp-content\/uploads\/2025\/02\/AS220-Product-introduction-V1.0_02-600x1187.webp 600w\" sizes=\"(max-width: 647px) 100vw, 647px\" \/><\/figure>\n\n\n\n<figure class=\"wp-block-image size-large\"><img decoding=\"async\" width=\"886\" height=\"1280\" src=\"https:\/\/www.aiyin.com\/wp-content\/uploads\/2025\/02\/AS220-Product-introduction-V1.0_03-886x1280.webp\" alt=\"\" class=\"wp-image-4116\" srcset=\"https:\/\/www.aiyin.com\/wp-content\/uploads\/2025\/02\/AS220-Product-introduction-V1.0_03-886x1280.webp 886w, https:\/\/www.aiyin.com\/wp-content\/uploads\/2025\/02\/AS220-Product-introduction-V1.0_03-768x1110.webp 768w, https:\/\/www.aiyin.com\/wp-content\/uploads\/2025\/02\/AS220-Product-introduction-V1.0_03-600x867.webp 600w\" sizes=\"(max-width: 886px) 100vw, 886px\" \/><\/figure>\n\n\n\n<figure class=\"wp-block-image size-large\"><img decoding=\"async\" width=\"1280\" height=\"995\" src=\"https:\/\/www.aiyin.com\/wp-content\/uploads\/2025\/02\/AS220-Product-introduction-V1.0_04-1280x995.webp\" alt=\"\" class=\"wp-image-4117\" srcset=\"https:\/\/www.aiyin.com\/wp-content\/uploads\/2025\/02\/AS220-Product-introduction-V1.0_04-1280x995.webp 1280w, https:\/\/www.aiyin.com\/wp-content\/uploads\/2025\/02\/AS220-Product-introduction-V1.0_04-768x597.webp 768w, https:\/\/www.aiyin.com\/wp-content\/uploads\/2025\/02\/AS220-Product-introduction-V1.0_04-600x466.webp 600w\" sizes=\"(max-width: 1280px) 100vw, 1280px\" \/><\/figure>\n\n\n\n<figure class=\"wp-block-image size-large\"><img decoding=\"async\" width=\"1280\" height=\"1077\" src=\"https:\/\/www.aiyin.com\/wp-content\/uploads\/2025\/02\/AS220-Product-introduction-V1.0_05-1280x1077.webp\" alt=\"\" class=\"wp-image-4118\" srcset=\"https:\/\/www.aiyin.com\/wp-content\/uploads\/2025\/02\/AS220-Product-introduction-V1.0_05-1280x1077.webp 1280w, https:\/\/www.aiyin.com\/wp-content\/uploads\/2025\/02\/AS220-Product-introduction-V1.0_05-768x646.webp 768w, https:\/\/www.aiyin.com\/wp-content\/uploads\/2025\/02\/AS220-Product-introduction-V1.0_05-600x505.webp 600w\" sizes=\"(max-width: 1280px) 100vw, 1280px\" \/><\/figure>\n\n\n\n<figure class=\"wp-block-image size-large\"><img decoding=\"async\" width=\"1280\" height=\"876\" src=\"https:\/\/www.aiyin.com\/wp-content\/uploads\/2025\/01\/thermal-label-printer-AS220-details-1-1280x876.webp\" alt=\"Detalhes da impressora t\u00e9rmica de etiquetas AS220 (1)\" class=\"wp-image-1767\" srcset=\"https:\/\/www.aiyin.com\/wp-content\/uploads\/2025\/01\/thermal-label-printer-AS220-details-1-1280x876.webp 1280w, https:\/\/www.aiyin.com\/wp-content\/uploads\/2025\/01\/thermal-label-printer-AS220-details-1-768x526.webp 768w, https:\/\/www.aiyin.com\/wp-content\/uploads\/2025\/01\/thermal-label-printer-AS220-details-1-600x411.webp 600w, https:\/\/www.aiyin.com\/wp-content\/uploads\/2025\/01\/thermal-label-printer-AS220-details-1.webp 2000w\" sizes=\"(max-width: 1280px) 100vw, 1280px\" \/><\/figure>","protected":false},"excerpt":{"rendered":"<p>A impressora de etiquetas t\u00e9rmicas de rolo AS220 \u00e9 uma das melhores impressoras de etiquetas para remessa, equipada com uma bandeja de papel sem eixo de 127 mm de grande capacidade, adequada para com\u00e9rcio eletr\u00f4nico, log\u00edstica de armazenamento, varejo e outros cen\u00e1rios. Totalmente compat\u00edvel com as principais plataformas de com\u00e9rcio eletr\u00f4nico e entrega expressa internacional. O fabricante da impressora de etiquetas Aiyin fornece servi\u00e7os personalizados de OEM e ODM, entre em contato conosco para obter uma cota\u00e7\u00e3o.<\/p>\n<h2>Recursos da impressora t\u00e9rmica de etiquetas Rollo de 2,5 polegadas <span class=\"notranslate fyzs-translate-target fyzs-translate-target-wrapper\" style=\"vertical-align: inherit\"><span class=\"notranslate fyzs-translate-target fyzs-translate-target-box\" style=\"vertical-align: inherit\"><span class=\"notranslate fyzs-translate-target fyzs-translate-target-text\" style=\"vertical-align: inherit\" title=\"Recursos da impressora t\u00e9rmica de etiquetas de 2,5 polegadas - AS220\">-AS220<\/span><\/span><\/span><\/h2>\n<div>\n<p><strong>Compartimento de papel de grande capacidade:<\/strong> A impressora de etiquetas AS220 \u00e9 equipada com um compartimento de papel de 127 mm de di\u00e2metro grande, o que reduz o problema de trocas frequentes de papel.<\/p>\n<p><strong>Suporte a etiquetas de v\u00e1rios tamanhos:<\/strong> A impressora de etiquetas AS220 suporta papel de 15 a 65 mm de largura, o que pode atender \u00e0s necessidades de impress\u00e3o de etiquetas em diferentes cen\u00e1rios.<\/p>\n<p><strong>Conex\u00e3o e edi\u00e7\u00e3o de v\u00e1rios terminais:<\/strong> Suporta conex\u00e3o Bluetooth de telefone celular e USB de computador, sincroniza\u00e7\u00e3o de informa\u00e7\u00f5es de modelo na nuvem e opera\u00e7\u00e3o de edi\u00e7\u00e3o simples e conveniente.<\/p>\n<p><strong>Sistema de energia potente:<\/strong> Equipada com o mesmo motor de grande di\u00e2metro que a impressora de 4 polegadas, ela pode lidar facilmente com papel de etiqueta de v\u00e1rios materiais e espessuras.<\/p>\n<p><strong>Bot\u00f5es de fun\u00e7\u00e3o independentes:<\/strong> Equipado com bot\u00f5es independentes, como ligar, reimprimir, abrir a tampa, pausar, etc., a opera\u00e7\u00e3o \u00e9 mais conveniente e segura.<\/p>\n<p><strong>Servi\u00e7o de impress\u00e3o de etiquetas personalizadas: <\/strong>A AiYin oferece servi\u00e7os profissionais de impressoras de etiquetas personalizadas OEM e ODM. Nossos servi\u00e7os personalizados incluem apar\u00eancia, fun\u00e7\u00f5es e tipos de etiquetas personalizados, al\u00e9m de fornecer ferramentas de software eficientes.<\/p>\n<\/div>","protected":false},"featured_media":1773,"comment_status":"closed","ping_status":"closed","template":"","meta":{"_acf_changed":true},"product_brand":[],"product_cat":[38],"product_tag":[],"class_list":{"0":"post-617","1":"product","2":"type-product","3":"status-publish","4":"has-post-thumbnail","6":"product_cat-shipping-label-printer","7":"pa_industrial-grade-no","8":"pa_paper-bin-with-paper-bin","9":"pa_print-width-2-5-inches","11":"first","12":"instock","13":"shipping-taxable","14":"product-type-simple"},"acf":[],"_links":{"self":[{"href":"https:\/\/www.aiyin.com\/pt\/wp-json\/wp\/v2\/product\/617","targetHints":{"allow":["GET"]}}],"collection":[{"href":"https:\/\/www.aiyin.com\/pt\/wp-json\/wp\/v2\/product"}],"about":[{"href":"https:\/\/www.aiyin.com\/pt\/wp-json\/wp\/v2\/types\/product"}],"replies":[{"embeddable":true,"href":"https:\/\/www.aiyin.com\/pt\/wp-json\/wp\/v2\/comments?post=617"}],"wp:featuredmedia":[{"embeddable":true,"href":"https:\/\/www.aiyin.com\/pt\/wp-json\/wp\/v2\/media\/1773"}],"wp:attachment":[{"href":"https:\/\/www.aiyin.com\/pt\/wp-json\/wp\/v2\/media?parent=617"}],"wp:term":[{"taxonomy":"product_brand","embeddable":true,"href":"https:\/\/www.aiyin.com\/pt\/wp-json\/wp\/v2\/product_brand?post=617"},{"taxonomy":"product_cat","embeddable":true,"href":"https:\/\/www.aiyin.com\/pt\/wp-json\/wp\/v2\/product_cat?post=617"},{"taxonomy":"product_tag","embeddable":true,"href":"https:\/\/www.aiyin.com\/pt\/wp-json\/wp\/v2\/product_tag?post=617"}],"curies":[{"name":"wp","href":"https:\/\/api.w.org\/{rel}","templated":true}]}}