{"id":5569,"date":"2025-10-14T02:03:37","date_gmt":"2025-10-14T02:03:37","guid":{"rendered":"https:\/\/www.aiyin.com\/?post_type=product&#038;p=5569"},"modified":"2025-10-28T06:52:04","modified_gmt":"2025-10-28T06:52:04","slug":"wholesale-mini-handheld-photo-printer-p21-take-photos-immediately-and-print-them-out-you-can-also-record-videos","status":"publish","type":"product","link":"https:\/\/www.aiyin.com\/pt\/product\/wholesale-mini-handheld-photo-printer-p21-take-photos-immediately-and-print-them-out-you-can-also-record-videos\/","title":{"rendered":"Mini impressora fotogr\u00e1fica port\u00e1til no atacado - P21, tire fotos imediatamente e imprima-as. Voc\u00ea tamb\u00e9m pode gravar v\u00eddeos"},"content":{"rendered":"<h2 class=\"wp-block-heading\">Detalhes da Mini Impressora Fotogr\u00e1fica - P21<\/h2>\n\n\n\n<hr class=\"wp-block-separator has-alpha-channel-opacity\"\/>\n\n\n\n<figure class=\"wp-block-image size-full\"><img decoding=\"async\" width=\"2582\" height=\"3654\" src=\"https:\/\/www.aiyin.com\/wp-content\/uploads\/2025\/10\/P21-Handheld-Photo-Printer.webp\" alt=\"\" class=\"wp-image-5570\" srcset=\"https:\/\/www.aiyin.com\/wp-content\/uploads\/2025\/10\/P21-Handheld-Photo-Printer.webp 2582w, https:\/\/www.aiyin.com\/wp-content\/uploads\/2025\/10\/P21-Handheld-Photo-Printer-904x1280.webp 904w, https:\/\/www.aiyin.com\/wp-content\/uploads\/2025\/10\/P21-Handheld-Photo-Printer-768x1087.webp 768w, https:\/\/www.aiyin.com\/wp-content\/uploads\/2025\/10\/P21-Handheld-Photo-Printer-8x12.webp 8w, https:\/\/www.aiyin.com\/wp-content\/uploads\/2025\/10\/P21-Handheld-Photo-Printer-600x849.webp 600w\" sizes=\"(max-width: 2582px) 100vw, 2582px\" \/><\/figure>\n\n\n\n<p><\/p>","protected":false},"excerpt":{"rendered":"<p>As mini impressoras fotogr\u00e1ficas no atacado s\u00e3o muito adequadas para o esclarecimento art\u00edstico das crian\u00e7as. Essa s\u00e9rie \u00e9 equipada com uma c\u00e2mera e uma tela. Ela pode imprimir rapidamente ap\u00f3s o disparo com um clique, o que \u00e9 semelhante ao efeito da Polaroid. Ela \u00e9 adequada para cultivar a habilidade de fotografar com as m\u00e3os das crian\u00e7as e a intera\u00e7\u00e3o entre pais e filhos.<\/p>\n<h2>Recursos da Mini Impressora Fotogr\u00e1fica - P21<\/h2>\n<div>\n<p><strong>Fotografar e imprimir em um s\u00f3 lugar:<\/strong> A mini-impressora fotogr\u00e1fica tem c\u00e2meras duplas frontal e traseira, que podem facilmente tirar fotos de si mesmo ou de outras pessoas, e tem fun\u00e7\u00f5es de disparo cont\u00ednuo e temporiza\u00e7\u00e3o, proporcionando uma \u00f3tima experi\u00eancia ao usu\u00e1rio.<\/p>\n<p><strong>Cria\u00e7\u00e3o livre, estimula a criatividade das crian\u00e7as:<\/strong> 22 molduras de fotos bonitas e interessantes + 5 filtros, livres para escolher combina\u00e7\u00f5es e tirar fotos interessantes. Voc\u00ea tamb\u00e9m pode fazer grafites criativos DIY para deixar as fotos mais vivas.<\/p>\n<p><strong>Grava\u00e7\u00e3o de v\u00eddeo em HD:<\/strong> A mini impressora fotogr\u00e1fica tem uma tela colorida grande de 2,4 polegadas para apresentar claramente a grava\u00e7\u00e3o de v\u00eddeo e registrar a inf\u00e2ncia animada.<\/p>\n<p><strong>Jogos e m\u00fasica:<\/strong> Equipado com v\u00e1rios minijogos e compat\u00edvel com a reprodu\u00e7\u00e3o de m\u00fasicas.<\/p>\n<p><strong>Suporte \u00e0 personaliza\u00e7\u00e3o de OEM e ODM:<\/strong> O fabricante da impressora de etiquetas AiYin oferece suporte \u00e0 personaliza\u00e7\u00e3o OEM e ODM. Os clientes podem personalizar solu\u00e7\u00f5es exclusivas de impress\u00e3o de etiquetas de acordo com a imagem de sua pr\u00f3pria marca e necessidades espec\u00edficas.<\/p>\n<\/div>","protected":false},"featured_media":5572,"comment_status":"closed","ping_status":"closed","template":"","meta":{"_acf_changed":false},"product_brand":[],"product_cat":[21],"product_tag":[],"class_list":{"0":"post-5569","1":"product","2":"type-product","3":"status-publish","4":"has-post-thumbnail","6":"product_cat-home-office-printer","7":"pa_function-photo-printer","8":"pa_print-width-2-inches","10":"first","11":"instock","12":"shipping-taxable","13":"product-type-simple"},"acf":[],"_links":{"self":[{"href":"https:\/\/www.aiyin.com\/pt\/wp-json\/wp\/v2\/product\/5569","targetHints":{"allow":["GET"]}}],"collection":[{"href":"https:\/\/www.aiyin.com\/pt\/wp-json\/wp\/v2\/product"}],"about":[{"href":"https:\/\/www.aiyin.com\/pt\/wp-json\/wp\/v2\/types\/product"}],"replies":[{"embeddable":true,"href":"https:\/\/www.aiyin.com\/pt\/wp-json\/wp\/v2\/comments?post=5569"}],"wp:featuredmedia":[{"embeddable":true,"href":"https:\/\/www.aiyin.com\/pt\/wp-json\/wp\/v2\/media\/5572"}],"wp:attachment":[{"href":"https:\/\/www.aiyin.com\/pt\/wp-json\/wp\/v2\/media?parent=5569"}],"wp:term":[{"taxonomy":"product_brand","embeddable":true,"href":"https:\/\/www.aiyin.com\/pt\/wp-json\/wp\/v2\/product_brand?post=5569"},{"taxonomy":"product_cat","embeddable":true,"href":"https:\/\/www.aiyin.com\/pt\/wp-json\/wp\/v2\/product_cat?post=5569"},{"taxonomy":"product_tag","embeddable":true,"href":"https:\/\/www.aiyin.com\/pt\/wp-json\/wp\/v2\/product_tag?post=5569"}],"curies":[{"name":"wp","href":"https:\/\/api.w.org\/{rel}","templated":true}]}}