{"id":4968,"date":"2025-02-20T05:00:38","date_gmt":"2025-02-20T05:00:38","guid":{"rendered":"https:\/\/www.aiyin.com\/?post_type=product&#038;p=4968"},"modified":"2025-07-18T23:16:54","modified_gmt":"2025-07-18T23:16:54","slug":"wholesale-thermal-printer-paper-rolls-100-x-150mm","status":"publish","type":"product","link":"https:\/\/www.aiyin.com\/pt\/product\/wholesale-thermal-printer-paper-rolls-100-x-150mm\/","title":{"rendered":"Rolos de papel para impressora t\u00e9rmica no atacado 100 \u00d7 150 mm - adequado para impressora de etiquetas de remessa"},"content":{"rendered":"<h2 class=\"wp-block-heading\">Detalhes dos rolos de papel para impressora t\u00e9rmica <\/h2>\n\n\n\n<hr class=\"wp-block-separator has-alpha-channel-opacity\"\/>\n\n\n\n<div class=\"wp-block-columns is-layout-flex wp-container-core-columns-is-layout-9d6595d7 wp-block-columns-is-layout-flex\">\n<div class=\"wp-block-column is-layout-flow wp-block-column-is-layout-flow\">\n<figure class=\"wp-block-image size-full\"><img decoding=\"async\" width=\"720\" height=\"720\" src=\"https:\/\/www.aiyin.com\/wp-content\/uploads\/2025\/07\/100x150-4x6-3-proof-Direct-Thermal-Printing-Paper7.webp\" alt=\"\" class=\"wp-image-4969\" srcset=\"https:\/\/www.aiyin.com\/wp-content\/uploads\/2025\/07\/100x150-4x6-3-proof-Direct-Thermal-Printing-Paper7.webp 720w, https:\/\/www.aiyin.com\/wp-content\/uploads\/2025\/07\/100x150-4x6-3-proof-Direct-Thermal-Printing-Paper7-150x150.webp 150w, https:\/\/www.aiyin.com\/wp-content\/uploads\/2025\/07\/100x150-4x6-3-proof-Direct-Thermal-Printing-Paper7-12x12.webp 12w, https:\/\/www.aiyin.com\/wp-content\/uploads\/2025\/07\/100x150-4x6-3-proof-Direct-Thermal-Printing-Paper7-300x300.webp 300w, https:\/\/www.aiyin.com\/wp-content\/uploads\/2025\/07\/100x150-4x6-3-proof-Direct-Thermal-Printing-Paper7-600x600.webp 600w, https:\/\/www.aiyin.com\/wp-content\/uploads\/2025\/07\/100x150-4x6-3-proof-Direct-Thermal-Printing-Paper7-100x100.webp 100w\" sizes=\"(max-width: 720px) 100vw, 720px\" \/><\/figure>\n<\/div>\n\n\n\n<div class=\"wp-block-column is-layout-flow wp-block-column-is-layout-flow\">\n<figure class=\"wp-block-image size-full\"><img decoding=\"async\" width=\"720\" height=\"720\" src=\"https:\/\/www.aiyin.com\/wp-content\/uploads\/2025\/07\/100x150-4x6-3-proof-Direct-Thermal-Printing-Paper8.webp\" alt=\"\" class=\"wp-image-4970\" srcset=\"https:\/\/www.aiyin.com\/wp-content\/uploads\/2025\/07\/100x150-4x6-3-proof-Direct-Thermal-Printing-Paper8.webp 720w, https:\/\/www.aiyin.com\/wp-content\/uploads\/2025\/07\/100x150-4x6-3-proof-Direct-Thermal-Printing-Paper8-150x150.webp 150w, https:\/\/www.aiyin.com\/wp-content\/uploads\/2025\/07\/100x150-4x6-3-proof-Direct-Thermal-Printing-Paper8-12x12.webp 12w, https:\/\/www.aiyin.com\/wp-content\/uploads\/2025\/07\/100x150-4x6-3-proof-Direct-Thermal-Printing-Paper8-300x300.webp 300w, https:\/\/www.aiyin.com\/wp-content\/uploads\/2025\/07\/100x150-4x6-3-proof-Direct-Thermal-Printing-Paper8-600x600.webp 600w, https:\/\/www.aiyin.com\/wp-content\/uploads\/2025\/07\/100x150-4x6-3-proof-Direct-Thermal-Printing-Paper8-100x100.webp 100w\" sizes=\"(max-width: 720px) 100vw, 720px\" \/><\/figure>\n<\/div>\n<\/div>","protected":false},"excerpt":{"rendered":"<p>Rolos de papel para impressora t\u00e9rmica no atacado para etiquetas de remessa, projetados para impress\u00e3o n\u00edtida e dur\u00e1vel, compat\u00edveis com as principais impressoras t\u00e9rmicas, ideais para aplica\u00e7\u00f5es de com\u00e9rcio eletr\u00f4nico, gerenciamento de dep\u00f3sitos e log\u00edstica.<\/p>\n<h2>Caracter\u00edsticas dos rolos de papel para impressoras t\u00e9rmicas<\/h2>\n<div>\n<p><strong>Impress\u00e3o clara:<\/strong> Usando materiais t\u00e9rmicos de alta qualidade, ele suporta a impress\u00e3o n\u00edtida de c\u00f3digos QR, c\u00f3digos de barras, informa\u00e7\u00f5es de endere\u00e7o, etc., garantindo uma leitura expressa sem problemas.<\/p>\n<p><strong>Forte viscosidade:<\/strong> Com forte viscosidade, ele pode ser firmemente fixado \u00e0 superf\u00edcie de diferentes materiais, como caixas de papel\u00e3o, embalagens pl\u00e1sticas e sacolas expressas, para evitar quedas ou danos durante o transporte.<\/p>\n<p><strong>\u00c0 prova d'\u00e1gua e resistente ao desgaste:<\/strong> Ele tem excelentes propriedades \u00e0 prova d'\u00e1gua, \u00e0 prova de \u00f3leo e resistente a arranh\u00f5es. Mesmo em dias \u00famidos e chuvosos ou em transportes de longa dist\u00e2ncia, as informa\u00e7\u00f5es log\u00edsticas ainda podem permanecer completas e claras.<\/p>\n<p><strong>Aplic\u00e1vel a uma variedade de cen\u00e1rios:<\/strong> Adequado para entrega de pedidos de com\u00e9rcio eletr\u00f4nico, pedidos de log\u00edstica expressa, gerenciamento de estoque de armaz\u00e9m, etiquetas de frete internacional, etc.<\/p>\n<\/div>","protected":false},"featured_media":4971,"comment_status":"closed","ping_status":"closed","template":"","meta":{"_acf_changed":true},"product_brand":[],"product_cat":[120],"product_tag":[],"class_list":{"0":"post-4968","1":"product","2":"type-product","3":"status-publish","4":"has-post-thumbnail","6":"product_cat-wholesale-thermal-paper-rolls","7":"pa_paper-for-shipping-label-printer","9":"first","10":"instock","11":"shipping-taxable","12":"product-type-simple"},"acf":[],"_links":{"self":[{"href":"https:\/\/www.aiyin.com\/pt\/wp-json\/wp\/v2\/product\/4968","targetHints":{"allow":["GET"]}}],"collection":[{"href":"https:\/\/www.aiyin.com\/pt\/wp-json\/wp\/v2\/product"}],"about":[{"href":"https:\/\/www.aiyin.com\/pt\/wp-json\/wp\/v2\/types\/product"}],"replies":[{"embeddable":true,"href":"https:\/\/www.aiyin.com\/pt\/wp-json\/wp\/v2\/comments?post=4968"}],"wp:featuredmedia":[{"embeddable":true,"href":"https:\/\/www.aiyin.com\/pt\/wp-json\/wp\/v2\/media\/4971"}],"wp:attachment":[{"href":"https:\/\/www.aiyin.com\/pt\/wp-json\/wp\/v2\/media?parent=4968"}],"wp:term":[{"taxonomy":"product_brand","embeddable":true,"href":"https:\/\/www.aiyin.com\/pt\/wp-json\/wp\/v2\/product_brand?post=4968"},{"taxonomy":"product_cat","embeddable":true,"href":"https:\/\/www.aiyin.com\/pt\/wp-json\/wp\/v2\/product_cat?post=4968"},{"taxonomy":"product_tag","embeddable":true,"href":"https:\/\/www.aiyin.com\/pt\/wp-json\/wp\/v2\/product_tag?post=4968"}],"curies":[{"name":"wp","href":"https:\/\/api.w.org\/{rel}","templated":true}]}}