{"id":4960,"date":"2025-02-20T01:30:17","date_gmt":"2025-02-20T01:30:17","guid":{"rendered":"https:\/\/www.aiyin.com\/?post_type=product&#038;p=4960"},"modified":"2025-07-18T23:08:43","modified_gmt":"2025-07-18T23:08:43","slug":"wholesale-a4-thermal-folded-paper","status":"publish","type":"product","link":"https:\/\/www.aiyin.com\/pt\/product\/wholesale-a4-thermal-folded-paper\/","title":{"rendered":"Papel t\u00e9rmico dobrado A4 no atacado - Adequado para a s\u00e9rie de impressoras t\u00e9rmicas AiYin A4"},"content":{"rendered":"<h2 class=\"wp-block-heading\">Detalhes do papel t\u00e9rmico dobrado A4<\/h2>\n\n\n\n<hr class=\"wp-block-separator has-alpha-channel-opacity\"\/>\n\n\n\n<figure class=\"wp-block-image size-full\"><img decoding=\"async\" width=\"720\" height=\"719\" src=\"https:\/\/www.aiyin.com\/wp-content\/uploads\/2025\/07\/Thermal-Paper-for-A4-Thermal-Printer.webp\" alt=\"\" class=\"wp-image-4961\" srcset=\"https:\/\/www.aiyin.com\/wp-content\/uploads\/2025\/07\/Thermal-Paper-for-A4-Thermal-Printer.webp 720w, https:\/\/www.aiyin.com\/wp-content\/uploads\/2025\/07\/Thermal-Paper-for-A4-Thermal-Printer-150x150.webp 150w, https:\/\/www.aiyin.com\/wp-content\/uploads\/2025\/07\/Thermal-Paper-for-A4-Thermal-Printer-12x12.webp 12w, https:\/\/www.aiyin.com\/wp-content\/uploads\/2025\/07\/Thermal-Paper-for-A4-Thermal-Printer-300x300.webp 300w, https:\/\/www.aiyin.com\/wp-content\/uploads\/2025\/07\/Thermal-Paper-for-A4-Thermal-Printer-600x599.webp 600w, https:\/\/www.aiyin.com\/wp-content\/uploads\/2025\/07\/Thermal-Paper-for-A4-Thermal-Printer-100x100.webp 100w\" sizes=\"(max-width: 720px) 100vw, 720px\" \/><\/figure>\n\n\n\n<figure class=\"wp-block-image size-full\"><img decoding=\"async\" width=\"720\" height=\"652\" src=\"https:\/\/www.aiyin.com\/wp-content\/uploads\/2025\/07\/Thermal-Paper-for-A4-Thermal-Printer-2.webp\" alt=\"\" class=\"wp-image-4962\" srcset=\"https:\/\/www.aiyin.com\/wp-content\/uploads\/2025\/07\/Thermal-Paper-for-A4-Thermal-Printer-2.webp 720w, https:\/\/www.aiyin.com\/wp-content\/uploads\/2025\/07\/Thermal-Paper-for-A4-Thermal-Printer-2-13x12.webp 13w, https:\/\/www.aiyin.com\/wp-content\/uploads\/2025\/07\/Thermal-Paper-for-A4-Thermal-Printer-2-600x543.webp 600w\" sizes=\"(max-width: 720px) 100vw, 720px\" \/><\/figure>\n\n\n\n<figure class=\"wp-block-image size-full\"><img decoding=\"async\" width=\"1000\" height=\"1000\" src=\"https:\/\/www.aiyin.com\/wp-content\/uploads\/2025\/07\/Thermal-Paper-for-A4-Thermal-Printer-3.webp\" alt=\"\" class=\"wp-image-4963\" srcset=\"https:\/\/www.aiyin.com\/wp-content\/uploads\/2025\/07\/Thermal-Paper-for-A4-Thermal-Printer-3.webp 1000w, https:\/\/www.aiyin.com\/wp-content\/uploads\/2025\/07\/Thermal-Paper-for-A4-Thermal-Printer-3-150x150.webp 150w, https:\/\/www.aiyin.com\/wp-content\/uploads\/2025\/07\/Thermal-Paper-for-A4-Thermal-Printer-3-768x768.webp 768w, https:\/\/www.aiyin.com\/wp-content\/uploads\/2025\/07\/Thermal-Paper-for-A4-Thermal-Printer-3-12x12.webp 12w, https:\/\/www.aiyin.com\/wp-content\/uploads\/2025\/07\/Thermal-Paper-for-A4-Thermal-Printer-3-300x300.webp 300w, https:\/\/www.aiyin.com\/wp-content\/uploads\/2025\/07\/Thermal-Paper-for-A4-Thermal-Printer-3-600x600.webp 600w, https:\/\/www.aiyin.com\/wp-content\/uploads\/2025\/07\/Thermal-Paper-for-A4-Thermal-Printer-3-100x100.webp 100w\" sizes=\"(max-width: 1000px) 100vw, 1000px\" \/><\/figure>","protected":false},"excerpt":{"rendered":"<p>Papel t\u00e9rmico A4 no atacado, perfeito para empresas e escrit\u00f3rios, ideal para produzir documentos, relat\u00f3rios e etiquetas n\u00edtidos e claros. Compre em grandes quantidades e aproveite um pre\u00e7o com desconto. Entre em contato conosco.<\/p>\n<h2>Recursos do papel t\u00e9rmico A4<\/h2>\n<div>\n<p><strong>Ampla gama de usos:<\/strong> Esse papel t\u00e9rmico \u00e9 adequado para uma variedade de aplica\u00e7\u00f5es; ele n\u00e3o s\u00f3 pode ser usado para esbo\u00e7os de design e cria\u00e7\u00e3o art\u00edstica, mas tamb\u00e9m \u00e9 muito adequado para imprimir contas, relat\u00f3rios de manuten\u00e7\u00e3o, recibos e outros documentos.<\/p>\n<p><strong>Impress\u00e3o n\u00edtida e de longa dura\u00e7\u00e3o:<\/strong> Nosso papel t\u00e9rmico \u00e9 feito de materiais adequados para impress\u00e3o t\u00e9rmica, portanto, imprime com clareza e \u00e9 f\u00e1cil de armazenar por um longo per\u00edodo.<\/p>\n<p><strong>Compatibilidade perfeita com a s\u00e9rie AiYin A4:<\/strong> Esse papel t\u00e9rmico A4 foi especialmente projetado para a s\u00e9rie de impressoras t\u00e9rmicas AiYin A4, proporcionando alinhamento preciso e exatid\u00e3o na alimenta\u00e7\u00e3o de papel.<\/p>\n<p><strong>Favor\u00e1vel ao meio ambiente:<\/strong> Como a impress\u00e3o t\u00e9rmica n\u00e3o requer tinta ou toner, \u00e9 uma op\u00e7\u00e3o ecologicamente correta que reduz o desperd\u00edcio e a necessidade de consum\u00edveis adicionais.<\/p>\n<\/div>","protected":false},"featured_media":4961,"comment_status":"closed","ping_status":"closed","template":"","meta":{"_acf_changed":true},"product_brand":[],"product_cat":[120],"product_tag":[],"class_list":{"0":"post-4960","1":"product","2":"type-product","3":"status-publish","4":"has-post-thumbnail","6":"product_cat-wholesale-thermal-paper-rolls","7":"pa_paper-for-letter-a4-thermal-printer","9":"first","10":"instock","11":"shipping-taxable","12":"product-type-simple"},"acf":[],"_links":{"self":[{"href":"https:\/\/www.aiyin.com\/pt\/wp-json\/wp\/v2\/product\/4960","targetHints":{"allow":["GET"]}}],"collection":[{"href":"https:\/\/www.aiyin.com\/pt\/wp-json\/wp\/v2\/product"}],"about":[{"href":"https:\/\/www.aiyin.com\/pt\/wp-json\/wp\/v2\/types\/product"}],"replies":[{"embeddable":true,"href":"https:\/\/www.aiyin.com\/pt\/wp-json\/wp\/v2\/comments?post=4960"}],"wp:featuredmedia":[{"embeddable":true,"href":"https:\/\/www.aiyin.com\/pt\/wp-json\/wp\/v2\/media\/4961"}],"wp:attachment":[{"href":"https:\/\/www.aiyin.com\/pt\/wp-json\/wp\/v2\/media?parent=4960"}],"wp:term":[{"taxonomy":"product_brand","embeddable":true,"href":"https:\/\/www.aiyin.com\/pt\/wp-json\/wp\/v2\/product_brand?post=4960"},{"taxonomy":"product_cat","embeddable":true,"href":"https:\/\/www.aiyin.com\/pt\/wp-json\/wp\/v2\/product_cat?post=4960"},{"taxonomy":"product_tag","embeddable":true,"href":"https:\/\/www.aiyin.com\/pt\/wp-json\/wp\/v2\/product_tag?post=4960"}],"curies":[{"name":"wp","href":"https:\/\/api.w.org\/{rel}","templated":true}]}}