{"id":4787,"date":"2025-02-20T09:50:11","date_gmt":"2025-02-20T09:50:11","guid":{"rendered":"https:\/\/www.aiyin.com\/?post_type=product&#038;p=4787"},"modified":"2025-07-11T07:47:15","modified_gmt":"2025-07-11T07:47:15","slug":"wholesale-a4-portable-thermal-printer-a10","status":"publish","type":"product","link":"https:\/\/www.aiyin.com\/pt\/product\/wholesale-a4-portable-thermal-printer-a10\/","title":{"rendered":"Impressora t\u00e9rmica port\u00e1til A4 por atacado - A10, , software de edi\u00e7\u00e3o de ofertas, suporte a conex\u00e3o sem fio"},"content":{"rendered":"<h2 class=\"wp-block-heading\">Detalhes da impressora t\u00e9rmica port\u00e1til A4 - A10<\/h2>\n\n\n\n<hr class=\"wp-block-separator has-alpha-channel-opacity\"\/>\n\n\n\n<figure class=\"wp-block-image size-full\"><img decoding=\"async\" width=\"905\" height=\"1280\" src=\"https:\/\/www.aiyin.com\/wp-content\/uploads\/2025\/02\/A4-Portable-Thermal-Printer-Details-1.webp\" alt=\"Detalhes da impressora t\u00e9rmica port\u00e1til A4 (1)\" class=\"wp-image-4833\" srcset=\"https:\/\/www.aiyin.com\/wp-content\/uploads\/2025\/02\/A4-Portable-Thermal-Printer-Details-1.webp 905w, https:\/\/www.aiyin.com\/wp-content\/uploads\/2025\/02\/A4-Portable-Thermal-Printer-Details-1-768x1086.webp 768w, https:\/\/www.aiyin.com\/wp-content\/uploads\/2025\/02\/A4-Portable-Thermal-Printer-Details-1-8x12.webp 8w, https:\/\/www.aiyin.com\/wp-content\/uploads\/2025\/02\/A4-Portable-Thermal-Printer-Details-1-600x849.webp 600w\" sizes=\"(max-width: 905px) 100vw, 905px\" \/><\/figure>","protected":false},"excerpt":{"rendered":"<p>As impressoras t\u00e9rmicas port\u00e1teis A4 no atacado podem lidar facilmente com uma variedade de documentos, desde documentos A4 at\u00e9 etiquetas e recibos de remessa. Equipada com bateria de 1800 mAh e compat\u00edvel com conex\u00e3o sem fio Bluetooth, ela atende a diversos cen\u00e1rios de uso e \u00e9 muito adequada para compradores atacadistas que visam estudantes, trabalhadores remotos e pequenas empresas. Essa s\u00e9rie \u00e9 compat\u00edvel com OEM e ODM. Entre em contato conosco para obter uma cota\u00e7\u00e3o.<\/p>\n<h2>Recursos da impressora t\u00e9rmica port\u00e1til A4 - A10<\/h2>\n<div>\n<p><strong>Aplicativo inteligente:<\/strong> Oferece suporte ao gerenciamento de tarefas de impress\u00e3o por meio do aplicativo oficial AiYin. Os usu\u00e1rios podem facilmente editar arquivos, selecionar formatos de impress\u00e3o, definir modelos, etc., realizar o controle remoto sem fio e melhorar a efici\u00eancia do trabalho.<\/p>\n<p><strong>Bateria de longa dura\u00e7\u00e3o:<\/strong> Bateria de l\u00edtio recarreg\u00e1vel de 1800mAh integrada, uma carga pode atender ao uso cont\u00ednuo de longo prazo, adequada para escrit\u00f3rios m\u00f3veis, viagens de neg\u00f3cios ao ar livre e outros cen\u00e1rios.<\/p>\n<p><strong>Adapta-se a v\u00e1rios tamanhos de papel:<\/strong> Suporta v\u00e1rios ajustes de largura de papel de 56 mm a 216 mm, atendendo \u00e0s diversas necessidades de impress\u00e3o de documentos de tamanho A4, papel de etiqueta, faturas, recibos, ordens de transporte, fotos, p\u00f4steres etc.<\/p>\n<p><strong>Design leve:<\/strong> O corpo compacto tem apenas 250\u00d733\u00d753 mm e pesa 415 g. Ele pode ser facilmente armazenado em uma mochila ou gaveta e \u00e9 extremamente port\u00e1til.<\/p>\n<p><strong>Suporte a OEM e ODM:<\/strong> A impressora t\u00e9rmica AiYin pode fornecer servi\u00e7os de personaliza\u00e7\u00e3o detalhada para pedidos em massa, ajudando a criar produtos de sua marca exclusiva.<\/p>\n<\/div>","protected":false},"featured_media":4829,"comment_status":"closed","ping_status":"closed","template":"","meta":{"_acf_changed":true},"product_brand":[],"product_cat":[21],"product_tag":[],"class_list":{"0":"post-4787","1":"product","2":"type-product","3":"status-publish","4":"has-post-thumbnail","6":"product_cat-home-office-printer","7":"pa_function-letter-a4-thermal-printer","8":"pa_print-width-8-inches","10":"first","11":"instock","12":"shipping-taxable","13":"product-type-simple"},"acf":[],"_links":{"self":[{"href":"https:\/\/www.aiyin.com\/pt\/wp-json\/wp\/v2\/product\/4787","targetHints":{"allow":["GET"]}}],"collection":[{"href":"https:\/\/www.aiyin.com\/pt\/wp-json\/wp\/v2\/product"}],"about":[{"href":"https:\/\/www.aiyin.com\/pt\/wp-json\/wp\/v2\/types\/product"}],"replies":[{"embeddable":true,"href":"https:\/\/www.aiyin.com\/pt\/wp-json\/wp\/v2\/comments?post=4787"}],"wp:featuredmedia":[{"embeddable":true,"href":"https:\/\/www.aiyin.com\/pt\/wp-json\/wp\/v2\/media\/4829"}],"wp:attachment":[{"href":"https:\/\/www.aiyin.com\/pt\/wp-json\/wp\/v2\/media?parent=4787"}],"wp:term":[{"taxonomy":"product_brand","embeddable":true,"href":"https:\/\/www.aiyin.com\/pt\/wp-json\/wp\/v2\/product_brand?post=4787"},{"taxonomy":"product_cat","embeddable":true,"href":"https:\/\/www.aiyin.com\/pt\/wp-json\/wp\/v2\/product_cat?post=4787"},{"taxonomy":"product_tag","embeddable":true,"href":"https:\/\/www.aiyin.com\/pt\/wp-json\/wp\/v2\/product_tag?post=4787"}],"curies":[{"name":"wp","href":"https:\/\/api.w.org\/{rel}","templated":true}]}}