{"id":4780,"date":"2025-02-22T07:27:23","date_gmt":"2025-02-22T07:27:23","guid":{"rendered":"https:\/\/www.aiyin.com\/?post_type=product&#038;p=4780"},"modified":"2025-07-11T07:52:40","modified_gmt":"2025-07-11T07:52:40","slug":"wholesale-mobile-pocket-label-printer-q3","status":"publish","type":"product","link":"https:\/\/www.aiyin.com\/pt\/product\/wholesale-mobile-pocket-label-printer-q3\/","title":{"rendered":"Atacado Impressora de etiquetas de bolso m\u00f3vel de 2 polegadas para iPhone - Q3, suporte a Bluetooth, f\u00e1cil de operar"},"content":{"rendered":"<h2 class=\"wp-block-heading\">Detalhes da impressora m\u00f3vel de bolso - Q3<\/h2>\n\n\n\n<hr class=\"wp-block-separator has-alpha-channel-opacity\"\/>\n\n\n\n<figure class=\"wp-block-image size-full\"><img decoding=\"async\" width=\"905\" height=\"1280\" src=\"https:\/\/www.aiyin.com\/wp-content\/uploads\/2025\/02\/Mobile-Pocket-Label-Printer-Q3-Details-1.webp\" alt=\"Detalhes da impressora de etiquetas de bolso m\u00f3vel Q3 (1)\" class=\"wp-image-4826\" srcset=\"https:\/\/www.aiyin.com\/wp-content\/uploads\/2025\/02\/Mobile-Pocket-Label-Printer-Q3-Details-1.webp 905w, https:\/\/www.aiyin.com\/wp-content\/uploads\/2025\/02\/Mobile-Pocket-Label-Printer-Q3-Details-1-768x1086.webp 768w, https:\/\/www.aiyin.com\/wp-content\/uploads\/2025\/02\/Mobile-Pocket-Label-Printer-Q3-Details-1-8x12.webp 8w, https:\/\/www.aiyin.com\/wp-content\/uploads\/2025\/02\/Mobile-Pocket-Label-Printer-Q3-Details-1-600x849.webp 600w\" sizes=\"(max-width: 905px) 100vw, 905px\" \/><\/figure>","protected":false},"excerpt":{"rendered":"<p>A impressora de etiquetas t\u00e9rmica de bolso port\u00e1til de 2 polegadas no atacado pode imprimir etiquetas, adesivos, recibos, memorandos e fotos n\u00edtidos e claros. F\u00e1cil de operar por meio de aplicativo m\u00f3vel, fornecendo solu\u00e7\u00f5es pr\u00e1ticas e criativas para as necessidades di\u00e1rias de etiquetagem. Suporte a OEM e ODM, entre em contato conosco para obter uma cota\u00e7\u00e3o.<\/p>\n<h2>Recursos da impressora t\u00e9rmica de bolso port\u00e1til para etiquetas - Q3<\/h2>\n<div>\n<p><strong>Port\u00e1til e f\u00e1cil de transportar:<\/strong> A Mobile Pocket Label Printer pode ser facilmente colocada em um bolso ou em uma bolsa, sem nenhum peso, para que a impress\u00e3o n\u00e3o fique mais restrita a lugar e hora.<\/p>\n<p><strong>Impress\u00e3o multifuncional:<\/strong> A Mobile Pocket Label Printer Q3 \u00e9 um dispositivo de impress\u00e3o inteligente que integra impress\u00e3o de fotos, cria\u00e7\u00e3o de etiquetas, personaliza\u00e7\u00e3o de adesivos, escrita de notas e sa\u00edda de listas.<\/p>\n<p><strong>Conex\u00e3o r\u00e1pida:<\/strong> Por meio do aplicativo inteligente exclusivo \"Iyin\", os usu\u00e1rios podem editar textos, inserir imagens e usar modelos avan\u00e7ados em seus telefones celulares para realmente obter uma experi\u00eancia de impress\u00e3o instant\u00e2nea do tipo \"o que voc\u00ea v\u00ea \u00e9 o que voc\u00ea obt\u00e9m\".<\/p>\n<p><strong>Baixo custo de manuten\u00e7\u00e3o:<\/strong> A Mobile Pocket Label Printer Q3 n\u00e3o exige a substitui\u00e7\u00e3o regular de cartuchos de tinta ou fitas de carbono, e o papel t\u00e9rmico \u00e9 barato, o dispositivo \u00e9 simples de usar e n\u00e3o exige manuten\u00e7\u00e3o complicada.<\/p>\n<p><strong>Assistente familiar perfeito:<\/strong> A Mobile Pocket Label Printer Q3 pode facilmente imprimir etiquetas, classificar e marcar itens como temperos de cozinha, datas de validade de medicamentos e arquivamento de arquivos. Ela tamb\u00e9m pode imprimir adesivos de anivers\u00e1rio e sauda\u00e7\u00f5es de feriados para registrar a vida familiar.<\/p>\n<\/div>","protected":false},"featured_media":4822,"comment_status":"closed","ping_status":"closed","template":"","meta":{"_acf_changed":false},"product_brand":[],"product_cat":[21],"product_tag":[],"class_list":{"0":"post-4780","1":"product","2":"type-product","3":"status-publish","4":"has-post-thumbnail","6":"product_cat-home-office-printer","7":"pa_function-mini-printer","8":"pa_print-width-2-inches","10":"first","11":"instock","12":"shipping-taxable","13":"product-type-simple"},"acf":[],"_links":{"self":[{"href":"https:\/\/www.aiyin.com\/pt\/wp-json\/wp\/v2\/product\/4780","targetHints":{"allow":["GET"]}}],"collection":[{"href":"https:\/\/www.aiyin.com\/pt\/wp-json\/wp\/v2\/product"}],"about":[{"href":"https:\/\/www.aiyin.com\/pt\/wp-json\/wp\/v2\/types\/product"}],"replies":[{"embeddable":true,"href":"https:\/\/www.aiyin.com\/pt\/wp-json\/wp\/v2\/comments?post=4780"}],"wp:featuredmedia":[{"embeddable":true,"href":"https:\/\/www.aiyin.com\/pt\/wp-json\/wp\/v2\/media\/4822"}],"wp:attachment":[{"href":"https:\/\/www.aiyin.com\/pt\/wp-json\/wp\/v2\/media?parent=4780"}],"wp:term":[{"taxonomy":"product_brand","embeddable":true,"href":"https:\/\/www.aiyin.com\/pt\/wp-json\/wp\/v2\/product_brand?post=4780"},{"taxonomy":"product_cat","embeddable":true,"href":"https:\/\/www.aiyin.com\/pt\/wp-json\/wp\/v2\/product_cat?post=4780"},{"taxonomy":"product_tag","embeddable":true,"href":"https:\/\/www.aiyin.com\/pt\/wp-json\/wp\/v2\/product_tag?post=4780"}],"curies":[{"name":"wp","href":"https:\/\/api.w.org\/{rel}","templated":true}]}}