{"id":4773,"date":"2025-04-18T06:04:23","date_gmt":"2025-04-18T06:04:23","guid":{"rendered":"https:\/\/www.aiyin.com\/?post_type=product&#038;p=4773"},"modified":"2025-06-16T02:06:34","modified_gmt":"2025-06-16T02:06:34","slug":"wholesale-2-inch-wireless-mini-label-printer-b23b","status":"publish","type":"product","link":"https:\/\/www.aiyin.com\/pt\/product\/wholesale-2-inch-wireless-mini-label-printer-b23b\/","title":{"rendered":"Atacado Mini impressora de etiquetas sem fio de 2 polegadas - B23b - Fabricante de mini impressora de etiquetas AiYin"},"content":{"rendered":"<h2 class=\"wp-block-heading\">Detalhes da mini impressora de etiquetas sem fio - B23b<\/h2>\n\n\n\n<hr class=\"wp-block-separator has-alpha-channel-opacity\"\/>\n\n\n\n<figure class=\"wp-block-image size-full\"><img decoding=\"async\" width=\"905\" height=\"1280\" src=\"https:\/\/www.aiyin.com\/wp-content\/uploads\/2025\/04\/B23b-Wireless-Mini-Label-Printer-Details-1.webp\" alt=\"Detalhes da mini impressora de etiquetas sem fio B23b (1)\" class=\"wp-image-4815\" srcset=\"https:\/\/www.aiyin.com\/wp-content\/uploads\/2025\/04\/B23b-Wireless-Mini-Label-Printer-Details-1.webp 905w, https:\/\/www.aiyin.com\/wp-content\/uploads\/2025\/04\/B23b-Wireless-Mini-Label-Printer-Details-1-768x1086.webp 768w, https:\/\/www.aiyin.com\/wp-content\/uploads\/2025\/04\/B23b-Wireless-Mini-Label-Printer-Details-1-8x12.webp 8w, https:\/\/www.aiyin.com\/wp-content\/uploads\/2025\/04\/B23b-Wireless-Mini-Label-Printer-Details-1-600x849.webp 600w\" sizes=\"(max-width: 905px) 100vw, 905px\" \/><\/figure>","protected":false},"excerpt":{"rendered":"<p>Atacado Mini impressora de etiquetas sem fio de 2 polegadas, impressora m\u00f3vel multifuncional - b23b, suporta v\u00e1rios tipos de papel, oferece suporte a aplicativos e fornece modelos f\u00e1ceis de usar para impress\u00e3o r\u00e1pida e f\u00e1cil de etiquetas personalizadas, c\u00f3digos de barras e recibos. Suporta OEM e ODM, entre em contato conosco para obter uma cota\u00e7\u00e3o.<\/p>\n<h2>Recursos da mini impressora de etiquetas sem fio - B23b<\/h2>\n<div>\n<p><strong>F\u00e1cil de usar:<\/strong> Com a facilidade de uso em sua ess\u00eancia, a mini impressora de etiquetas B23b tem uma interface amig\u00e1vel e um design minimalista que \u00e9 f\u00e1cil de usar por qualquer pessoa.<\/p>\n<p><strong>Conex\u00e3o Bluetooth sem fio:<\/strong> Com a tecnologia Bluetooth integrada, a mini impressora de etiquetas B23b pode se conectar \u00e0 impressora de qualquer lugar dentro do alcance do Bluetooth, economizando espa\u00e7o na \u00e1rea de trabalho.<\/p>\n<p><strong>Constru\u00e7\u00e3o leve e port\u00e1til:<\/strong> O B23b apresenta um design leve e cabe facilmente em mochilas, bolsas e gavetas pequenas, sendo, portanto, ideal para uso dom\u00e9stico ou em viagens.<\/p>\n<p><strong>Capacidade de impress\u00e3o multiuso:<\/strong> O B23b \u00e9 capaz de imprimir em v\u00e1rios tipos de papel, como papel de recibo, etiquetas autoadesivas e papel de etiqueta comum, e \u00e9 \u00fatil para imprimir c\u00f3digos de barras de invent\u00e1rio, recibos e assim por diante.<\/p>\n<p><strong>Boa qualidade de impress\u00e3o:<\/strong> A B23b produz uma qualidade de impress\u00e3o de 203 dpi (pontos por polegada), portanto, suas etiquetas, c\u00f3digos de barras e textos s\u00e3o claros e facilmente leg\u00edveis.<\/p>\n<p><strong>Design adequado para crian\u00e7as:<\/strong> Para atender a prop\u00f3sitos de seguran\u00e7a e facilidade de opera\u00e7\u00e3o, o B23b \u00e9 particularmente adequado para crian\u00e7as e \u00e9 uma ferramenta eficaz para estimular a criatividade delas.<\/p>\n<\/div>","protected":false},"featured_media":4817,"comment_status":"closed","ping_status":"closed","template":"","meta":{"_acf_changed":true},"product_brand":[],"product_cat":[21],"product_tag":[],"class_list":{"0":"post-4773","1":"product","2":"type-product","3":"status-publish","4":"has-post-thumbnail","6":"product_cat-home-office-printer","7":"pa_function-mini-printer","8":"pa_print-width-2-inches","10":"first","11":"instock","12":"shipping-taxable","13":"product-type-simple"},"acf":[],"_links":{"self":[{"href":"https:\/\/www.aiyin.com\/pt\/wp-json\/wp\/v2\/product\/4773","targetHints":{"allow":["GET"]}}],"collection":[{"href":"https:\/\/www.aiyin.com\/pt\/wp-json\/wp\/v2\/product"}],"about":[{"href":"https:\/\/www.aiyin.com\/pt\/wp-json\/wp\/v2\/types\/product"}],"replies":[{"embeddable":true,"href":"https:\/\/www.aiyin.com\/pt\/wp-json\/wp\/v2\/comments?post=4773"}],"wp:featuredmedia":[{"embeddable":true,"href":"https:\/\/www.aiyin.com\/pt\/wp-json\/wp\/v2\/media\/4817"}],"wp:attachment":[{"href":"https:\/\/www.aiyin.com\/pt\/wp-json\/wp\/v2\/media?parent=4773"}],"wp:term":[{"taxonomy":"product_brand","embeddable":true,"href":"https:\/\/www.aiyin.com\/pt\/wp-json\/wp\/v2\/product_brand?post=4773"},{"taxonomy":"product_cat","embeddable":true,"href":"https:\/\/www.aiyin.com\/pt\/wp-json\/wp\/v2\/product_cat?post=4773"},{"taxonomy":"product_tag","embeddable":true,"href":"https:\/\/www.aiyin.com\/pt\/wp-json\/wp\/v2\/product_tag?post=4773"}],"curies":[{"name":"wp","href":"https:\/\/api.w.org\/{rel}","templated":true}]}}