{"id":4746,"date":"2025-02-20T10:00:48","date_gmt":"2025-02-20T10:00:48","guid":{"rendered":"https:\/\/www.aiyin.com\/?post_type=product&#038;p=4746"},"modified":"2025-06-16T02:19:43","modified_gmt":"2025-06-16T02:19:43","slug":"wholesale-a4-portable-thermal-printer-a42","status":"publish","type":"product","link":"https:\/\/www.aiyin.com\/pt\/product\/wholesale-a4-portable-thermal-printer-a42\/","title":{"rendered":"Impressora t\u00e9rmica port\u00e1til A4 por atacado - A42, impress\u00e3o sem tinta, baixos custos operacionais, oferece software de edi\u00e7\u00e3o"},"content":{"rendered":"<h2 class=\"wp-block-heading\">Detalhes da impressora t\u00e9rmica port\u00e1til A4 - A42<\/h2>\n\n\n\n<hr class=\"wp-block-separator has-alpha-channel-opacity\"\/>\n\n\n\n<figure class=\"wp-block-image size-full\"><img decoding=\"async\" width=\"905\" height=\"1280\" src=\"https:\/\/www.aiyin.com\/wp-content\/uploads\/2025\/02\/Details-of-A4-Portable-Thermal-Printer-\u2013-A421.webp\" alt=\"Detalhes da Impressora t\u00e9rmica port\u00e1til A4 - A42(1)\" class=\"wp-image-4798\" srcset=\"https:\/\/www.aiyin.com\/wp-content\/uploads\/2025\/02\/Details-of-A4-Portable-Thermal-Printer-\u2013-A421.webp 905w, https:\/\/www.aiyin.com\/wp-content\/uploads\/2025\/02\/Details-of-A4-Portable-Thermal-Printer-\u2013-A421-768x1086.webp 768w, https:\/\/www.aiyin.com\/wp-content\/uploads\/2025\/02\/Details-of-A4-Portable-Thermal-Printer-\u2013-A421-8x12.webp 8w, https:\/\/www.aiyin.com\/wp-content\/uploads\/2025\/02\/Details-of-A4-Portable-Thermal-Printer-\u2013-A421-600x849.webp 600w\" sizes=\"(max-width: 905px) 100vw, 905px\" \/><\/figure>","protected":false},"excerpt":{"rendered":"<p>A impressora t\u00e9rmica port\u00e1til A4 por atacado A42 foi projetada para empres\u00e1rios e estudantes que procuram uma impressora confi\u00e1vel e de baixo custo de manuten\u00e7\u00e3o. Essa impressora \u00e9 pequena e leve, equipada com uma potente bateria de 1800 mAh e porta de carregamento r\u00e1pido Tipo C, perfeita para escrit\u00f3rios m\u00f3veis. Este produto \u00e9 compat\u00edvel com OEM e ODM, entre em contato conosco para obter uma cota\u00e7\u00e3o.<\/p>\n<h2>Recursos da impressora t\u00e9rmica port\u00e1til A4 - A42<\/h2>\n<div>\n<p><strong>Baixo custo de manuten\u00e7\u00e3o:<\/strong> A impressora t\u00e9rmica port\u00e1til A4 pode imprimir sem tinta, eliminando o problema de limpeza do bico e entupimento da tinta, o que \u00e9 especialmente adequado para cenas de aprendizado ou de escrit\u00f3rio com impress\u00e3o frequente.<\/p>\n<p><strong>Port\u00e1til e f\u00e1cil de usar:<\/strong> A impressora t\u00e9rmica port\u00e1til A4 - A42 tem tamanho compacto e pesa apenas 680 g (cerca de duas latas de Coca-Cola), podendo ser facilmente colocada em uma mochila e levada em viagens de neg\u00f3cios e aulas.<\/p>\n<p><strong>Bateria embutida:<\/strong> Bateria embutida de 1800mAh de grande capacidade, equipada com carregamento r\u00e1pido do tipo C, para obter uma longa dura\u00e7\u00e3o da bateria.<\/p>\n<p><strong>Diversos cen\u00e1rios de uso:<\/strong> Suporta a impress\u00e3o de documentos, padr\u00f5es, fotos, ilustra\u00e7\u00f5es e at\u00e9 mesmo adesivos de tatuagem DIY.<\/p>\n<\/div>","protected":false},"featured_media":4800,"comment_status":"closed","ping_status":"closed","template":"","meta":{"_acf_changed":true},"product_brand":[],"product_cat":[21],"product_tag":[],"class_list":{"0":"post-4746","1":"product","2":"type-product","3":"status-publish","4":"has-post-thumbnail","6":"product_cat-home-office-printer","7":"pa_function-letter-a4-thermal-printer","8":"pa_print-width-8-inches","10":"first","11":"instock","12":"shipping-taxable","13":"product-type-simple"},"acf":[],"_links":{"self":[{"href":"https:\/\/www.aiyin.com\/pt\/wp-json\/wp\/v2\/product\/4746","targetHints":{"allow":["GET"]}}],"collection":[{"href":"https:\/\/www.aiyin.com\/pt\/wp-json\/wp\/v2\/product"}],"about":[{"href":"https:\/\/www.aiyin.com\/pt\/wp-json\/wp\/v2\/types\/product"}],"replies":[{"embeddable":true,"href":"https:\/\/www.aiyin.com\/pt\/wp-json\/wp\/v2\/comments?post=4746"}],"wp:featuredmedia":[{"embeddable":true,"href":"https:\/\/www.aiyin.com\/pt\/wp-json\/wp\/v2\/media\/4800"}],"wp:attachment":[{"href":"https:\/\/www.aiyin.com\/pt\/wp-json\/wp\/v2\/media?parent=4746"}],"wp:term":[{"taxonomy":"product_brand","embeddable":true,"href":"https:\/\/www.aiyin.com\/pt\/wp-json\/wp\/v2\/product_brand?post=4746"},{"taxonomy":"product_cat","embeddable":true,"href":"https:\/\/www.aiyin.com\/pt\/wp-json\/wp\/v2\/product_cat?post=4746"},{"taxonomy":"product_tag","embeddable":true,"href":"https:\/\/www.aiyin.com\/pt\/wp-json\/wp\/v2\/product_tag?post=4746"}],"curies":[{"name":"wp","href":"https:\/\/api.w.org\/{rel}","templated":true}]}}