{"id":4424,"date":"2025-02-21T09:00:50","date_gmt":"2025-02-21T09:00:50","guid":{"rendered":"https:\/\/www.aiyin.com\/?post_type=product&#038;p=4424"},"modified":"2025-04-21T02:25:27","modified_gmt":"2025-04-21T02:25:27","slug":"wholesale-4-inches-bluetooth-shipping-label-printer-e41","status":"publish","type":"product","link":"https:\/\/www.aiyin.com\/pt\/product\/wholesale-4-inches-bluetooth-shipping-label-printer-e41\/","title":{"rendered":"Impressora de etiquetas de remessa Bluetooth de 4 polegadas no atacado - E41, excelente impressora de etiquetas UPS, impressora de etiquetas FedEx"},"content":{"rendered":"<h2 class=\"wp-block-heading\">Detalhes da impressora de etiquetas de remessa Bluetooth - E41<\/h2>\n\n\n\n<hr class=\"wp-block-separator has-alpha-channel-opacity\"\/>\n\n\n\n<figure class=\"wp-block-image size-large\"><img decoding=\"async\" width=\"1277\" height=\"1280\" src=\"https:\/\/www.aiyin.com\/wp-content\/uploads\/2025\/04\/E41-11-1277x1280.webp\" alt=\"\" class=\"wp-image-4425\" srcset=\"https:\/\/www.aiyin.com\/wp-content\/uploads\/2025\/04\/E41-11-1277x1280.webp 1277w, https:\/\/www.aiyin.com\/wp-content\/uploads\/2025\/04\/E41-11-150x150.webp 150w, https:\/\/www.aiyin.com\/wp-content\/uploads\/2025\/04\/E41-11-768x770.webp 768w, https:\/\/www.aiyin.com\/wp-content\/uploads\/2025\/04\/E41-11-12x12.webp 12w, https:\/\/www.aiyin.com\/wp-content\/uploads\/2025\/04\/E41-11-300x300.webp 300w, https:\/\/www.aiyin.com\/wp-content\/uploads\/2025\/04\/E41-11-600x602.webp 600w, https:\/\/www.aiyin.com\/wp-content\/uploads\/2025\/04\/E41-11-100x100.webp 100w\" sizes=\"(max-width: 1277px) 100vw, 1277px\" \/><\/figure>","protected":false},"excerpt":{"rendered":"<p>A impressora profissional de etiquetas em rolo de 4 polegadas, E41, oferece mais vantagens para a impress\u00e3o de etiquetas de alta demanda. Ela apresenta alinhamento inteligente e tecnologia de sensor preciso para garantir uma opera\u00e7\u00e3o perfeita e eficiente. Compat\u00edvel com uma ampla gama de materiais e sistemas operacionais, projetada para ser confi\u00e1vel e f\u00e1cil de usar, \u00e9 a solu\u00e7\u00e3o perfeita para impress\u00e3o de etiquetas em massa (incluindo etiquetas UPS e FedEx). O fabricante de etiquetas AiYin oferece servi\u00e7os profissionais de OEM e ODM. Entre em contato conosco para obter uma cota\u00e7\u00e3o.<\/p>\n<h2>Recursos da impressora profissional de etiquetas em rolo de 4 polegadas - E41<\/h2>\n<div>\n<p><strong>Impress\u00e3o em alta velocidade: <\/strong>A impressora de etiquetas de remessa - E41 suporta a impress\u00e3o r\u00e1pida de etiquetas, adequada para ambientes com grandes volumes de pedidos de remessa e impress\u00e3o de pedidos.<\/p>\n<p><strong>Ampla compatibilidade:<\/strong> Compat\u00edvel com as principais plataformas de log\u00edstica, como UPS e FedEx, bem como com plataformas populares de com\u00e9rcio eletr\u00f4nico, como Shopify, Amazon e eBay. Isso o torna flex\u00edvel para atender a diferentes necessidades comerciais.<\/p>\n<p><strong>Confi\u00e1vel e dur\u00e1vel:<\/strong> O E41 foi desenvolvido para um desempenho duradouro e pode suportar o uso di\u00e1rio em ambientes movimentados. Ele \u00e9 robusto e dur\u00e1vel, garantindo que possa atender \u00e0s necessidades das opera\u00e7\u00f5es de remessa em ritmo acelerado.<\/p>\n<p><strong>F\u00e1cil configura\u00e7\u00e3o e opera\u00e7\u00e3o:<\/strong> Mesmo os usu\u00e1rios com menos experi\u00eancia t\u00e9cnica podem configurar e operar facilmente. O emparelhamento Bluetooth \u00e9 r\u00e1pido e o design intuitivo facilita a impress\u00e3o.<\/p>\n<p><strong>Suporte a OEM e ODM:<\/strong> O fabricante da impressora de etiquetas de remessa AiYin oferece suporte OEM e ODM para ajud\u00e1-lo a criar a impressora de etiquetas de remessa de sua marca.<\/p>\n<\/div>","protected":false},"featured_media":4427,"comment_status":"closed","ping_status":"closed","template":"","meta":{"_acf_changed":true},"product_brand":[],"product_cat":[38],"product_tag":[],"class_list":{"0":"post-4424","1":"product","2":"type-product","3":"status-publish","4":"has-post-thumbnail","6":"product_cat-shipping-label-printer","7":"pa_industrial-grade-no","8":"pa_paper-bin-without-paper-bin","9":"pa_print-width-4-inches","11":"first","12":"instock","13":"shipping-taxable","14":"product-type-simple"},"acf":[],"_links":{"self":[{"href":"https:\/\/www.aiyin.com\/pt\/wp-json\/wp\/v2\/product\/4424","targetHints":{"allow":["GET"]}}],"collection":[{"href":"https:\/\/www.aiyin.com\/pt\/wp-json\/wp\/v2\/product"}],"about":[{"href":"https:\/\/www.aiyin.com\/pt\/wp-json\/wp\/v2\/types\/product"}],"replies":[{"embeddable":true,"href":"https:\/\/www.aiyin.com\/pt\/wp-json\/wp\/v2\/comments?post=4424"}],"wp:featuredmedia":[{"embeddable":true,"href":"https:\/\/www.aiyin.com\/pt\/wp-json\/wp\/v2\/media\/4427"}],"wp:attachment":[{"href":"https:\/\/www.aiyin.com\/pt\/wp-json\/wp\/v2\/media?parent=4424"}],"wp:term":[{"taxonomy":"product_brand","embeddable":true,"href":"https:\/\/www.aiyin.com\/pt\/wp-json\/wp\/v2\/product_brand?post=4424"},{"taxonomy":"product_cat","embeddable":true,"href":"https:\/\/www.aiyin.com\/pt\/wp-json\/wp\/v2\/product_cat?post=4424"},{"taxonomy":"product_tag","embeddable":true,"href":"https:\/\/www.aiyin.com\/pt\/wp-json\/wp\/v2\/product_tag?post=4424"}],"curies":[{"name":"wp","href":"https:\/\/api.w.org\/{rel}","templated":true}]}}