{"id":4418,"date":"2025-02-17T04:01:25","date_gmt":"2025-02-17T04:01:25","guid":{"rendered":"https:\/\/www.aiyin.com\/?post_type=product&#038;p=4418"},"modified":"2025-04-21T02:29:34","modified_gmt":"2025-04-21T02:29:34","slug":"wholesale-4-inches-desktop-thermal-transfer-printer-at241-341","status":"publish","type":"product","link":"https:\/\/www.aiyin.com\/pt\/product\/wholesale-4-inches-desktop-thermal-transfer-printer-at241-341\/","title":{"rendered":"Impressora de transfer\u00eancia t\u00e9rmica de mesa de 4 polegadas para atacado - AT241 \/ 341, compat\u00edvel com transfer\u00eancia t\u00e9rmica e impress\u00e3o t\u00e9rmica direta"},"content":{"rendered":"<h2 class=\"wp-block-heading\">Detalhes da impressora de mesa com fita de transfer\u00eancia t\u00e9rmica - AT241 \/ 341 <\/h2>\n\n\n\n<hr class=\"wp-block-separator has-alpha-channel-opacity\"\/>\n\n\n\n<figure class=\"wp-block-image size-large\"><img decoding=\"async\" width=\"1273\" height=\"1280\" src=\"https:\/\/www.aiyin.com\/wp-content\/uploads\/2025\/04\/AT241-11-1273x1280.webp\" alt=\"\" class=\"wp-image-4419\" srcset=\"https:\/\/www.aiyin.com\/wp-content\/uploads\/2025\/04\/AT241-11-1273x1280.webp 1273w, https:\/\/www.aiyin.com\/wp-content\/uploads\/2025\/04\/AT241-11-150x150.webp 150w, https:\/\/www.aiyin.com\/wp-content\/uploads\/2025\/04\/AT241-11-768x772.webp 768w, https:\/\/www.aiyin.com\/wp-content\/uploads\/2025\/04\/AT241-11-12x12.webp 12w, https:\/\/www.aiyin.com\/wp-content\/uploads\/2025\/04\/AT241-11-600x603.webp 600w, https:\/\/www.aiyin.com\/wp-content\/uploads\/2025\/04\/AT241-11-100x100.webp 100w\" sizes=\"(max-width: 1273px) 100vw, 1273px\" \/><\/figure>","protected":false},"excerpt":{"rendered":"<p>A wholesale 4-inch Desktop Thermal Transfer Printer (impressora de transfer\u00eancia t\u00e9rmica de mesa de 4 polegadas) suporta os modos de impress\u00e3o por transfer\u00eancia t\u00e9rmica e t\u00e9rmica direta, tem uma bandeja de papel de grande capacidade, cabe\u00e7ote de impress\u00e3o de alta qualidade e oferece v\u00e1rias op\u00e7\u00f5es de conex\u00e3o. Ela \u00e9 uma solu\u00e7\u00e3o confi\u00e1vel para as necessidades de impress\u00e3o de etiquetas de alto volume. Suporte a OEM e ODM, entre em contato conosco para obter uma cota\u00e7\u00e3o.<\/p>\n<h2>Recursos da impressora de transfer\u00eancia t\u00e9rmica de mesa - AT241 \/ 341\u00a0<\/h2>\n<div>\n<p><strong>Modo de impress\u00e3o dupla:<\/strong> O AT241\/341 oferece modos de impress\u00e3o por transfer\u00eancia t\u00e9rmica e t\u00e9rmica direta, permitindo que as empresas alternem facilmente entre os modos de impress\u00e3o em um \u00fanico dispositivo com base em necessidades espec\u00edficas.<\/p>\n<p><strong>Cabe\u00e7a de impress\u00e3o de alta qualidade:<\/strong> O AT241\/341 \u00e9 equipado com um cabe\u00e7ote de impress\u00e3o de alta qualidade que proporciona uma impress\u00e3o n\u00edtida e de alta resolu\u00e7\u00e3o, garantindo que os c\u00f3digos de barras, textos e gr\u00e1ficos sejam claros e f\u00e1ceis de ler.<\/p>\n<p><strong>Bandeja de papel de grande capacidade:<\/strong> A impressora de transfer\u00eancia t\u00e9rmica \u00e9 equipada com uma bandeja de papel de grande capacidade para reduzir a frequ\u00eancia das trocas de papel, o que a torna ideal para locais como dep\u00f3sitos, f\u00e1bricas ou centros de distribui\u00e7\u00e3o de varejo.<\/p>\n<p><strong>V\u00e1rias interfaces de comunica\u00e7\u00e3o:<\/strong> A impressora de transfer\u00eancia t\u00e9rmica AT241\/341 \u00e9 equipada com uma variedade de op\u00e7\u00f5es de comunica\u00e7\u00e3o, incluindo USB, bluetooth, portas seriais e portas de rede, que podem se adaptar facilmente \u00e0s suas configura\u00e7\u00f5es e sempre fornecer uma conex\u00e3o confi\u00e1vel.<\/p>\n<\/div>","protected":false},"featured_media":4422,"comment_status":"closed","ping_status":"closed","template":"","meta":{"_acf_changed":true},"product_brand":[],"product_cat":[20],"product_tag":[],"class_list":{"0":"post-4418","1":"product","2":"type-product","3":"status-publish","4":"has-post-thumbnail","6":"product_cat-thermal-transfer-printer","7":"pa_industrial-grade-no","8":"pa_paper-bin-with-paper-bin","9":"pa_print-width-4-inches","11":"first","12":"instock","13":"shipping-taxable","14":"product-type-simple"},"acf":[],"_links":{"self":[{"href":"https:\/\/www.aiyin.com\/pt\/wp-json\/wp\/v2\/product\/4418","targetHints":{"allow":["GET"]}}],"collection":[{"href":"https:\/\/www.aiyin.com\/pt\/wp-json\/wp\/v2\/product"}],"about":[{"href":"https:\/\/www.aiyin.com\/pt\/wp-json\/wp\/v2\/types\/product"}],"replies":[{"embeddable":true,"href":"https:\/\/www.aiyin.com\/pt\/wp-json\/wp\/v2\/comments?post=4418"}],"wp:featuredmedia":[{"embeddable":true,"href":"https:\/\/www.aiyin.com\/pt\/wp-json\/wp\/v2\/media\/4422"}],"wp:attachment":[{"href":"https:\/\/www.aiyin.com\/pt\/wp-json\/wp\/v2\/media?parent=4418"}],"wp:term":[{"taxonomy":"product_brand","embeddable":true,"href":"https:\/\/www.aiyin.com\/pt\/wp-json\/wp\/v2\/product_brand?post=4418"},{"taxonomy":"product_cat","embeddable":true,"href":"https:\/\/www.aiyin.com\/pt\/wp-json\/wp\/v2\/product_cat?post=4418"},{"taxonomy":"product_tag","embeddable":true,"href":"https:\/\/www.aiyin.com\/pt\/wp-json\/wp\/v2\/product_tag?post=4418"}],"curies":[{"name":"wp","href":"https:\/\/api.w.org\/{rel}","templated":true}]}}