{"id":4409,"date":"2025-04-19T02:41:34","date_gmt":"2025-04-19T02:41:34","guid":{"rendered":"https:\/\/www.aiyin.com\/?post_type=product&#038;p=4409"},"modified":"2025-06-09T08:48:59","modified_gmt":"2025-06-09T08:48:59","slug":"wholesale-0-5-inches-mini-handheld-label-printer-d110","status":"publish","type":"product","link":"https:\/\/www.aiyin.com\/pt\/product\/wholesale-0-5-inches-mini-handheld-label-printer-d110\/","title":{"rendered":"Atacado Mini impressora port\u00e1til de etiquetas de 0,5 polegadas - D110, conex\u00e3o Bluetooth, compat\u00edvel com adesivos, c\u00f3digos de barras, c\u00f3digos QR e muito mais"},"content":{"rendered":"<h2 class=\"wp-block-heading\">Detalhes da mini impressora port\u00e1til de etiquetas - D110<\/h2>\n\n\n\n<hr class=\"wp-block-separator has-alpha-channel-opacity\"\/>\n\n\n\n<figure class=\"wp-block-image size-full\"><img decoding=\"async\" width=\"1722\" height=\"2436\" src=\"https:\/\/www.aiyin.com\/wp-content\/uploads\/2025\/04\/details_mini-label-printer-D110-1.webp\" alt=\"Detalhes da mini impressora de etiquetas D110\" class=\"wp-image-4705\" srcset=\"https:\/\/www.aiyin.com\/wp-content\/uploads\/2025\/04\/details_mini-label-printer-D110-1.webp 1722w, https:\/\/www.aiyin.com\/wp-content\/uploads\/2025\/04\/details_mini-label-printer-D110-1-905x1280.webp 905w, https:\/\/www.aiyin.com\/wp-content\/uploads\/2025\/04\/details_mini-label-printer-D110-1-768x1086.webp 768w, https:\/\/www.aiyin.com\/wp-content\/uploads\/2025\/04\/details_mini-label-printer-D110-1-8x12.webp 8w, https:\/\/www.aiyin.com\/wp-content\/uploads\/2025\/04\/details_mini-label-printer-D110-1-600x849.webp 600w\" sizes=\"(max-width: 1722px) 100vw, 1722px\" \/><\/figure>","protected":false},"excerpt":{"rendered":"<p>A mini impressora port\u00e1til de etiquetas no atacado \u00e9 adequada para organizar materiais de escrit\u00f3rio e estoques, al\u00e9m de ser muito adequada para v\u00e1rias aplica\u00e7\u00f5es, como etiquetar produtos, itens pessoais, adicionar c\u00f3digos de barras de produtos etc. \u00c9 a escolha ideal para casa, escrit\u00f3rio, organiza\u00e7\u00e3o e outros locais. Suporte a OEM e ODM, entre em contato conosco para obter uma cota\u00e7\u00e3o.<\/p>\n<h2>Recursos da mini impressora port\u00e1til de etiquetas - D110<\/h2>\n<div>\n<p><strong>Design compacto e port\u00e1til:<\/strong> Leve e port\u00e1til, o D110 \u00e9 f\u00e1cil de transportar e armazenar, podendo ser facilmente colocado em sua m\u00e3o, bolsa ou bolso para imprimir etiquetas a qualquer hora e em qualquer lugar.<\/p>\n<p><strong>V\u00e1rias op\u00e7\u00f5es de rotulagem:<\/strong> A Mini Handheld Label Printer \u00e9 adequada para imprimir muitos tipos de etiquetas, como etiquetas de produtos, impress\u00e3o de c\u00f3digo de barras, etiquetas de endere\u00e7o e muito mais.<\/p>\n<p><strong>Adequado para pequenas tarefas de rotulagem:<\/strong> Com uma largura de etiqueta de 0,5 polegada, a Mini Handheld Label Printer D110 \u00e9 adequada para etiquetar itens pequenos, como potes, recipientes de temperos, cadernos ou pastas.<\/p>\n<p><strong>Op\u00e7\u00f5es de embalagem personaliz\u00e1veis:<\/strong> A disponibilidade de diferentes estilos de embalagem (convencional e de varejo de supermercado) oferece flexibilidade para os varejistas ou para uso pessoal.<\/p>\n<p><strong>Suporte \u00e0 personaliza\u00e7\u00e3o de OEM e ODM:<\/strong> O fabricante da impressora de etiquetas AiYIn oferece suporte \u00e0 personaliza\u00e7\u00e3o OEM e ODM. Os clientes podem personalizar solu\u00e7\u00f5es exclusivas de impress\u00e3o de etiquetas de acordo com sua pr\u00f3pria imagem de marca e requisitos espec\u00edficos.<\/p>\n<\/div>","protected":false},"featured_media":4708,"comment_status":"closed","ping_status":"closed","template":"","meta":{"_acf_changed":true},"product_brand":[],"product_cat":[21],"product_tag":[],"class_list":{"0":"post-4409","1":"product","2":"type-product","3":"status-publish","4":"has-post-thumbnail","6":"product_cat-home-office-printer","7":"pa_function-home-label-maker","8":"pa_function-mini-printer","9":"pa_print-width-0-5-inches","11":"first","12":"instock","13":"shipping-taxable","14":"product-type-simple"},"acf":[],"_links":{"self":[{"href":"https:\/\/www.aiyin.com\/pt\/wp-json\/wp\/v2\/product\/4409","targetHints":{"allow":["GET"]}}],"collection":[{"href":"https:\/\/www.aiyin.com\/pt\/wp-json\/wp\/v2\/product"}],"about":[{"href":"https:\/\/www.aiyin.com\/pt\/wp-json\/wp\/v2\/types\/product"}],"replies":[{"embeddable":true,"href":"https:\/\/www.aiyin.com\/pt\/wp-json\/wp\/v2\/comments?post=4409"}],"wp:featuredmedia":[{"embeddable":true,"href":"https:\/\/www.aiyin.com\/pt\/wp-json\/wp\/v2\/media\/4708"}],"wp:attachment":[{"href":"https:\/\/www.aiyin.com\/pt\/wp-json\/wp\/v2\/media?parent=4409"}],"wp:term":[{"taxonomy":"product_brand","embeddable":true,"href":"https:\/\/www.aiyin.com\/pt\/wp-json\/wp\/v2\/product_brand?post=4409"},{"taxonomy":"product_cat","embeddable":true,"href":"https:\/\/www.aiyin.com\/pt\/wp-json\/wp\/v2\/product_cat?post=4409"},{"taxonomy":"product_tag","embeddable":true,"href":"https:\/\/www.aiyin.com\/pt\/wp-json\/wp\/v2\/product_tag?post=4409"}],"curies":[{"name":"wp","href":"https:\/\/api.w.org\/{rel}","templated":true}]}}