{"id":4400,"date":"2025-04-19T03:15:28","date_gmt":"2025-04-19T03:15:28","guid":{"rendered":"https:\/\/www.aiyin.com\/?post_type=product&#038;p=4400"},"modified":"2025-06-09T08:25:45","modified_gmt":"2025-06-09T08:25:45","slug":"wholesale-0-5-inches-mini-handheld-barcode-label-printer-d12","status":"publish","type":"product","link":"https:\/\/www.aiyin.com\/pt\/product\/wholesale-0-5-inches-mini-handheld-barcode-label-printer-d12\/","title":{"rendered":"Atacado Impressora de etiquetas de c\u00f3digo de barras port\u00e1til de 0,5 polegadas - D12, conex\u00e3o Bluetooth, compat\u00edvel com adesivos, c\u00f3digos de barras, c\u00f3digos QR e muito mais"},"content":{"rendered":"<h2 class=\"wp-block-heading\">Detalhes da mini impressora port\u00e1til de etiquetas de c\u00f3digo de barras - D12<\/h2>\n\n\n\n<hr class=\"wp-block-separator has-alpha-channel-opacity\"\/>\n\n\n\n<figure class=\"wp-block-image size-full\"><img decoding=\"async\" width=\"905\" height=\"1280\" src=\"https:\/\/www.aiyin.com\/wp-content\/uploads\/2025\/04\/Details_Mini-Handheld-Printer-D12-1.webp\" alt=\"Detalhes_Mini Impressora de m\u00e3o D12 (1)\" class=\"wp-image-4690\" srcset=\"https:\/\/www.aiyin.com\/wp-content\/uploads\/2025\/04\/Details_Mini-Handheld-Printer-D12-1.webp 905w, https:\/\/www.aiyin.com\/wp-content\/uploads\/2025\/04\/Details_Mini-Handheld-Printer-D12-1-768x1086.webp 768w, https:\/\/www.aiyin.com\/wp-content\/uploads\/2025\/04\/Details_Mini-Handheld-Printer-D12-1-8x12.webp 8w, https:\/\/www.aiyin.com\/wp-content\/uploads\/2025\/04\/Details_Mini-Handheld-Printer-D12-1-600x849.webp 600w\" sizes=\"(max-width: 905px) 100vw, 905px\" \/><\/figure>","protected":false},"excerpt":{"rendered":"<p>Mini impressora port\u00e1til de etiquetas D12, adequada para casa, escrit\u00f3rio, organiza\u00e7\u00e3o e outros locais, ajudando-o a gerenciar itens com efici\u00eancia. O aplicativo Aiyin oferece modelos avan\u00e7ados, incluindo etiquetas de c\u00f3digo de barras, etiquetas de pre\u00e7o e texto personalizado, e suporta conex\u00e3o Bluetooth. Ajuda voc\u00ea a criar etiquetas com efici\u00eancia. Entre em contato conosco para compra em massa.<\/p>\n<h2>Recursos da mini impressora port\u00e1til de etiquetas de c\u00f3digo de barras - D12<\/h2>\n<div>\n<p><strong>Ampla gama de aplica\u00e7\u00f5es:<\/strong> A mini impressora port\u00e1til de etiquetas de c\u00f3digo de barras \u00e9 adequada para imprimir etiquetas pequenas e concisas para v\u00e1rias finalidades, como criar etiquetas de c\u00f3digo de barras, imprimir etiquetas de pre\u00e7os de alimentos etc.<\/p>\n<p><strong>Etiquetagem personaliz\u00e1vel:<\/strong> Oferecemos suporte profissional a aplicativos, permitindo que voc\u00ea imprima c\u00f3digos de barras, textos e logotipos em v\u00e1rios materiais de etiquetas.<\/p>\n<p><strong>Design port\u00e1til:<\/strong> A D12 tem tamanho pequeno, e essa mini-impressora \u00e9 f\u00e1cil de transportar para v\u00e1rios lugares e pode ser facilmente armazenada quando n\u00e3o estiver em uso.<\/p>\n<p><strong>Suporte a OEM e ODM:<\/strong> Oferecemos servi\u00e7os de impressoras de etiquetas personalizadas OEM e ODM para ajud\u00e1-lo a criar uma impressora de etiquetas com a sua marca.<\/p>\n<\/div>","protected":false},"featured_media":4692,"comment_status":"closed","ping_status":"closed","template":"","meta":{"_acf_changed":true},"product_brand":[],"product_cat":[21],"product_tag":[130,129],"class_list":{"0":"post-4400","1":"product","2":"type-product","3":"status-publish","4":"has-post-thumbnail","6":"product_cat-home-office-printer","7":"product_tag-0-5inch","8":"product_tag-stylish-printer","9":"pa_function-home-label-maker","10":"pa_function-mini-printer","11":"pa_print-width-0-5-inches","13":"first","14":"instock","15":"shipping-taxable","16":"product-type-simple"},"acf":[],"_links":{"self":[{"href":"https:\/\/www.aiyin.com\/pt\/wp-json\/wp\/v2\/product\/4400","targetHints":{"allow":["GET"]}}],"collection":[{"href":"https:\/\/www.aiyin.com\/pt\/wp-json\/wp\/v2\/product"}],"about":[{"href":"https:\/\/www.aiyin.com\/pt\/wp-json\/wp\/v2\/types\/product"}],"replies":[{"embeddable":true,"href":"https:\/\/www.aiyin.com\/pt\/wp-json\/wp\/v2\/comments?post=4400"}],"wp:featuredmedia":[{"embeddable":true,"href":"https:\/\/www.aiyin.com\/pt\/wp-json\/wp\/v2\/media\/4692"}],"wp:attachment":[{"href":"https:\/\/www.aiyin.com\/pt\/wp-json\/wp\/v2\/media?parent=4400"}],"wp:term":[{"taxonomy":"product_brand","embeddable":true,"href":"https:\/\/www.aiyin.com\/pt\/wp-json\/wp\/v2\/product_brand?post=4400"},{"taxonomy":"product_cat","embeddable":true,"href":"https:\/\/www.aiyin.com\/pt\/wp-json\/wp\/v2\/product_cat?post=4400"},{"taxonomy":"product_tag","embeddable":true,"href":"https:\/\/www.aiyin.com\/pt\/wp-json\/wp\/v2\/product_tag?post=4400"}],"curies":[{"name":"wp","href":"https:\/\/api.w.org\/{rel}","templated":true}]}}