{"id":4390,"date":"2025-04-19T02:17:41","date_gmt":"2025-04-19T02:17:41","guid":{"rendered":"https:\/\/www.aiyin.com\/?post_type=product&#038;p=4390"},"modified":"2025-06-13T06:01:03","modified_gmt":"2025-06-13T06:01:03","slug":"wholesale-2-inch-mobile-barcode-and-label-printer-b23a","status":"publish","type":"product","link":"https:\/\/www.aiyin.com\/pt\/product\/wholesale-2-inch-mobile-barcode-and-label-printer-b23a\/","title":{"rendered":"Atacado Impressora de etiquetas e c\u00f3digo de barras m\u00f3vel de 2 polegadas - B23a - Fabricante de impressoras t\u00e9rmicas de etiquetas AiYin"},"content":{"rendered":"<h2 class=\"wp-block-heading\">Detalhes da impressora m\u00f3vel de c\u00f3digo de barras e etiquetas - B23a<\/h2>\n\n\n\n<hr class=\"wp-block-separator has-alpha-channel-opacity\"\/>\n\n\n\n<figure class=\"wp-block-image size-large\"><img decoding=\"async\" width=\"905\" height=\"1280\" src=\"https:\/\/www.aiyin.com\/wp-content\/uploads\/2025\/04\/B23a-11-905x1280.webp\" alt=\"\" class=\"wp-image-4391\" srcset=\"https:\/\/www.aiyin.com\/wp-content\/uploads\/2025\/04\/B23a-11-905x1280.webp 905w, https:\/\/www.aiyin.com\/wp-content\/uploads\/2025\/04\/B23a-11-768x1086.webp 768w, https:\/\/www.aiyin.com\/wp-content\/uploads\/2025\/04\/B23a-11-8x12.webp 8w, https:\/\/www.aiyin.com\/wp-content\/uploads\/2025\/04\/B23a-11-600x849.webp 600w, https:\/\/www.aiyin.com\/wp-content\/uploads\/2025\/04\/B23a-11.webp 1722w\" sizes=\"(max-width: 905px) 100vw, 905px\" \/><\/figure>\n\n\n\n<p><\/p>","protected":false},"excerpt":{"rendered":"<p>Impressora m\u00f3vel de c\u00f3digo de barras e etiquetas de 2 polegadas, impressora multifuncional m\u00f3vel - b23a suporta v\u00e1rios tipos de papel, oferece suporte a aplicativos e modelos f\u00e1ceis de usar para permitir a personaliza\u00e7\u00e3o r\u00e1pida e f\u00e1cil de etiquetas, c\u00f3digos de barras e recibos. Suporte a OEM e ODM, entre em contato conosco para obter uma cota\u00e7\u00e3o.<\/p>\n<h2>Recursos da impressora m\u00f3vel de c\u00f3digo de barras e etiquetas - B23a<\/h2>\n<div>\n<p><strong>F\u00e1cil de usar:<\/strong> Com a facilidade de uso em sua ess\u00eancia, o B23a tem uma interface amig\u00e1vel e um design minimalista que \u00e9 f\u00e1cil de usar por qualquer pessoa.<\/p>\n<p><strong>Conex\u00e3o Bluetooth sem fio:<\/strong> Com a tecnologia Bluetooth integrada, a B23a pode se conectar \u00e0 impressora de qualquer lugar dentro do alcance do Bluetooth, economizando espa\u00e7o na mesa.<\/p>\n<p><strong>Constru\u00e7\u00e3o leve e port\u00e1til:<\/strong> O B23a apresenta um design leve e cabe facilmente em mochilas, bolsas e gavetas pequenas, sendo, portanto, ideal para uso dom\u00e9stico ou em viagens.<\/p>\n<p><strong>Capacidade de impress\u00e3o multiuso:<\/strong> O B23a \u00e9 capaz de imprimir em v\u00e1rios tipos de papel, como papel de recibo, etiquetas autoadesivas e papel de etiqueta comum, e \u00e9 \u00fatil para imprimir c\u00f3digos de barras de invent\u00e1rio, recibos e assim por diante.<\/p>\n<p><strong>Boa qualidade de impress\u00e3o:<\/strong> A B23a produz uma qualidade de impress\u00e3o de 203 dpi (pontos por polegada), portanto, suas etiquetas, c\u00f3digos de barras e textos s\u00e3o claros e facilmente leg\u00edveis.<\/p>\n<p><strong>Design adequado para crian\u00e7as:<\/strong> Para atender a prop\u00f3sitos de seguran\u00e7a e facilidade de opera\u00e7\u00e3o, o B23a \u00e9 particularmente adequado para crian\u00e7as e \u00e9 uma ferramenta eficaz para estimular a criatividade delas.<\/p>\n<\/div>","protected":false},"featured_media":4772,"comment_status":"closed","ping_status":"closed","template":"","meta":{"_acf_changed":true},"product_brand":[],"product_cat":[21],"product_tag":[],"class_list":{"0":"post-4390","1":"product","2":"type-product","3":"status-publish","4":"has-post-thumbnail","6":"product_cat-home-office-printer","7":"pa_function-mini-printer","8":"pa_print-width-2-inches","10":"first","11":"instock","12":"shipping-taxable","13":"product-type-simple"},"acf":[],"_links":{"self":[{"href":"https:\/\/www.aiyin.com\/pt\/wp-json\/wp\/v2\/product\/4390","targetHints":{"allow":["GET"]}}],"collection":[{"href":"https:\/\/www.aiyin.com\/pt\/wp-json\/wp\/v2\/product"}],"about":[{"href":"https:\/\/www.aiyin.com\/pt\/wp-json\/wp\/v2\/types\/product"}],"replies":[{"embeddable":true,"href":"https:\/\/www.aiyin.com\/pt\/wp-json\/wp\/v2\/comments?post=4390"}],"wp:featuredmedia":[{"embeddable":true,"href":"https:\/\/www.aiyin.com\/pt\/wp-json\/wp\/v2\/media\/4772"}],"wp:attachment":[{"href":"https:\/\/www.aiyin.com\/pt\/wp-json\/wp\/v2\/media?parent=4390"}],"wp:term":[{"taxonomy":"product_brand","embeddable":true,"href":"https:\/\/www.aiyin.com\/pt\/wp-json\/wp\/v2\/product_brand?post=4390"},{"taxonomy":"product_cat","embeddable":true,"href":"https:\/\/www.aiyin.com\/pt\/wp-json\/wp\/v2\/product_cat?post=4390"},{"taxonomy":"product_tag","embeddable":true,"href":"https:\/\/www.aiyin.com\/pt\/wp-json\/wp\/v2\/product_tag?post=4390"}],"curies":[{"name":"wp","href":"https:\/\/api.w.org\/{rel}","templated":true}]}}