{"id":4382,"date":"2025-02-24T01:34:06","date_gmt":"2025-02-24T01:34:06","guid":{"rendered":"https:\/\/www.aiyin.com\/?post_type=product&#038;p=4382"},"modified":"2025-06-09T09:55:28","modified_gmt":"2025-06-09T09:55:28","slug":"wholesale-2-inches-inkless-instant-photo-and-label-printer-b22s","status":"publish","type":"product","link":"https:\/\/www.aiyin.com\/pt\/product\/wholesale-2-inches-inkless-instant-photo-and-label-printer-b22s\/","title":{"rendered":"Atacado Impressora instant\u00e2nea de fotos e etiquetas de 2 polegadas sem tinta - B22s, compat\u00edvel com OEM e ODM"},"content":{"rendered":"<h2 class=\"wp-block-heading\">Detalhes da impressora instant\u00e2nea de fotos e etiquetas sem tinta - B22s<\/h2>\n\n\n\n<hr class=\"wp-block-separator has-alpha-channel-opacity\"\/>\n\n\n\n<figure class=\"wp-block-image size-large\"><img decoding=\"async\" width=\"905\" height=\"1280\" src=\"https:\/\/www.aiyin.com\/wp-content\/uploads\/2025\/04\/B22s-11-905x1280.webp\" alt=\"\" class=\"wp-image-4383\" srcset=\"https:\/\/www.aiyin.com\/wp-content\/uploads\/2025\/04\/B22s-11-905x1280.webp 905w, https:\/\/www.aiyin.com\/wp-content\/uploads\/2025\/04\/B22s-11-768x1086.webp 768w, https:\/\/www.aiyin.com\/wp-content\/uploads\/2025\/04\/B22s-11-8x12.webp 8w, https:\/\/www.aiyin.com\/wp-content\/uploads\/2025\/04\/B22s-11-600x849.webp 600w, https:\/\/www.aiyin.com\/wp-content\/uploads\/2025\/04\/B22s-11.webp 1722w\" sizes=\"(max-width: 905px) 100vw, 905px\" \/><\/figure>","protected":false},"excerpt":{"rendered":"<p>Impressora instant\u00e2nea de fotos e etiquetas sem tinta de 2 polegadas - B22s. Atende com efic\u00e1cia a todas as suas necessidades de impress\u00e3o m\u00f3vel, com conectividade sem fio bluetooth, os usu\u00e1rios podem facilmente imprimir diretamente de seus smartphones ou tablets. A impressora de etiquetas b22s est\u00e1 dispon\u00edvel em cores da moda, como branco puro, verde vibrante e rosa p\u00eassego. Suporte a OEM e ODM, entre em contato conosco para obter uma cota\u00e7\u00e3o.<\/p>\n<h2>Recursos da impressora instant\u00e2nea de fotos e etiquetas sem tinta - B22s<\/h2>\n<div>\n<p><strong>Vers\u00e1til:<\/strong> Essa impressora instant\u00e2nea de fotos e etiquetas sem tinta pode imprimir etiquetas, padr\u00f5es, fotos, etc., e uma m\u00e1quina pode realizar v\u00e1rias tarefas.<\/p>\n<p><strong>Conex\u00e3o sem fio Bluetooth:<\/strong> Nossa impressora instant\u00e2nea de fotos e etiquetas sem tinta suporta conex\u00e3o Bluetooth, permitindo a impress\u00e3o sem fio a partir de smartphones ou tablets, proporcionando maior flexibilidade e liberdade.<\/p>\n<p><strong>V\u00e1rios modelos:<\/strong> O AiYin oferece um aplicativo de opera\u00e7\u00e3o inteligente que suporta uma variedade de modelos, enriquecendo as possibilidades criativas dos usu\u00e1rios em termos de registro no di\u00e1rio, organiza\u00e7\u00e3o e produ\u00e7\u00e3o.<\/p>\n<p><strong>Bateria com dura\u00e7\u00e3o suficiente:<\/strong> A impressora de etiquetas \u00e9 equipada com uma bateria com capacidade de 1200 mAh, que fornece energia suficiente para uso a longo prazo, permitindo que os usu\u00e1rios imprimam v\u00e1rios projetos antes de precisar recarreg\u00e1-la.<\/p>\n<p><strong>Op\u00e7\u00f5es de cores elegantes:<\/strong> A impressora de etiquetas est\u00e1 dispon\u00edvel em uma variedade de cores, como branco puro, verde vibrante e p\u00eassego, para atender ao estilo e \u00e0s prefer\u00eancias pessoais.<\/p>\n<\/div>","protected":false},"featured_media":4717,"comment_status":"closed","ping_status":"closed","template":"","meta":{"_acf_changed":true},"product_brand":[],"product_cat":[21],"product_tag":[],"class_list":{"0":"post-4382","1":"product","2":"type-product","3":"status-publish","4":"has-post-thumbnail","6":"product_cat-home-office-printer","7":"pa_function-mini-printer","8":"pa_print-width-2-inches","10":"first","11":"instock","12":"shipping-taxable","13":"product-type-simple"},"acf":[],"_links":{"self":[{"href":"https:\/\/www.aiyin.com\/pt\/wp-json\/wp\/v2\/product\/4382","targetHints":{"allow":["GET"]}}],"collection":[{"href":"https:\/\/www.aiyin.com\/pt\/wp-json\/wp\/v2\/product"}],"about":[{"href":"https:\/\/www.aiyin.com\/pt\/wp-json\/wp\/v2\/types\/product"}],"replies":[{"embeddable":true,"href":"https:\/\/www.aiyin.com\/pt\/wp-json\/wp\/v2\/comments?post=4382"}],"wp:featuredmedia":[{"embeddable":true,"href":"https:\/\/www.aiyin.com\/pt\/wp-json\/wp\/v2\/media\/4717"}],"wp:attachment":[{"href":"https:\/\/www.aiyin.com\/pt\/wp-json\/wp\/v2\/media?parent=4382"}],"wp:term":[{"taxonomy":"product_brand","embeddable":true,"href":"https:\/\/www.aiyin.com\/pt\/wp-json\/wp\/v2\/product_brand?post=4382"},{"taxonomy":"product_cat","embeddable":true,"href":"https:\/\/www.aiyin.com\/pt\/wp-json\/wp\/v2\/product_cat?post=4382"},{"taxonomy":"product_tag","embeddable":true,"href":"https:\/\/www.aiyin.com\/pt\/wp-json\/wp\/v2\/product_tag?post=4382"}],"curies":[{"name":"wp","href":"https:\/\/api.w.org\/{rel}","templated":true}]}}