{"id":4375,"date":"2025-02-20T09:58:11","date_gmt":"2025-02-20T09:58:11","guid":{"rendered":"https:\/\/www.aiyin.com\/?post_type=product&#038;p=4375"},"modified":"2025-06-16T02:25:49","modified_gmt":"2025-06-16T02:25:49","slug":"wholesale-portable-a4-thermal-printer-a43","status":"publish","type":"product","link":"https:\/\/www.aiyin.com\/pt\/product\/wholesale-portable-a4-thermal-printer-a43\/","title":{"rendered":"Impressora t\u00e9rmica A4 port\u00e1til no atacado - A43, compat\u00edvel com USB, Bluetooth, software de edi\u00e7\u00e3o de ofertas"},"content":{"rendered":"<h2 class=\"wp-block-heading\">Detalhes da impressora t\u00e9rmica port\u00e1til A4 - A43<\/h2>\n\n\n\n<hr class=\"wp-block-separator has-alpha-channel-opacity\"\/>\n\n\n\n<figure class=\"wp-block-image size-large\"><img decoding=\"async\" width=\"905\" height=\"1280\" src=\"https:\/\/www.aiyin.com\/wp-content\/uploads\/2025\/04\/A43-11-905x1280.webp\" alt=\"\" class=\"wp-image-4376\" srcset=\"https:\/\/www.aiyin.com\/wp-content\/uploads\/2025\/04\/A43-11-905x1280.webp 905w, https:\/\/www.aiyin.com\/wp-content\/uploads\/2025\/04\/A43-11-768x1086.webp 768w, https:\/\/www.aiyin.com\/wp-content\/uploads\/2025\/04\/A43-11-8x12.webp 8w, https:\/\/www.aiyin.com\/wp-content\/uploads\/2025\/04\/A43-11-600x849.webp 600w, https:\/\/www.aiyin.com\/wp-content\/uploads\/2025\/04\/A43-11.webp 1722w\" sizes=\"(max-width: 905px) 100vw, 905px\" \/><\/figure>","protected":false},"excerpt":{"rendered":"<p>Impressora t\u00e9rmica port\u00e1til A4 para atacado, projetada para escrit\u00f3rios dom\u00e9sticos e pequenas empresas. Oferece resultados de impress\u00e3o n\u00edtidos e r\u00e1pidos, suporta impress\u00e3o sem fio e pode ajustar facilmente a largura do papel para atender a diferentes necessidades de impress\u00e3o. Sua bateria de longa dura\u00e7\u00e3o garante o uso est\u00e1vel a longo prazo e \u00e9 compat\u00edvel com v\u00e1rios dispositivos, o que a torna a op\u00e7\u00e3o ideal para o trabalho di\u00e1rio em home office. Entre em contato conosco para obter uma cota\u00e7\u00e3o.<\/p>\n<h2>Recursos da impressora t\u00e9rmica port\u00e1til A4 - A43<\/h2>\n<div>\n<p><strong>Impress\u00e3o sem tinta:<\/strong> Com a tecnologia de impress\u00e3o t\u00e9rmica, n\u00e3o h\u00e1 necessidade de substituir cartuchos de tinta ou fitas, eliminando o problema de substitui\u00e7\u00e3o de tinta e manuten\u00e7\u00e3o, o que a torna muito adequada para o uso di\u00e1rio em escrit\u00f3rios dom\u00e9sticos.<\/p>\n<p><strong>Compatibilidade de aplicativos:<\/strong> Os usu\u00e1rios podem baixar os aplicativos da AiYin em plataformas como a App Store e o Google Play para gerenciar facilmente as tarefas de impress\u00e3o.<\/p>\n<p><strong>Bateria de longa dura\u00e7\u00e3o:<\/strong> A impressora t\u00e9rmica port\u00e1til tem uma bateria com capacidade de 1800mAh, o que garante o uso a longo prazo e permite lidar facilmente com v\u00e1rias tarefas dom\u00e9sticas e de escrit\u00f3rio.<\/p>\n<p><strong>Ajuste conveniente da largura do papel:<\/strong> Suporta o ajuste da largura do papel de 56 mm a 216 mm para se adaptar a diferentes tamanhos de etiquetas e recibos.<\/p>\n<p><strong>Impress\u00e3o de alta velocidade e alta defini\u00e7\u00e3o:<\/strong> A velocidade de impress\u00e3o pode chegar a 20 mm\/s (m\u00e1ximo) e a resolu\u00e7\u00e3o \u00e9 de 203 dpi, garantindo uma impress\u00e3o clara e eficiente.<\/p>\n<\/div>","protected":false},"featured_media":4378,"comment_status":"closed","ping_status":"closed","template":"","meta":{"_acf_changed":true},"product_brand":[],"product_cat":[21],"product_tag":[],"class_list":{"0":"post-4375","1":"product","2":"type-product","3":"status-publish","4":"has-post-thumbnail","6":"product_cat-home-office-printer","7":"pa_function-letter-a4-thermal-printer","8":"pa_print-width-8-inches","10":"first","11":"instock","12":"shipping-taxable","13":"product-type-simple"},"acf":[],"_links":{"self":[{"href":"https:\/\/www.aiyin.com\/pt\/wp-json\/wp\/v2\/product\/4375","targetHints":{"allow":["GET"]}}],"collection":[{"href":"https:\/\/www.aiyin.com\/pt\/wp-json\/wp\/v2\/product"}],"about":[{"href":"https:\/\/www.aiyin.com\/pt\/wp-json\/wp\/v2\/types\/product"}],"replies":[{"embeddable":true,"href":"https:\/\/www.aiyin.com\/pt\/wp-json\/wp\/v2\/comments?post=4375"}],"wp:featuredmedia":[{"embeddable":true,"href":"https:\/\/www.aiyin.com\/pt\/wp-json\/wp\/v2\/media\/4378"}],"wp:attachment":[{"href":"https:\/\/www.aiyin.com\/pt\/wp-json\/wp\/v2\/media?parent=4375"}],"wp:term":[{"taxonomy":"product_brand","embeddable":true,"href":"https:\/\/www.aiyin.com\/pt\/wp-json\/wp\/v2\/product_brand?post=4375"},{"taxonomy":"product_cat","embeddable":true,"href":"https:\/\/www.aiyin.com\/pt\/wp-json\/wp\/v2\/product_cat?post=4375"},{"taxonomy":"product_tag","embeddable":true,"href":"https:\/\/www.aiyin.com\/pt\/wp-json\/wp\/v2\/product_tag?post=4375"}],"curies":[{"name":"wp","href":"https:\/\/api.w.org\/{rel}","templated":true}]}}