{"id":4368,"date":"2025-02-20T10:22:58","date_gmt":"2025-02-20T10:22:58","guid":{"rendered":"https:\/\/www.aiyin.com\/?post_type=product&#038;p=4368"},"modified":"2025-06-16T02:16:14","modified_gmt":"2025-06-16T02:16:14","slug":"wholesale-a4-portable-thermal-printer-a41","status":"publish","type":"product","link":"https:\/\/www.aiyin.com\/pt\/product\/wholesale-a4-portable-thermal-printer-a41\/","title":{"rendered":"Impressora t\u00e9rmica port\u00e1til A4 por atacado - A41, impress\u00e3o n\u00edtida, suporte a v\u00e1rios m\u00e9todos de conex\u00e3o, oferece software de edi\u00e7\u00e3o"},"content":{"rendered":"<h2 class=\"wp-block-heading\">Detalhes da impressora t\u00e9rmica port\u00e1til A4 - A41<\/h2>\n\n\n\n<hr class=\"wp-block-separator has-alpha-channel-opacity\"\/>\n\n\n\n<figure class=\"wp-block-image size-large\"><img decoding=\"async\" width=\"905\" height=\"1280\" src=\"https:\/\/www.aiyin.com\/wp-content\/uploads\/2025\/04\/A41-11-905x1280.webp\" alt=\"\" class=\"wp-image-4369\" srcset=\"https:\/\/www.aiyin.com\/wp-content\/uploads\/2025\/04\/A41-11-905x1280.webp 905w, https:\/\/www.aiyin.com\/wp-content\/uploads\/2025\/04\/A41-11-768x1086.webp 768w, https:\/\/www.aiyin.com\/wp-content\/uploads\/2025\/04\/A41-11-8x12.webp 8w, https:\/\/www.aiyin.com\/wp-content\/uploads\/2025\/04\/A41-11-600x849.webp 600w, https:\/\/www.aiyin.com\/wp-content\/uploads\/2025\/04\/A41-11.webp 1722w\" sizes=\"(max-width: 905px) 100vw, 905px\" \/><\/figure>","protected":false},"excerpt":{"rendered":"<p>Impressora t\u00e9rmica A4 por atacado, a impressora t\u00e9rmica A4 \u00e9 a op\u00e7\u00e3o ideal para as empresas simplificarem os processos de impress\u00e3o. Ela n\u00e3o requer tinta ou toner. \u00c9 econ\u00f4mica e f\u00e1cil de manter. Ela pode imprimir faturas, etiquetas, documentos e outros conte\u00fados. Oferecemos op\u00e7\u00f5es flex\u00edveis de atacado para garantir que voc\u00ea receba pedidos em massa pelo melhor pre\u00e7o. Entre em contato conosco.<\/p>\n<h2>Recursos da impressora t\u00e9rmica port\u00e1til A4 - A41<\/h2>\n<div>\n<p><strong>F\u00e1cil de usar:<\/strong> As impressoras t\u00e9rmicas A4 da AiYin s\u00e3o f\u00e1ceis de usar. As empresas podem integr\u00e1-las rapidamente aos sistemas existentes sem a necessidade de conhecimento t\u00e9cnico.<\/p>\n<p><strong>Compatibilidade de aplicativos:<\/strong> Os usu\u00e1rios podem baixar os aplicativos da AiYin em plataformas como a App Store e o Google Play para gerenciar facilmente as tarefas de impress\u00e3o.<\/p>\n<p><strong>Baixo custo de manuten\u00e7\u00e3o:<\/strong> As impressoras t\u00e9rmicas s\u00e3o projetadas com a simplicidade em mente. As impressoras t\u00e9rmicas t\u00eam menos pe\u00e7as m\u00f3veis, o que reduz a probabilidade de falha mec\u00e2nica e reduz os custos de reparos.<\/p>\n<p><strong>Opera\u00e7\u00e3o silenciosa:<\/strong> As impressoras t\u00e9rmicas A4 s\u00e3o silenciosas, o que as torna ideais para empresas que valorizam um ambiente silencioso e profissional.<\/p>\n<\/div>","protected":false},"featured_media":4371,"comment_status":"closed","ping_status":"closed","template":"","meta":{"_acf_changed":true},"product_brand":[],"product_cat":[21],"product_tag":[],"class_list":{"0":"post-4368","1":"product","2":"type-product","3":"status-publish","4":"has-post-thumbnail","6":"product_cat-home-office-printer","7":"pa_function-letter-a4-thermal-printer","8":"pa_print-width-8-inches","10":"first","11":"instock","12":"shipping-taxable","13":"product-type-simple"},"acf":[],"_links":{"self":[{"href":"https:\/\/www.aiyin.com\/pt\/wp-json\/wp\/v2\/product\/4368","targetHints":{"allow":["GET"]}}],"collection":[{"href":"https:\/\/www.aiyin.com\/pt\/wp-json\/wp\/v2\/product"}],"about":[{"href":"https:\/\/www.aiyin.com\/pt\/wp-json\/wp\/v2\/types\/product"}],"replies":[{"embeddable":true,"href":"https:\/\/www.aiyin.com\/pt\/wp-json\/wp\/v2\/comments?post=4368"}],"wp:featuredmedia":[{"embeddable":true,"href":"https:\/\/www.aiyin.com\/pt\/wp-json\/wp\/v2\/media\/4371"}],"wp:attachment":[{"href":"https:\/\/www.aiyin.com\/pt\/wp-json\/wp\/v2\/media?parent=4368"}],"wp:term":[{"taxonomy":"product_brand","embeddable":true,"href":"https:\/\/www.aiyin.com\/pt\/wp-json\/wp\/v2\/product_brand?post=4368"},{"taxonomy":"product_cat","embeddable":true,"href":"https:\/\/www.aiyin.com\/pt\/wp-json\/wp\/v2\/product_cat?post=4368"},{"taxonomy":"product_tag","embeddable":true,"href":"https:\/\/www.aiyin.com\/pt\/wp-json\/wp\/v2\/product_tag?post=4368"}],"curies":[{"name":"wp","href":"https:\/\/api.w.org\/{rel}","templated":true}]}}