{"id":4339,"date":"2025-02-20T09:29:46","date_gmt":"2025-02-20T09:29:46","guid":{"rendered":"https:\/\/www.aiyin.com\/?post_type=product&#038;p=4339"},"modified":"2025-06-16T01:08:10","modified_gmt":"2025-06-16T01:08:10","slug":"wholesale-thermal-tattoo-printer-a8","status":"publish","type":"product","link":"https:\/\/www.aiyin.com\/pt\/product\/wholesale-thermal-tattoo-printer-a8\/","title":{"rendered":"Impressora t\u00e9rmica para tatuagem no atacado - A8s, fornece muitos modelos"},"content":{"rendered":"<h2 class=\"wp-block-heading\" id=\"block-6f2e5961-43bf-4743-b305-1d1915b1225b\">Detalhes da impressora t\u00e9rmica para tatuagem - A8s<\/h2>\n\n\n\n<hr class=\"wp-block-separator has-alpha-channel-opacity\"\/>\n\n\n\n<figure class=\"wp-block-image size-large\"><img decoding=\"async\" width=\"905\" height=\"1280\" src=\"https:\/\/www.aiyin.com\/wp-content\/uploads\/2025\/02\/A8s-1-905x1280.webp\" alt=\"\" class=\"wp-image-4741\" srcset=\"https:\/\/www.aiyin.com\/wp-content\/uploads\/2025\/02\/A8s-1-905x1280.webp 905w, https:\/\/www.aiyin.com\/wp-content\/uploads\/2025\/02\/A8s-1-768x1086.webp 768w, https:\/\/www.aiyin.com\/wp-content\/uploads\/2025\/02\/A8s-1-8x12.webp 8w, https:\/\/www.aiyin.com\/wp-content\/uploads\/2025\/02\/A8s-1-600x848.webp 600w\" sizes=\"(max-width: 905px) 100vw, 905px\" \/><\/figure>","protected":false},"excerpt":{"rendered":"<p>Impressora de tatuagem t\u00e9rmica por atacado, essa impressora de tatuagem t\u00e9rmica A8s tem velocidade ultra-alta e recursos de impress\u00e3o de alta resolu\u00e7\u00e3o, garantindo que cada detalhe do desenho da tatuagem seja claramente apresentado. O APP \u00e9 equipado com uma rica biblioteca de modelos de tatuagem, os usu\u00e1rios podem facilmente selecionar e imprimir padr\u00f5es de design, melhorando muito a efici\u00eancia do trabalho. Oferecemos servi\u00e7os profissionais de atacado e op\u00e7\u00f5es personalizadas. Entre em contato conosco para obter uma cota\u00e7\u00e3o.<\/p>\n<h2>Recursos da impressora t\u00e9rmica para tatuagem - A8s<\/h2>\n<div>\n<p><strong>Interface de usu\u00e1rio amig\u00e1vel:<\/strong> A impressora t\u00e9rmica de tatuagem A8s \u00e9 f\u00e1cil de usar. O aplicativo \u00e9 simples e conveniente de usar, de modo que os usu\u00e1rios podem escolher e imprimir facilmente e em pouco tempo. A interface f\u00e1cil de usar para iniciantes proporciona uma experi\u00eancia ininterrupta.<\/p>\n<p><strong>Recursos de personaliza\u00e7\u00e3o:<\/strong> Al\u00e9m dos modelos no aplicativo, o A8s tamb\u00e9m suporta a importa\u00e7\u00e3o de designs personalizados, perfeitos para aqueles que desejam imprimir seu pr\u00f3prio trabalho exclusivo. Isso abre a porta para muitos estilos diferentes de tatuagens e prefer\u00eancias pessoais.<\/p>\n<p><strong>Configura\u00e7\u00e3o e opera\u00e7\u00e3o simples:<\/strong> Com uma configura\u00e7\u00e3o simples e uma interface intuitiva, os usu\u00e1rios podem facilmente come\u00e7ar a imprimir designs, com altas taxas de produtividade.<\/p>\n<p><strong>Dur\u00e1vel e est\u00e1vel:<\/strong> O produto obteve v\u00e1rias certifica\u00e7\u00f5es internacionais, como CE, ISO, UKCA, etc., e oferece servi\u00e7o p\u00f3s-venda profissional.<\/p>\n<\/div>","protected":false},"featured_media":4342,"comment_status":"closed","ping_status":"closed","template":"","meta":{"_acf_changed":true},"product_brand":[],"product_cat":[21],"product_tag":[],"class_list":{"0":"post-4339","1":"product","2":"type-product","3":"status-publish","4":"has-post-thumbnail","6":"product_cat-home-office-printer","7":"pa_function-tattoo-stencil-printer","8":"pa_print-width-8-inches","10":"first","11":"instock","12":"shipping-taxable","13":"product-type-simple"},"acf":[],"_links":{"self":[{"href":"https:\/\/www.aiyin.com\/pt\/wp-json\/wp\/v2\/product\/4339","targetHints":{"allow":["GET"]}}],"collection":[{"href":"https:\/\/www.aiyin.com\/pt\/wp-json\/wp\/v2\/product"}],"about":[{"href":"https:\/\/www.aiyin.com\/pt\/wp-json\/wp\/v2\/types\/product"}],"replies":[{"embeddable":true,"href":"https:\/\/www.aiyin.com\/pt\/wp-json\/wp\/v2\/comments?post=4339"}],"wp:featuredmedia":[{"embeddable":true,"href":"https:\/\/www.aiyin.com\/pt\/wp-json\/wp\/v2\/media\/4342"}],"wp:attachment":[{"href":"https:\/\/www.aiyin.com\/pt\/wp-json\/wp\/v2\/media?parent=4339"}],"wp:term":[{"taxonomy":"product_brand","embeddable":true,"href":"https:\/\/www.aiyin.com\/pt\/wp-json\/wp\/v2\/product_brand?post=4339"},{"taxonomy":"product_cat","embeddable":true,"href":"https:\/\/www.aiyin.com\/pt\/wp-json\/wp\/v2\/product_cat?post=4339"},{"taxonomy":"product_tag","embeddable":true,"href":"https:\/\/www.aiyin.com\/pt\/wp-json\/wp\/v2\/product_tag?post=4339"}],"curies":[{"name":"wp","href":"https:\/\/api.w.org\/{rel}","templated":true}]}}