{"id":3518,"date":"2025-02-20T07:10:25","date_gmt":"2025-02-20T07:10:25","guid":{"rendered":"https:\/\/www.jinghuaceramic.com\/?post_type=product&#038;p=3518"},"modified":"2025-07-08T07:27:49","modified_gmt":"2025-07-08T07:27:49","slug":"wholesale-thermal-label-printer-tape","status":"publish","type":"product","link":"https:\/\/www.aiyin.com\/pt\/product\/wholesale-thermal-label-printer-tape\/","title":{"rendered":"Fita para impressora de etiquetas t\u00e9rmicas no atacado - Adequada para a m\u00e1quina de etiquetas dom\u00e9sticas AiYin"},"content":{"rendered":"<h2 class=\"wp-block-heading\">Detalhes da fita da impressora de etiquetas t\u00e9rmicas<\/h2>\n\n\n\n<hr class=\"wp-block-separator has-alpha-channel-opacity\" \/>\n\n\n\n<div class=\"wp-block-columns is-layout-flex wp-container-core-columns-is-layout-9d6595d7 wp-block-columns-is-layout-flex\">\n<div class=\"wp-block-column is-layout-flow wp-block-column-is-layout-flow\">\n<figure class=\"wp-block-image size-large\"><img decoding=\"async\" width=\"1280\" height=\"1280\" src=\"https:\/\/www.aiyin.com\/wp-content\/uploads\/2025\/03\/Wholesale-Thermal-Label-Printer-Tape-1-1280x1280.webp\" alt=\"Fita para impressora de etiquetas t\u00e9rmicas no atacado (1)\" class=\"wp-image-3519\" srcset=\"https:\/\/www.aiyin.com\/wp-content\/uploads\/2025\/03\/Wholesale-Thermal-Label-Printer-Tape-1-1280x1280.webp 1280w, https:\/\/www.aiyin.com\/wp-content\/uploads\/2025\/03\/Wholesale-Thermal-Label-Printer-Tape-1-150x150.webp 150w, https:\/\/www.aiyin.com\/wp-content\/uploads\/2025\/03\/Wholesale-Thermal-Label-Printer-Tape-1-768x768.webp 768w, https:\/\/www.aiyin.com\/wp-content\/uploads\/2025\/03\/Wholesale-Thermal-Label-Printer-Tape-1-300x300.webp 300w, https:\/\/www.aiyin.com\/wp-content\/uploads\/2025\/03\/Wholesale-Thermal-Label-Printer-Tape-1-600x600.webp 600w, https:\/\/www.aiyin.com\/wp-content\/uploads\/2025\/03\/Wholesale-Thermal-Label-Printer-Tape-1-100x100.webp 100w\" sizes=\"(max-width: 1280px) 100vw, 1280px\" \/><\/figure>\n<\/div>\n\n\n\n<div class=\"wp-block-column is-layout-flow wp-block-column-is-layout-flow\">\n<figure class=\"wp-block-image size-large\"><img decoding=\"async\" width=\"1280\" height=\"1280\" src=\"https:\/\/www.aiyin.com\/wp-content\/uploads\/2025\/03\/Wholesale-Thermal-Label-Printer-Tape-2-1280x1280.webp\" alt=\"Fita para impressora de etiquetas t\u00e9rmicas no atacado (2)\" class=\"wp-image-3520\" srcset=\"https:\/\/www.aiyin.com\/wp-content\/uploads\/2025\/03\/Wholesale-Thermal-Label-Printer-Tape-2-1280x1280.webp 1280w, https:\/\/www.aiyin.com\/wp-content\/uploads\/2025\/03\/Wholesale-Thermal-Label-Printer-Tape-2-150x150.webp 150w, https:\/\/www.aiyin.com\/wp-content\/uploads\/2025\/03\/Wholesale-Thermal-Label-Printer-Tape-2-768x768.webp 768w, https:\/\/www.aiyin.com\/wp-content\/uploads\/2025\/03\/Wholesale-Thermal-Label-Printer-Tape-2-300x300.webp 300w, https:\/\/www.aiyin.com\/wp-content\/uploads\/2025\/03\/Wholesale-Thermal-Label-Printer-Tape-2-600x600.webp 600w, https:\/\/www.aiyin.com\/wp-content\/uploads\/2025\/03\/Wholesale-Thermal-Label-Printer-Tape-2-100x100.webp 100w\" sizes=\"(max-width: 1280px) 100vw, 1280px\" \/><\/figure>\n<\/div>\n<\/div>","protected":false},"excerpt":{"rendered":"<p>A fita para impressora de etiquetas t\u00e9rmicas no atacado, projetada para impressoras de etiquetas t\u00e9rmicas, oferece impress\u00e3o clara e n\u00edtida sem tinta ou toner. Perfeita para c\u00f3digos de barras, etiquetas de pre\u00e7o, etiquetas de remessa e muito mais.<\/p>\n<h2>Recursos da fita para impressora de etiquetas t\u00e9rmicas<\/h2>\n<div>\n<p><strong>Impressora t\u00e9rmica Aplic\u00e1vel:<\/strong> \u00c9 usado um revestimento t\u00e9rmico de alta qualidade, e n\u00e3o \u00e9 necess\u00e1ria tinta para a impress\u00e3o.<\/p>\n<p><strong>Seguro e ecologicamente correto:<\/strong> A fita t\u00e9rmica para impressora de etiquetas da AiYin n\u00e3o cont\u00e9m BPA\/BPS e foi aprovada em v\u00e1rias certifica\u00e7\u00f5es ambientais e de seguran\u00e7a, incluindo FSC e RoHs.<\/p>\n<p><strong>Aplic\u00e1vel a uma variedade de cen\u00e1rios:<\/strong> De caixas de papel\u00e3o de produtos industriais a pastas, gavetas, malas e prateleiras, essa etiqueta pode ser afixada e facilmente removida.<\/p>\n<p><strong>Econ\u00f4mico:<\/strong> Esses mini rolos de papel t\u00e9rmico s\u00e3o vendidos a pre\u00e7os de atacado, proporcionando uma solu\u00e7\u00e3o de etiquetagem acess\u00edvel para uso pessoal e profissional.<\/p>\n<\/div>","protected":false},"featured_media":3520,"comment_status":"closed","ping_status":"closed","template":"","meta":{"_acf_changed":false},"product_brand":[],"product_cat":[120],"product_tag":[],"class_list":{"0":"post-3518","1":"product","2":"type-product","3":"status-publish","4":"has-post-thumbnail","6":"product_cat-wholesale-thermal-paper-rolls","7":"pa_paper-for-home-label-maker","9":"first","10":"instock","11":"shipping-taxable","12":"product-type-simple"},"acf":[],"_links":{"self":[{"href":"https:\/\/www.aiyin.com\/pt\/wp-json\/wp\/v2\/product\/3518","targetHints":{"allow":["GET"]}}],"collection":[{"href":"https:\/\/www.aiyin.com\/pt\/wp-json\/wp\/v2\/product"}],"about":[{"href":"https:\/\/www.aiyin.com\/pt\/wp-json\/wp\/v2\/types\/product"}],"replies":[{"embeddable":true,"href":"https:\/\/www.aiyin.com\/pt\/wp-json\/wp\/v2\/comments?post=3518"}],"wp:featuredmedia":[{"embeddable":true,"href":"https:\/\/www.aiyin.com\/pt\/wp-json\/wp\/v2\/media\/3520"}],"wp:attachment":[{"href":"https:\/\/www.aiyin.com\/pt\/wp-json\/wp\/v2\/media?parent=3518"}],"wp:term":[{"taxonomy":"product_brand","embeddable":true,"href":"https:\/\/www.aiyin.com\/pt\/wp-json\/wp\/v2\/product_brand?post=3518"},{"taxonomy":"product_cat","embeddable":true,"href":"https:\/\/www.aiyin.com\/pt\/wp-json\/wp\/v2\/product_cat?post=3518"},{"taxonomy":"product_tag","embeddable":true,"href":"https:\/\/www.aiyin.com\/pt\/wp-json\/wp\/v2\/product_tag?post=3518"}],"curies":[{"name":"wp","href":"https:\/\/api.w.org\/{rel}","templated":true}]}}