{"id":2454,"date":"2025-02-20T02:44:36","date_gmt":"2025-02-20T02:44:36","guid":{"rendered":"https:\/\/www.jinghuaceramic.com\/?post_type=product&#038;p=2454"},"modified":"2025-02-22T07:22:35","modified_gmt":"2025-02-22T07:22:35","slug":"wireless-2d-handheld-barcode-scanner-s14","status":"publish","type":"product","link":"https:\/\/www.aiyin.com\/pt\/product\/wireless-2d-handheld-barcode-scanner-s14\/","title":{"rendered":"Leitor port\u00e1til de c\u00f3digo de barras 2D sem fio no atacado - S14, bateria grande, capacidade de reconhecimento poderosa"},"content":{"rendered":"<h2 class=\"wp-block-heading\">Detalhes do leitor port\u00e1til de c\u00f3digo de barras 2D sem fio - S14<\/h2>\n\n\n\n<hr class=\"wp-block-separator has-alpha-channel-opacity\"\/>\n\n\n\n<figure class=\"wp-block-image size-large\"><img decoding=\"async\" width=\"1239\" height=\"1280\" src=\"https:\/\/www.aiyin.com\/wp-content\/uploads\/2025\/02\/Wireless-2D-Handheld-Barcode-Scanner\u200b-1-1239x1280.webp\" alt=\"Leitor port\u00e1til de c\u00f3digo de barras 2D sem fio (1)\" class=\"wp-image-2458\" srcset=\"https:\/\/www.aiyin.com\/wp-content\/uploads\/2025\/02\/Wireless-2D-Handheld-Barcode-Scanner\u200b-1-1239x1280.webp 1239w, https:\/\/www.aiyin.com\/wp-content\/uploads\/2025\/02\/Wireless-2D-Handheld-Barcode-Scanner\u200b-1-768x794.webp 768w, https:\/\/www.aiyin.com\/wp-content\/uploads\/2025\/02\/Wireless-2D-Handheld-Barcode-Scanner\u200b-1-600x620.webp 600w\" sizes=\"(max-width: 1239px) 100vw, 1239px\" \/><\/figure>","protected":false},"excerpt":{"rendered":"<p>Leitor de c\u00f3digo de barras port\u00e1til 2D sem fio no atacado - S14 A eficiente fun\u00e7\u00e3o de leitura de c\u00f3digo de barras ajuda a simplificar o gerenciamento de estoque. Por meio da conex\u00e3o Bluetooth sem fio, a equipe pode se movimentar livremente no dep\u00f3sito e ler rapidamente os c\u00f3digos de barras dos produtos. Al\u00e9m disso, o S14 tamb\u00e9m tem um bom desempenho no setor de varejo, no setor m\u00e9dico e no setor de entregas expressas, sendo um poderoso assistente para o gerenciamento de informa\u00e7\u00f5es. Entre em contato conosco para obter uma cota\u00e7\u00e3o.<\/p>\n<h2>Recursos do leitor port\u00e1til de c\u00f3digo de barras 2D sem fio - S14<\/h2>\n<div>\n<p><strong>Forte capacidade de reconhecimento de c\u00f3digos de tela:<\/strong> O scanner de c\u00f3digo de barras port\u00e1til 2d sem fio S14 pode n\u00e3o apenas reconhecer c\u00f3digos de barras tradicionais em papel, mas tamb\u00e9m escanear com precis\u00e3o c\u00f3digos de barras em telefones celulares ou telas de computador (como c\u00f3digos QR)<\/p>\n<p><strong>Alta precis\u00e3o de reconhecimento:<\/strong> A precis\u00e3o do reconhecimento de c\u00f3digo de barras do S14 \u00e9 de at\u00e9 4mil (c\u00f3digo de barras 1d) e 7mil (c\u00f3digo de barras 2d), o que pode reconhecer com precis\u00e3o v\u00e1rios c\u00f3digos de barras pequenos e borrados e melhorar a taxa de sucesso do escaneamento.<\/p>\n<p><strong>Design leve:<\/strong> O scanner de c\u00f3digo de barras port\u00e1til 2d sem fio S14 pesa apenas 190 g, e seu design leve facilita segur\u00e1-lo por longos per\u00edodos.<\/p>\n<p><strong>Conex\u00e3o sem fio:<\/strong> Com a fun\u00e7\u00e3o bluetooth, os usu\u00e1rios podem usar o leitor de c\u00f3digo de barras sem conex\u00e3o f\u00edsica, tornando a opera\u00e7\u00e3o mais livre e flex\u00edvel.<\/p>\n<\/div>","protected":false},"featured_media":2460,"comment_status":"closed","ping_status":"closed","template":"","meta":{"_acf_changed":true},"product_brand":[],"product_cat":[18],"product_tag":[],"class_list":{"0":"post-2454","1":"product","2":"type-product","3":"status-publish","4":"has-post-thumbnail","6":"product_cat-scanning-terminal","7":"pa_connection-method-wireless","8":"pa_product-type-scanner","10":"first","11":"instock","12":"shipping-taxable","13":"product-type-simple"},"acf":[],"_links":{"self":[{"href":"https:\/\/www.aiyin.com\/pt\/wp-json\/wp\/v2\/product\/2454","targetHints":{"allow":["GET"]}}],"collection":[{"href":"https:\/\/www.aiyin.com\/pt\/wp-json\/wp\/v2\/product"}],"about":[{"href":"https:\/\/www.aiyin.com\/pt\/wp-json\/wp\/v2\/types\/product"}],"replies":[{"embeddable":true,"href":"https:\/\/www.aiyin.com\/pt\/wp-json\/wp\/v2\/comments?post=2454"}],"wp:featuredmedia":[{"embeddable":true,"href":"https:\/\/www.aiyin.com\/pt\/wp-json\/wp\/v2\/media\/2460"}],"wp:attachment":[{"href":"https:\/\/www.aiyin.com\/pt\/wp-json\/wp\/v2\/media?parent=2454"}],"wp:term":[{"taxonomy":"product_brand","embeddable":true,"href":"https:\/\/www.aiyin.com\/pt\/wp-json\/wp\/v2\/product_brand?post=2454"},{"taxonomy":"product_cat","embeddable":true,"href":"https:\/\/www.aiyin.com\/pt\/wp-json\/wp\/v2\/product_cat?post=2454"},{"taxonomy":"product_tag","embeddable":true,"href":"https:\/\/www.aiyin.com\/pt\/wp-json\/wp\/v2\/product_tag?post=2454"}],"curies":[{"name":"wp","href":"https:\/\/api.w.org\/{rel}","templated":true}]}}