{"id":2450,"date":"2025-02-20T02:23:14","date_gmt":"2025-02-20T02:23:14","guid":{"rendered":"https:\/\/www.jinghuaceramic.com\/?post_type=product&#038;p=2450"},"modified":"2025-02-22T07:33:07","modified_gmt":"2025-02-22T07:33:07","slug":"wholesale-2d-wired-barcode-scanner-s13","status":"publish","type":"product","link":"https:\/\/www.aiyin.com\/pt\/product\/wholesale-2d-wired-barcode-scanner-s13\/","title":{"rendered":"Leitor de c\u00f3digo de barras com fio para atacado 2D - S13, leitura r\u00e1pida, decodifica\u00e7\u00e3o inteligente"},"content":{"rendered":"<h2 class=\"wp-block-heading\">Detalhes do leitor de c\u00f3digo de barras com fio 2D - S13 <\/h2>\n\n\n\n<hr class=\"wp-block-separator has-alpha-channel-opacity\"\/>\n\n\n\n<figure class=\"wp-block-image size-large\"><img decoding=\"async\" width=\"1225\" height=\"1280\" src=\"https:\/\/www.aiyin.com\/wp-content\/uploads\/2025\/02\/Wired-2D-Barcode-Scanner\u200b-Details-1-1225x1280.webp\" alt=\"Detalhes do leitor de c\u00f3digo de barras 2D com fio (1)\" class=\"wp-image-2452\" srcset=\"https:\/\/www.aiyin.com\/wp-content\/uploads\/2025\/02\/Wired-2D-Barcode-Scanner\u200b-Details-1-1225x1280.webp 1225w, https:\/\/www.aiyin.com\/wp-content\/uploads\/2025\/02\/Wired-2D-Barcode-Scanner\u200b-Details-1-768x803.webp 768w, https:\/\/www.aiyin.com\/wp-content\/uploads\/2025\/02\/Wired-2D-Barcode-Scanner\u200b-Details-1-600x627.webp 600w\" sizes=\"(max-width: 1225px) 100vw, 1225px\" \/><\/figure>","protected":false},"excerpt":{"rendered":"<p>O scanner de c\u00f3digo de barras 2D com fio S13, S13 \u00e9 equipado com tecnologia de decodifica\u00e7\u00e3o avan\u00e7ada e lentes de digitaliza\u00e7\u00e3o de alta qualidade, pode funcionar de forma est\u00e1vel sob v\u00e1rias condi\u00e7\u00f5es de ilumina\u00e7\u00e3o, identificar com precis\u00e3o v\u00e1rios tipos de c\u00f3digos de barras 1D e 2D, adequado para varejo, armazenamento, log\u00edstica, medicina e outros setores. Suporte a OEM e ODM, entre em contato conosco para obter uma cota\u00e7\u00e3o.<\/p>\n<h2>Recursos do leitor de c\u00f3digo de barras 2D com fio - S13<\/h2>\n<div>\n<p><strong>Excelente desempenho de decodifica\u00e7\u00e3o:<\/strong> O scanner de c\u00f3digo de barras com fio S13 2D tem velocidade de decodifica\u00e7\u00e3o r\u00e1pida e precis\u00e3o de reconhecimento extremamente alta, lidando de forma eficaz com alguns c\u00f3digos de barras borrados e melhorando a efici\u00eancia da leitura.<\/p>\n<p><strong>Amplos recursos de reconhecimento de c\u00f3digo de barras:<\/strong> O leitor de c\u00f3digo de barras com fio S13 suporta uma variedade de c\u00f3digos de barras unidimensionais (como UPC, EAN, Code128, etc.) e bidimensionais (como c\u00f3digo QR, PDF417, Data Matrix, etc.), lidando facilmente com c\u00f3digos de barras de produtos de varejo e c\u00f3digos bidimensionais no gerenciamento de log\u00edstica.<\/p>\n<p><strong>Velocidade de digitaliza\u00e7\u00e3o r\u00e1pida:<\/strong> O scanner de c\u00f3digo de barras com fio S13 2D tem uma velocidade de leitura r\u00e1pida, o que pode reduzir significativamente o tempo de checkout, armazenamento, sa\u00edda e outros processos, al\u00e9m de melhorar a fluidez das opera\u00e7\u00f5es comerciais.<\/p>\n<p><strong>Boa fonte de ilumina\u00e7\u00e3o:<\/strong> Equipado com ilumina\u00e7\u00e3o LED branca de 360 nm a 830 nm, o leitor de c\u00f3digo de barras S11 ainda pode manter o efeito de reconhecimento est\u00e1vel sob diferentes condi\u00e7\u00f5es de ilumina\u00e7\u00e3o.<\/p>\n<\/div>","protected":false},"featured_media":2451,"comment_status":"closed","ping_status":"closed","template":"","meta":{"_acf_changed":true},"product_brand":[],"product_cat":[18],"product_tag":[],"class_list":{"0":"post-2450","1":"product","2":"type-product","3":"status-publish","4":"has-post-thumbnail","6":"product_cat-scanning-terminal","7":"pa_connection-method-wired","8":"pa_product-type-scanner","10":"first","11":"instock","12":"shipping-taxable","13":"product-type-simple"},"acf":[],"_links":{"self":[{"href":"https:\/\/www.aiyin.com\/pt\/wp-json\/wp\/v2\/product\/2450","targetHints":{"allow":["GET"]}}],"collection":[{"href":"https:\/\/www.aiyin.com\/pt\/wp-json\/wp\/v2\/product"}],"about":[{"href":"https:\/\/www.aiyin.com\/pt\/wp-json\/wp\/v2\/types\/product"}],"replies":[{"embeddable":true,"href":"https:\/\/www.aiyin.com\/pt\/wp-json\/wp\/v2\/comments?post=2450"}],"wp:featuredmedia":[{"embeddable":true,"href":"https:\/\/www.aiyin.com\/pt\/wp-json\/wp\/v2\/media\/2451"}],"wp:attachment":[{"href":"https:\/\/www.aiyin.com\/pt\/wp-json\/wp\/v2\/media?parent=2450"}],"wp:term":[{"taxonomy":"product_brand","embeddable":true,"href":"https:\/\/www.aiyin.com\/pt\/wp-json\/wp\/v2\/product_brand?post=2450"},{"taxonomy":"product_cat","embeddable":true,"href":"https:\/\/www.aiyin.com\/pt\/wp-json\/wp\/v2\/product_cat?post=2450"},{"taxonomy":"product_tag","embeddable":true,"href":"https:\/\/www.aiyin.com\/pt\/wp-json\/wp\/v2\/product_tag?post=2450"}],"curies":[{"name":"wp","href":"https:\/\/api.w.org\/{rel}","templated":true}]}}