{"id":2443,"date":"2025-02-20T01:58:52","date_gmt":"2025-02-20T01:58:52","guid":{"rendered":"https:\/\/www.jinghuaceramic.com\/?post_type=product&#038;p=2443"},"modified":"2025-02-22T07:39:03","modified_gmt":"2025-02-22T07:39:03","slug":"wholesale-handheld-products-barcode-scanner-s12","status":"publish","type":"product","link":"https:\/\/www.aiyin.com\/pt\/product\/wholesale-handheld-products-barcode-scanner-s12\/","title":{"rendered":"Produtos port\u00e1teis por atacado Leitor de c\u00f3digo de barras - S12 - Fabricante do leitor de c\u00f3digo de barras AiYin"},"content":{"rendered":"<h2 class=\"wp-block-heading\">Detalhes do scanner port\u00e1til de c\u00f3digo de barras de produtos<\/h2>\n\n\n\n<hr class=\"wp-block-separator has-alpha-channel-opacity\"\/>\n\n\n\n<figure class=\"wp-block-image size-large\"><img decoding=\"async\" width=\"1231\" height=\"1280\" src=\"https:\/\/www.aiyin.com\/wp-content\/uploads\/2025\/02\/Handheld-Products-Barcode-Scanner\u200b-Details-1-1231x1280.webp\" alt=\"Detalhes do leitor de c\u00f3digo de barras de produtos port\u00e1teis (1)\" class=\"wp-image-2447\" srcset=\"https:\/\/www.aiyin.com\/wp-content\/uploads\/2025\/02\/Handheld-Products-Barcode-Scanner\u200b-Details-1-1231x1280.webp 1231w, https:\/\/www.aiyin.com\/wp-content\/uploads\/2025\/02\/Handheld-Products-Barcode-Scanner\u200b-Details-1-768x799.webp 768w, https:\/\/www.aiyin.com\/wp-content\/uploads\/2025\/02\/Handheld-Products-Barcode-Scanner\u200b-Details-1-600x624.webp 600w\" sizes=\"(max-width: 1231px) 100vw, 1231px\" \/><\/figure>","protected":false},"excerpt":{"rendered":"<p>O leitor port\u00e1til de c\u00f3digo de barras para produtos no atacado - S12, com recursos eficientes de decodifica\u00e7\u00e3o, proporciona uma experi\u00eancia de digitaliza\u00e7\u00e3o precisa e r\u00e1pida, adequada para todos os tipos de neg\u00f3cios, armazenamento, log\u00edstica, varejo e outros cen\u00e1rios. Ao escolher nosso leitor de c\u00f3digo de barras port\u00e1til no atacado, voc\u00ea desfrutar\u00e1 de produtos com boa rela\u00e7\u00e3o custo-benef\u00edcio e suporte profissional de servi\u00e7o p\u00f3s-venda. Entre em contato conosco para obter uma cota\u00e7\u00e3o.<\/p>\n<h2>Recursos do leitor port\u00e1til de c\u00f3digo de barras de produtos - S12<\/h2>\n<div>\n<p><strong>Reconhecimento r\u00e1pido:<\/strong> O leitor port\u00e1til de c\u00f3digo de barras S12 pode ler c\u00f3digos de barras densos com rapidez e precis\u00e3o, melhorando muito a efici\u00eancia do trabalho.<\/p>\n<p><strong>Ampla compatibilidade:<\/strong> O leitor port\u00e1til de c\u00f3digo de barras S12 \u00e9 compat\u00edvel com interfaces USB 1.1 e superiores e pode ser conectado de forma flex\u00edvel e conveniente a diversos dispositivos, como computadores, sistemas de PDV, dispositivos m\u00f3veis etc.<\/p>\n<p><strong>Alto \u00e2ngulo de reconhecimento:<\/strong> O scanner de c\u00f3digo de barras S12 tem um grande \u00e2ngulo de reconhecimento (70\u00b0 para cima e para baixo, 70\u00b0 para a esquerda e para a direita), permitindo que os usu\u00e1rios fa\u00e7am a leitura facilmente em diferentes \u00e2ngulos, o que \u00e9 especialmente adequado para locais movimentados de varejo, armazenamento e log\u00edstica.<\/p>\n<p><strong>Servi\u00e7o profissional e per\u00edodo de garantia:<\/strong> A AiYin oferece suporte profissional ao cliente e servi\u00e7o p\u00f3s-venda. O scanner de c\u00f3digo de barras S11 tamb\u00e9m vem com um longo per\u00edodo de garantia, e os compradores finais podem desfrutar do servi\u00e7o gratuito de reparo ou substitui\u00e7\u00e3o quando o dispositivo estiver danificado ou com mau funcionamento.<\/p>\n<\/div>","protected":false},"featured_media":2449,"comment_status":"closed","ping_status":"closed","template":"","meta":{"_acf_changed":true},"product_brand":[],"product_cat":[18],"product_tag":[],"class_list":{"0":"post-2443","1":"product","2":"type-product","3":"status-publish","4":"has-post-thumbnail","6":"product_cat-scanning-terminal","7":"pa_connection-method-wired","8":"pa_product-type-scanner","10":"first","11":"instock","12":"shipping-taxable","13":"product-type-simple"},"acf":[],"_links":{"self":[{"href":"https:\/\/www.aiyin.com\/pt\/wp-json\/wp\/v2\/product\/2443","targetHints":{"allow":["GET"]}}],"collection":[{"href":"https:\/\/www.aiyin.com\/pt\/wp-json\/wp\/v2\/product"}],"about":[{"href":"https:\/\/www.aiyin.com\/pt\/wp-json\/wp\/v2\/types\/product"}],"replies":[{"embeddable":true,"href":"https:\/\/www.aiyin.com\/pt\/wp-json\/wp\/v2\/comments?post=2443"}],"wp:featuredmedia":[{"embeddable":true,"href":"https:\/\/www.aiyin.com\/pt\/wp-json\/wp\/v2\/media\/2449"}],"wp:attachment":[{"href":"https:\/\/www.aiyin.com\/pt\/wp-json\/wp\/v2\/media?parent=2443"}],"wp:term":[{"taxonomy":"product_brand","embeddable":true,"href":"https:\/\/www.aiyin.com\/pt\/wp-json\/wp\/v2\/product_brand?post=2443"},{"taxonomy":"product_cat","embeddable":true,"href":"https:\/\/www.aiyin.com\/pt\/wp-json\/wp\/v2\/product_cat?post=2443"},{"taxonomy":"product_tag","embeddable":true,"href":"https:\/\/www.aiyin.com\/pt\/wp-json\/wp\/v2\/product_tag?post=2443"}],"curies":[{"name":"wp","href":"https:\/\/api.w.org\/{rel}","templated":true}]}}