{"id":2439,"date":"2025-02-20T01:38:50","date_gmt":"2025-02-20T01:38:50","guid":{"rendered":"https:\/\/www.jinghuaceramic.com\/?post_type=product&#038;p=2439"},"modified":"2025-02-22T07:40:23","modified_gmt":"2025-02-22T07:40:23","slug":"wholesale-wired-1d-barcode-scanner-s11","status":"publish","type":"product","link":"https:\/\/www.aiyin.com\/pt\/product\/wholesale-wired-1d-barcode-scanner-s11\/","title":{"rendered":"Leitor de c\u00f3digo de barras 1D com fio por atacado - S11, servi\u00e7o p\u00f3s-venda profissional - Fabricante do leitor de c\u00f3digo de barras AiYin"},"content":{"rendered":"<h2 class=\"wp-block-heading\">Detalhes do leitor de c\u00f3digo de barras 1D com fio - S11<\/h2>\n\n\n\n<hr class=\"wp-block-separator has-alpha-channel-opacity\"\/>\n\n\n\n<figure class=\"wp-block-image size-large\"><img decoding=\"async\" width=\"1245\" height=\"1280\" src=\"https:\/\/www.aiyin.com\/wp-content\/uploads\/2025\/02\/Wired-1D-Barcode-Scanner\u200b-Details-1-1245x1280.webp\" alt=\"Detalhes do leitor de c\u00f3digo de barras 1D com fio (1)\" class=\"wp-image-2441\" srcset=\"https:\/\/www.aiyin.com\/wp-content\/uploads\/2025\/02\/Wired-1D-Barcode-Scanner\u200b-Details-1-1245x1280.webp 1245w, https:\/\/www.aiyin.com\/wp-content\/uploads\/2025\/02\/Wired-1D-Barcode-Scanner\u200b-Details-1-768x789.webp 768w, https:\/\/www.aiyin.com\/wp-content\/uploads\/2025\/02\/Wired-1D-Barcode-Scanner\u200b-Details-1-600x617.webp 600w\" sizes=\"(max-width: 1245px) 100vw, 1245px\" \/><\/figure>","protected":false},"excerpt":{"rendered":"<p>Os scanners de c\u00f3digo de barras 1D com fio - S11, 11 no atacado podem oferecer reconhecimento r\u00e1pido e est\u00e1vel de c\u00f3digos de barras, otimizar o fluxo de trabalho e s\u00e3o adequados para uma variedade de cen\u00e1rios de aplica\u00e7\u00e3o, como lojas de varejo, centros de log\u00edstica de dep\u00f3sitos e gerenciamento de linhas de produ\u00e7\u00e3o. Entre em contato conosco para obter mais detalhes sobre o atacado e personalizar solu\u00e7\u00f5es de leitores de c\u00f3digo de barras que atendam \u00e0s suas necessidades.<\/p>\n<h2>Recursos do leitor de c\u00f3digo de barras 1D com fio - S11<\/h2>\n<div>\n<p><strong>Sensa\u00e7\u00e3o de conforto:<\/strong> O design da al\u00e7a do scanner de c\u00f3digo de barras 1D com fio S11 \u00e9 ergon\u00f4mico, confort\u00e1vel de operar e mais f\u00e1cil de usar.<\/p>\n<p><strong>Identifica\u00e7\u00e3o r\u00e1pida:<\/strong> O scanner de c\u00f3digo de barras 1D S11 suporta v\u00e1rios modos de leitura e pode ler com rapidez e precis\u00e3o at\u00e9 mesmo c\u00f3digos de barras densos ou empilhados.<\/p>\n<p><strong>Decodifica\u00e7\u00e3o inteligente:<\/strong> O S11 \u00e9 equipado com uma tecnologia de decodifica\u00e7\u00e3o eficiente, que pode suportar o escaneamento de v\u00e1rios c\u00f3digos de barras 1D, inclusive aqueles com mais danos ou manchas. Ele tem uma taxa de erro de bits ultrabaixa.<\/p>\n<p><strong>Profundidade de escaneamento flex\u00edvel:<\/strong> O scanner de c\u00f3digo de barras S11 tem uma profundidade de escaneamento flex\u00edvel, com uma dist\u00e2ncia m\u00e1xima de escaneamento de at\u00e9 450 mm, o que \u00e9 adequado para escanear c\u00f3digos de barras a v\u00e1rias dist\u00e2ncias.<\/p>\n<\/div>","protected":false},"featured_media":2440,"comment_status":"closed","ping_status":"closed","template":"","meta":{"_acf_changed":true},"product_brand":[],"product_cat":[18],"product_tag":[],"class_list":{"0":"post-2439","1":"product","2":"type-product","3":"status-publish","4":"has-post-thumbnail","6":"product_cat-scanning-terminal","7":"pa_connection-method-wired","8":"pa_product-type-scanner","10":"first","11":"instock","12":"shipping-taxable","13":"product-type-simple"},"acf":[],"_links":{"self":[{"href":"https:\/\/www.aiyin.com\/pt\/wp-json\/wp\/v2\/product\/2439","targetHints":{"allow":["GET"]}}],"collection":[{"href":"https:\/\/www.aiyin.com\/pt\/wp-json\/wp\/v2\/product"}],"about":[{"href":"https:\/\/www.aiyin.com\/pt\/wp-json\/wp\/v2\/types\/product"}],"replies":[{"embeddable":true,"href":"https:\/\/www.aiyin.com\/pt\/wp-json\/wp\/v2\/comments?post=2439"}],"wp:featuredmedia":[{"embeddable":true,"href":"https:\/\/www.aiyin.com\/pt\/wp-json\/wp\/v2\/media\/2440"}],"wp:attachment":[{"href":"https:\/\/www.aiyin.com\/pt\/wp-json\/wp\/v2\/media?parent=2439"}],"wp:term":[{"taxonomy":"product_brand","embeddable":true,"href":"https:\/\/www.aiyin.com\/pt\/wp-json\/wp\/v2\/product_brand?post=2439"},{"taxonomy":"product_cat","embeddable":true,"href":"https:\/\/www.aiyin.com\/pt\/wp-json\/wp\/v2\/product_cat?post=2439"},{"taxonomy":"product_tag","embeddable":true,"href":"https:\/\/www.aiyin.com\/pt\/wp-json\/wp\/v2\/product_tag?post=2439"}],"curies":[{"name":"wp","href":"https:\/\/api.w.org\/{rel}","templated":true}]}}