{"id":2429,"date":"2025-02-19T10:05:40","date_gmt":"2025-02-19T10:05:40","guid":{"rendered":"https:\/\/www.jinghuaceramic.com\/?post_type=product&#038;p=2429"},"modified":"2025-03-28T07:52:50","modified_gmt":"2025-03-28T07:52:50","slug":"wholesale-wireless-2d-handheld-barcode-scanner-s10","status":"publish","type":"product","link":"https:\/\/www.aiyin.com\/pt\/product\/wholesale-wireless-2d-handheld-barcode-scanner-s10\/","title":{"rendered":"Atacado Leitor port\u00e1til de c\u00f3digo de barras 2d sem fio - S10 - Fabricante do leitor de c\u00f3digo de barras AiYin"},"content":{"rendered":"<h2 class=\"wp-block-heading\">Detalhes do scanner port\u00e1til de c\u00f3digo de barras 2d sem fio<\/h2>\n\n\n\n<hr class=\"wp-block-separator has-alpha-channel-opacity\" \/>\n\n\n\n<figure class=\"wp-block-image size-large\"><img decoding=\"async\" width=\"1242\" height=\"1280\" src=\"https:\/\/www.aiyin.com\/wp-content\/uploads\/2025\/02\/Wireless-2d-Handheld-Barcode-Scanner-Details-1-1242x1280.webp\" alt=\"Detalhes do scanner de c\u00f3digo de barras port\u00e1til 2d sem fio (1)\" class=\"wp-image-2437\" srcset=\"https:\/\/www.aiyin.com\/wp-content\/uploads\/2025\/02\/Wireless-2d-Handheld-Barcode-Scanner-Details-1-1242x1280.webp 1242w, https:\/\/www.aiyin.com\/wp-content\/uploads\/2025\/02\/Wireless-2d-Handheld-Barcode-Scanner-Details-1-768x792.webp 768w, https:\/\/www.aiyin.com\/wp-content\/uploads\/2025\/02\/Wireless-2d-Handheld-Barcode-Scanner-Details-1-600x618.webp 600w\" sizes=\"(max-width: 1242px) 100vw, 1242px\" \/><\/figure>","protected":false},"excerpt":{"rendered":"<p>O leitor port\u00e1til de c\u00f3digo de barras 2D sem fio - S10 \u00e9 adequado para v\u00e1rios setores, como varejo, log\u00edstica, armazenamento, manufatura etc. Ele fornece solu\u00e7\u00f5es precisas e r\u00e1pidas para leitura de c\u00f3digo de barras, gerenciamento de invent\u00e1rio e coleta de dados. Entre em contato conosco para obter uma cota\u00e7\u00e3o.<\/p>\n<h2>Recursos do leitor port\u00e1til de c\u00f3digo de barras 2d sem fio - S10<\/h2>\n<div>\n<p><strong>V\u00e1rios modos de escaneamento sem fio:<\/strong> O S10 suporta v\u00e1rios modos de digitaliza\u00e7\u00e3o sem fio, como digitaliza\u00e7\u00e3o instant\u00e2nea e digitaliza\u00e7\u00e3o em lote. Os usu\u00e1rios podem escolher o modo de digitaliza\u00e7\u00e3o mais adequado de acordo com os diferentes cen\u00e1rios de neg\u00f3cios.<\/p>\n<p><strong>Ilumina\u00e7\u00e3o de alto brilho:<\/strong> O S10 usa ilumina\u00e7\u00e3o LED de 630 nm e oferece temperatura de cor de 6500 K para garantir o reconhecimento claro do c\u00f3digo de barras em v\u00e1rias condi\u00e7\u00f5es de ilumina\u00e7\u00e3o.<\/p>\n<p><strong>Opera\u00e7\u00e3o simplificada:<\/strong> O design sem fio permite que o S10 evite as restri\u00e7\u00f5es dos tradicionais scanners de c\u00f3digo de barras com fio e melhore a flexibilidade operacional do dispositivo. Os funcion\u00e1rios podem mover o scanner livremente.<\/p>\n<p><strong>F\u00e1cil de usar:<\/strong> O design leve e o formato ergon\u00f4mico da S10 garantem conforto durante o uso prolongado. O peso leve e a boa ader\u00eancia facilitam o uso prolongado sem cansa\u00e7o para os operadores.<\/p>\n<\/div>","protected":false},"featured_media":2430,"comment_status":"closed","ping_status":"closed","template":"","meta":{"_acf_changed":true},"product_brand":[],"product_cat":[18],"product_tag":[],"class_list":{"0":"post-2429","1":"product","2":"type-product","3":"status-publish","4":"has-post-thumbnail","6":"product_cat-scanning-terminal","7":"pa_connection-method-wireless","8":"pa_product-type-scanner","10":"first","11":"instock","12":"shipping-taxable","13":"product-type-simple"},"acf":[],"_links":{"self":[{"href":"https:\/\/www.aiyin.com\/pt\/wp-json\/wp\/v2\/product\/2429","targetHints":{"allow":["GET"]}}],"collection":[{"href":"https:\/\/www.aiyin.com\/pt\/wp-json\/wp\/v2\/product"}],"about":[{"href":"https:\/\/www.aiyin.com\/pt\/wp-json\/wp\/v2\/types\/product"}],"replies":[{"embeddable":true,"href":"https:\/\/www.aiyin.com\/pt\/wp-json\/wp\/v2\/comments?post=2429"}],"wp:featuredmedia":[{"embeddable":true,"href":"https:\/\/www.aiyin.com\/pt\/wp-json\/wp\/v2\/media\/2430"}],"wp:attachment":[{"href":"https:\/\/www.aiyin.com\/pt\/wp-json\/wp\/v2\/media?parent=2429"}],"wp:term":[{"taxonomy":"product_brand","embeddable":true,"href":"https:\/\/www.aiyin.com\/pt\/wp-json\/wp\/v2\/product_brand?post=2429"},{"taxonomy":"product_cat","embeddable":true,"href":"https:\/\/www.aiyin.com\/pt\/wp-json\/wp\/v2\/product_cat?post=2429"},{"taxonomy":"product_tag","embeddable":true,"href":"https:\/\/www.aiyin.com\/pt\/wp-json\/wp\/v2\/product_tag?post=2429"}],"curies":[{"name":"wp","href":"https:\/\/api.w.org\/{rel}","templated":true}]}}