{"id":2424,"date":"2025-02-19T09:28:59","date_gmt":"2025-02-19T09:28:59","guid":{"rendered":"https:\/\/www.jinghuaceramic.com\/?post_type=product&#038;p=2424"},"modified":"2025-02-22T07:43:32","modified_gmt":"2025-02-22T07:43:32","slug":"wholesale-touch-screen-pda","status":"publish","type":"product","link":"https:\/\/www.aiyin.com\/pt\/product\/wholesale-touch-screen-pda\/","title":{"rendered":"PDA com tela sens\u00edvel ao toque no atacado - R68, aplic\u00e1vel em v\u00e1rios cen\u00e1rios, compat\u00edvel com OEM e ODM"},"content":{"rendered":"<h2 class=\"wp-block-heading\">Detalhes do PDA com tela sens\u00edvel ao toque - R68<\/h2>\n\n\n\n<hr class=\"wp-block-separator has-alpha-channel-opacity\"\/>\n\n\n\n<figure class=\"wp-block-image size-large\"><img decoding=\"async\" width=\"1254\" height=\"1280\" src=\"https:\/\/www.aiyin.com\/wp-content\/uploads\/2025\/02\/Touch-Screen-PDA-Details-1-1254x1280.webp\" alt=\"Detalhes do PDA com tela sens\u00edvel ao toque (1)\" class=\"wp-image-2425\" srcset=\"https:\/\/www.aiyin.com\/wp-content\/uploads\/2025\/02\/Touch-Screen-PDA-Details-1-1254x1280.webp 1254w, https:\/\/www.aiyin.com\/wp-content\/uploads\/2025\/02\/Touch-Screen-PDA-Details-1-768x784.webp 768w, https:\/\/www.aiyin.com\/wp-content\/uploads\/2025\/02\/Touch-Screen-PDA-Details-1-600x612.webp 600w\" sizes=\"(max-width: 1254px) 100vw, 1254px\" \/><\/figure>","protected":false},"excerpt":{"rendered":"<p>PDA com tela sens\u00edvel ao toque no atacado - R68, esse dispositivo PDA adota a tecnologia de tela sens\u00edvel ao toque, com excelente operabilidade e recursos eficientes de processamento de dados. Adequado para v\u00e1rias aplica\u00e7\u00f5es do setor, como gerenciamento de armaz\u00e9m, rastreamento de log\u00edstica, gerenciamento de invent\u00e1rio, aplica\u00e7\u00f5es de varejo e servi\u00e7os de campo. Oferecemos suporte a servi\u00e7os de OEM e ODM. Entre em contato conosco para obter uma cota\u00e7\u00e3o.<\/p>\n<h2>Recursos do PDA com tela sens\u00edvel ao toque - R68<\/h2>\n<div>\n<p><strong>Opera\u00e7\u00e3o flex\u00edvel:<\/strong> O PDA com tela sens\u00edvel ao toque - R68 tem uma tela grande de 5 polegadas e recursos de toque altamente responsivos, que podem ler rapidamente c\u00f3digos de barras e inserir dados, melhorando a efici\u00eancia operacional.<\/p>\n<p><strong>Excelentes recursos de reconhecimento de c\u00f3digo de barras:<\/strong> O PDA com tela sens\u00edvel ao toque - R68 tem um mecanismo integrado de leitura de c\u00f3digo de barras de alto desempenho que pode reconhecer c\u00f3digos de barras 1D e 2D com rapidez e precis\u00e3o, melhorando a precis\u00e3o e a efici\u00eancia de tarefas como gerenciamento de estoque e processamento de pedidos.<\/p>\n<p><strong>Resistente e dur\u00e1vel:<\/strong> O R68 tem um design de prote\u00e7\u00e3o de n\u00edvel industrial e seus recursos \u00e0 prova d'\u00e1gua, de poeira e de quedas o tornam muito adequado para aplica\u00e7\u00f5es em armaz\u00e9ns, f\u00e1bricas, log\u00edstica e outros setores.<\/p>\n<p><strong>Bateria de longa dura\u00e7\u00e3o:<\/strong> O R68 tem uma bateria de 4000mAh de grande capacidade, que pode suportar trabalhos de alta intensidade e \u00e9 adequado para distribui\u00e7\u00e3o log\u00edstica e gerenciamento de armazenamento.<\/p>\n<\/div>","protected":false},"featured_media":2427,"comment_status":"closed","ping_status":"closed","template":"","meta":{"_acf_changed":true},"product_brand":[],"product_cat":[18],"product_tag":[],"class_list":{"0":"post-2424","1":"product","2":"type-product","3":"status-publish","4":"has-post-thumbnail","6":"product_cat-scanning-terminal","7":"pa_connection-method-wireless","8":"pa_product-type-pda","10":"first","11":"instock","12":"shipping-taxable","13":"product-type-simple"},"acf":[],"_links":{"self":[{"href":"https:\/\/www.aiyin.com\/pt\/wp-json\/wp\/v2\/product\/2424","targetHints":{"allow":["GET"]}}],"collection":[{"href":"https:\/\/www.aiyin.com\/pt\/wp-json\/wp\/v2\/product"}],"about":[{"href":"https:\/\/www.aiyin.com\/pt\/wp-json\/wp\/v2\/types\/product"}],"replies":[{"embeddable":true,"href":"https:\/\/www.aiyin.com\/pt\/wp-json\/wp\/v2\/comments?post=2424"}],"wp:featuredmedia":[{"embeddable":true,"href":"https:\/\/www.aiyin.com\/pt\/wp-json\/wp\/v2\/media\/2427"}],"wp:attachment":[{"href":"https:\/\/www.aiyin.com\/pt\/wp-json\/wp\/v2\/media?parent=2424"}],"wp:term":[{"taxonomy":"product_brand","embeddable":true,"href":"https:\/\/www.aiyin.com\/pt\/wp-json\/wp\/v2\/product_brand?post=2424"},{"taxonomy":"product_cat","embeddable":true,"href":"https:\/\/www.aiyin.com\/pt\/wp-json\/wp\/v2\/product_cat?post=2424"},{"taxonomy":"product_tag","embeddable":true,"href":"https:\/\/www.aiyin.com\/pt\/wp-json\/wp\/v2\/product_tag?post=2424"}],"curies":[{"name":"wp","href":"https:\/\/api.w.org\/{rel}","templated":true}]}}