{"id":2414,"date":"2025-02-19T07:41:26","date_gmt":"2025-02-19T07:41:26","guid":{"rendered":"https:\/\/www.jinghuaceramic.com\/?post_type=product&#038;p=2414"},"modified":"2025-02-22T07:49:55","modified_gmt":"2025-02-22T07:49:55","slug":"wholesale-industrial-handheld-pda-q68","status":"publish","type":"product","link":"https:\/\/www.aiyin.com\/pt\/product\/wholesale-industrial-handheld-pda-q68\/","title":{"rendered":"PDA de m\u00e3o industrial no atacado - Q68, IP62, adequado para uso em ambientes complexos"},"content":{"rendered":"<h2 class=\"wp-block-heading\">Detalhes do PDA de m\u00e3o industrial - Q68<\/h2>\n\n\n\n<hr class=\"wp-block-separator has-alpha-channel-opacity\"\/>\n\n\n\n<figure class=\"wp-block-image size-large\"><img decoding=\"async\" width=\"1257\" height=\"1280\" src=\"https:\/\/www.aiyin.com\/wp-content\/uploads\/2025\/02\/Industrial-Handheld-PDA-Details-1-1257x1280.webp\" alt=\"Detalhes do PDA port\u00e1til industrial (1)\" class=\"wp-image-2417\" srcset=\"https:\/\/www.aiyin.com\/wp-content\/uploads\/2025\/02\/Industrial-Handheld-PDA-Details-1-1257x1280.webp 1257w, https:\/\/www.aiyin.com\/wp-content\/uploads\/2025\/02\/Industrial-Handheld-PDA-Details-1-768x782.webp 768w, https:\/\/www.aiyin.com\/wp-content\/uploads\/2025\/02\/Industrial-Handheld-PDA-Details-1-600x611.webp 600w\" sizes=\"(max-width: 1257px) 100vw, 1257px\" \/><\/figure>","protected":false},"excerpt":{"rendered":"<p>PDA port\u00e1til industrial no atacado - Q68, o PDA industrial \u00e9 sua escolha importante para o gerenciamento inteligente. Adequado para uso em gerenciamento de armaz\u00e9ns, distribui\u00e7\u00e3o log\u00edstica, servi\u00e7os de varejo e ind\u00fastrias de manufatura. Ao solicitar o nosso PDA Q68, voc\u00ea ter\u00e1 uma leitura r\u00e1pida de c\u00f3digo de barras, sincroniza\u00e7\u00e3o de dados em tempo real e recursos de comunica\u00e7\u00e3o est\u00e1veis, otimizando bastante o fluxo de trabalho e aumentando a produtividade. Entre em contato conosco para obter uma cota\u00e7\u00e3o.<\/p>\n<h2>Recursos do PDA de m\u00e3o industrial - Q68<\/h2>\n<div>\n<p><strong>Design dur\u00e1vel:<\/strong> O PDA port\u00e1til industrial Q68 adota o design de prote\u00e7\u00e3o ip65, com fun\u00e7\u00f5es \u00e0 prova d'\u00e1gua, \u00e0 prova de poeira e resistente a quedas, e pode ser usado em ambientes industriais complexos, como armaz\u00e9ns, oficinas de produ\u00e7\u00e3o ou locais de trabalho ao ar livre.<\/p>\n<p><strong>Bateria remov\u00edvel:<\/strong> O PDA industrial de m\u00e3o Q68 \u00e9 equipado com uma bateria remov\u00edvel de grande capacidade de 4000 mAh, que n\u00e3o precisa ser carregada com frequ\u00eancia para atender \u00e0s necessidades de opera\u00e7\u00e3o em qualquer condi\u00e7\u00e3o clim\u00e1tica.<\/p>\n<p><strong>Processador quad-core:<\/strong> O PDA industrial port\u00e1til Q68 \u00e9 equipado com um processador quad-core com uma frequ\u00eancia principal de 2,0 GHz para garantir uma opera\u00e7\u00e3o suave do software de gerenciamento e da leitura de c\u00f3digo de barras.<\/p>\n<p><strong>Design de teclado humanizado:<\/strong> O Q68 \u00e9 equipado com um teclado num\u00e9rico de 24 teclas e oferece teclas de fun\u00e7\u00e3o personalizadas para facilitar a entrada de dados dos usu\u00e1rios, a configura\u00e7\u00e3o de comandos e a inicializa\u00e7\u00e3o da leitura de c\u00f3digos de barras.<\/p>\n<\/div>","protected":false},"featured_media":2415,"comment_status":"closed","ping_status":"closed","template":"","meta":{"_acf_changed":true},"product_brand":[],"product_cat":[18],"product_tag":[],"class_list":{"0":"post-2414","1":"product","2":"type-product","3":"status-publish","4":"has-post-thumbnail","6":"product_cat-scanning-terminal","7":"pa_connection-method-wireless","8":"pa_product-type-pda","10":"first","11":"instock","12":"shipping-taxable","13":"product-type-simple"},"acf":[],"_links":{"self":[{"href":"https:\/\/www.aiyin.com\/pt\/wp-json\/wp\/v2\/product\/2414","targetHints":{"allow":["GET"]}}],"collection":[{"href":"https:\/\/www.aiyin.com\/pt\/wp-json\/wp\/v2\/product"}],"about":[{"href":"https:\/\/www.aiyin.com\/pt\/wp-json\/wp\/v2\/types\/product"}],"replies":[{"embeddable":true,"href":"https:\/\/www.aiyin.com\/pt\/wp-json\/wp\/v2\/comments?post=2414"}],"wp:featuredmedia":[{"embeddable":true,"href":"https:\/\/www.aiyin.com\/pt\/wp-json\/wp\/v2\/media\/2415"}],"wp:attachment":[{"href":"https:\/\/www.aiyin.com\/pt\/wp-json\/wp\/v2\/media?parent=2414"}],"wp:term":[{"taxonomy":"product_brand","embeddable":true,"href":"https:\/\/www.aiyin.com\/pt\/wp-json\/wp\/v2\/product_brand?post=2414"},{"taxonomy":"product_cat","embeddable":true,"href":"https:\/\/www.aiyin.com\/pt\/wp-json\/wp\/v2\/product_cat?post=2414"},{"taxonomy":"product_tag","embeddable":true,"href":"https:\/\/www.aiyin.com\/pt\/wp-json\/wp\/v2\/product_tag?post=2414"}],"curies":[{"name":"wp","href":"https:\/\/api.w.org\/{rel}","templated":true}]}}