{"id":2408,"date":"2025-02-19T07:22:41","date_gmt":"2025-02-19T07:22:41","guid":{"rendered":"https:\/\/www.jinghuaceramic.com\/?post_type=product&#038;p=2408"},"modified":"2025-02-22T07:52:49","modified_gmt":"2025-02-22T07:52:49","slug":"wholesale-ring-barcode-scanner-h12","status":"publish","type":"product","link":"https:\/\/www.aiyin.com\/pt\/product\/wholesale-ring-barcode-scanner-h12\/","title":{"rendered":"Leitor de c\u00f3digo de barras em anel no atacado - H12, adequado para leitura de alta frequ\u00eancia, OEM e ODM dispon\u00edveis"},"content":{"rendered":"<h2 class=\"wp-block-heading\">Detalhes do leitor de c\u00f3digo de barras Ring - H12<\/h2>\n\n\n\n<hr class=\"wp-block-separator has-alpha-channel-opacity\"\/>\n\n\n\n<figure class=\"wp-block-image size-large\"><img decoding=\"async\" width=\"1244\" height=\"1280\" src=\"https:\/\/www.aiyin.com\/wp-content\/uploads\/2025\/02\/Ring-Barcode-Scanner\u200b-Details-1-1244x1280.webp\" alt=\"Detalhes do leitor de c\u00f3digo de barras Ring (1)\" class=\"wp-image-2412\" srcset=\"https:\/\/www.aiyin.com\/wp-content\/uploads\/2025\/02\/Ring-Barcode-Scanner\u200b-Details-1-1244x1280.webp 1244w, https:\/\/www.aiyin.com\/wp-content\/uploads\/2025\/02\/Ring-Barcode-Scanner\u200b-Details-1-768x791.webp 768w, https:\/\/www.aiyin.com\/wp-content\/uploads\/2025\/02\/Ring-Barcode-Scanner\u200b-Details-1-600x618.webp 600w\" sizes=\"(max-width: 1244px) 100vw, 1244px\" \/><\/figure>","protected":false},"excerpt":{"rendered":"<p>O leitor de c\u00f3digo de barras em anel 2D H12 por atacado, com seu design leve e fun\u00e7\u00f5es poderosas, oferece uma solu\u00e7\u00e3o de leitura eficiente e conveniente para sua empresa. Incluindo varejo, armazenagem ou gerenciamento de log\u00edstica. Al\u00e9m disso, oferecemos suporte a servi\u00e7os de OEM e ODM. Entre em contato conosco a qualquer momento. Estamos ansiosos para estabelecer uma rela\u00e7\u00e3o de coopera\u00e7\u00e3o de longo prazo com voc\u00ea.<\/p>\n<h2>Recursos do leitor de c\u00f3digo de barras Ring - H12<\/h2>\n<div>\n<p><strong>Leve e pr\u00e1tico:<\/strong> O leitor de c\u00f3digo de barras de anel H12 \u00e9 f\u00e1cil de usar, f\u00e1cil de vestir e usar por muito tempo e pode ser usado com flexibilidade em v\u00e1rias ocasi\u00f5es, como varejo, armaz\u00e9ns, log\u00edstica etc.<\/p>\n<p><strong>Decodifica\u00e7\u00e3o r\u00e1pida:<\/strong> O leitor de c\u00f3digo de barras em anel H12 tem um desempenho de decodifica\u00e7\u00e3o r\u00e1pido, o que \u00e9 especialmente adequado para lidar de forma eficiente com grandes quantidades de entrada de dados, como digitaliza\u00e7\u00e3o de alta frequ\u00eancia, cobran\u00e7a de pagamentos, armazenamento e log\u00edstica, etc.<\/p>\n<p><strong>V\u00e1rios modos de escaneamento:<\/strong> O scanner H12 suporta v\u00e1rios modos de digitaliza\u00e7\u00e3o. Os usu\u00e1rios podem alternar livremente os modos de acordo com as necessidades de diferentes cen\u00e1rios, tornando o dispositivo mais eficiente ao processar v\u00e1rios aplicativos.<\/p>\n<p><strong>Bateria de longa dura\u00e7\u00e3o:<\/strong> O H12 tem uma bateria interna de 370mAh, suporta uma frequ\u00eancia de escaneamento de uma vez por segundo e tem uma dura\u00e7\u00e3o de bateria de at\u00e9 4 horas, garantindo as necessidades de opera\u00e7\u00f5es de longo prazo.<\/p>\n<\/div>","protected":false},"featured_media":2409,"comment_status":"closed","ping_status":"closed","template":"","meta":{"_acf_changed":true},"product_brand":[],"product_cat":[18],"product_tag":[],"class_list":{"0":"post-2408","1":"product","2":"type-product","3":"status-publish","4":"has-post-thumbnail","6":"product_cat-scanning-terminal","7":"pa_product-type-ring-scanner","9":"first","10":"instock","11":"shipping-taxable","12":"product-type-simple"},"acf":[],"_links":{"self":[{"href":"https:\/\/www.aiyin.com\/pt\/wp-json\/wp\/v2\/product\/2408","targetHints":{"allow":["GET"]}}],"collection":[{"href":"https:\/\/www.aiyin.com\/pt\/wp-json\/wp\/v2\/product"}],"about":[{"href":"https:\/\/www.aiyin.com\/pt\/wp-json\/wp\/v2\/types\/product"}],"replies":[{"embeddable":true,"href":"https:\/\/www.aiyin.com\/pt\/wp-json\/wp\/v2\/comments?post=2408"}],"wp:featuredmedia":[{"embeddable":true,"href":"https:\/\/www.aiyin.com\/pt\/wp-json\/wp\/v2\/media\/2409"}],"wp:attachment":[{"href":"https:\/\/www.aiyin.com\/pt\/wp-json\/wp\/v2\/media?parent=2408"}],"wp:term":[{"taxonomy":"product_brand","embeddable":true,"href":"https:\/\/www.aiyin.com\/pt\/wp-json\/wp\/v2\/product_brand?post=2408"},{"taxonomy":"product_cat","embeddable":true,"href":"https:\/\/www.aiyin.com\/pt\/wp-json\/wp\/v2\/product_cat?post=2408"},{"taxonomy":"product_tag","embeddable":true,"href":"https:\/\/www.aiyin.com\/pt\/wp-json\/wp\/v2\/product_tag?post=2408"}],"curies":[{"name":"wp","href":"https:\/\/api.w.org\/{rel}","templated":true}]}}