{"id":2404,"date":"2025-02-19T06:47:40","date_gmt":"2025-02-19T06:47:40","guid":{"rendered":"https:\/\/www.jinghuaceramic.com\/?post_type=product&#038;p=2404"},"modified":"2025-02-28T14:26:45","modified_gmt":"2025-02-28T14:26:45","slug":"qrcode-scanner-box-h11","status":"publish","type":"product","link":"https:\/\/www.aiyin.com\/pt\/product\/qrcode-scanner-box-h11\/","title":{"rendered":"Caixa do leitor QRCode - H11, adequada para c\u00f3digo de pagamento m\u00f3vel m\u00faltiplo, compat\u00edvel com OEM e ODM"},"content":{"rendered":"<h2 class=\"wp-block-heading\">Detalhes da caixa do scanner QRCode - H11<\/h2>\n\n\n\n<hr class=\"wp-block-separator has-alpha-channel-opacity\"\/>\n\n\n\n<figure class=\"wp-block-image size-large\"><img decoding=\"async\" width=\"1204\" height=\"1280\" src=\"https:\/\/www.aiyin.com\/wp-content\/uploads\/2025\/02\/QRCode-Scanner-Box-Details-1-1204x1280.webp\" alt=\"Detalhes da caixa do scanner QRCode (1)\" class=\"wp-image-2406\" srcset=\"https:\/\/www.aiyin.com\/wp-content\/uploads\/2025\/02\/QRCode-Scanner-Box-Details-1-1204x1280.webp 1204w, https:\/\/www.aiyin.com\/wp-content\/uploads\/2025\/02\/QRCode-Scanner-Box-Details-1-768x817.webp 768w, https:\/\/www.aiyin.com\/wp-content\/uploads\/2025\/02\/QRCode-Scanner-Box-Details-1-600x638.webp 600w\" sizes=\"(max-width: 1204px) 100vw, 1204px\" \/><\/figure>","protected":false},"excerpt":{"rendered":"<p>O scanner de c\u00f3digo QR H11 de atacado pode ser usado em v\u00e1rios cen\u00e1rios de pagamento m\u00f3vel. O scanner H11 tem a capacidade de decodificar e ler rapidamente c\u00f3digos de barras 1D e 2D, como o c\u00f3digo QR e o EAN-13, com uma taxa de erro extremamente baixa. Torne a entrada de produtos, o gerenciamento de estoque e o processo de pagamento mais f\u00e1ceis e eficientes. Entre em contato conosco para obter informa\u00e7\u00f5es mais detalhadas sobre o produto e pre\u00e7os preferenciais no atacado.<\/p>\n<h2>Recursos da caixa do scanner QRCode - H11<\/h2>\n<div>\n<p><strong>Decodifica\u00e7\u00e3o r\u00e1pida:<\/strong> O QRCode Scanner Box - H11 tem recursos eficientes de decodifica\u00e7\u00e3o e taxa de erro ultrabaixa, garantindo que os usu\u00e1rios possam ler c\u00f3digos de barras com rapidez e precis\u00e3o, melhorando a efici\u00eancia do trabalho.<\/p>\n<p><strong>Fun\u00e7\u00e3o de transmiss\u00e3o de voz:<\/strong> Com comandos de voz claros, os comandos para fun\u00e7\u00f5es como pagamento Alipay e WeChat s\u00e3o coordenados com diferentes cores de luzes para aprimorar a experi\u00eancia do usu\u00e1rio.<\/p>\n<p><strong>Reconhecimento de v\u00e1rios c\u00f3digos de barras:<\/strong> Suporta a leitura de c\u00f3digos de barras unidimensionais e bidimensionais, adaptando-se a v\u00e1rias necessidades comerciais, como c\u00f3digos bidimensionais (QR Code) e c\u00f3digos de pagamento m\u00f3vel.<\/p>\n<p><strong>Leve e pr\u00e1tico: <\/strong>O QRCode Scanner Box - H11 tem um design humanizado, tamanho pequeno, f\u00e1cil de transportar e de usar a longo prazo, adequado para v\u00e1rios ambientes de trabalho.<\/p>\n<\/div>","protected":false},"featured_media":2405,"comment_status":"closed","ping_status":"closed","template":"","meta":{"_acf_changed":true},"product_brand":[],"product_cat":[18],"product_tag":[],"class_list":{"0":"post-2404","1":"product","2":"type-product","3":"status-publish","4":"has-post-thumbnail","6":"product_cat-scanning-terminal","7":"pa_product-type-code-scanning-box","9":"first","10":"instock","11":"shipping-taxable","12":"product-type-simple"},"acf":[],"_links":{"self":[{"href":"https:\/\/www.aiyin.com\/pt\/wp-json\/wp\/v2\/product\/2404","targetHints":{"allow":["GET"]}}],"collection":[{"href":"https:\/\/www.aiyin.com\/pt\/wp-json\/wp\/v2\/product"}],"about":[{"href":"https:\/\/www.aiyin.com\/pt\/wp-json\/wp\/v2\/types\/product"}],"replies":[{"embeddable":true,"href":"https:\/\/www.aiyin.com\/pt\/wp-json\/wp\/v2\/comments?post=2404"}],"wp:featuredmedia":[{"embeddable":true,"href":"https:\/\/www.aiyin.com\/pt\/wp-json\/wp\/v2\/media\/2405"}],"wp:attachment":[{"href":"https:\/\/www.aiyin.com\/pt\/wp-json\/wp\/v2\/media?parent=2404"}],"wp:term":[{"taxonomy":"product_brand","embeddable":true,"href":"https:\/\/www.aiyin.com\/pt\/wp-json\/wp\/v2\/product_brand?post=2404"},{"taxonomy":"product_cat","embeddable":true,"href":"https:\/\/www.aiyin.com\/pt\/wp-json\/wp\/v2\/product_cat?post=2404"},{"taxonomy":"product_tag","embeddable":true,"href":"https:\/\/www.aiyin.com\/pt\/wp-json\/wp\/v2\/product_tag?post=2404"}],"curies":[{"name":"wp","href":"https:\/\/api.w.org\/{rel}","templated":true}]}}