{"id":2400,"date":"2025-02-19T06:26:56","date_gmt":"2025-02-19T06:26:56","guid":{"rendered":"https:\/\/www.jinghuaceramic.com\/?post_type=product&#038;p=2400"},"modified":"2025-02-28T14:25:26","modified_gmt":"2025-02-28T14:25:26","slug":"1d-and-2d-barcode-scanner-h10","status":"publish","type":"product","link":"https:\/\/www.aiyin.com\/pt\/product\/1d-and-2d-barcode-scanner-h10\/","title":{"rendered":"Leitor de c\u00f3digo de barras 1D e 2D OEM - H10, compat\u00edvel com v\u00e1rias interfaces, compat\u00edvel com computadores, m\u00e1quinas de ponto de venda, dispositivos m\u00f3veis e muito mais"},"content":{"rendered":"<h2 class=\"wp-block-heading\">Detalhes do leitor de c\u00f3digo de barras 1D e 2D - H10<\/h2>\n\n\n\n<hr class=\"wp-block-separator has-alpha-channel-opacity\"\/>\n\n\n\n<figure class=\"wp-block-image size-large\"><img decoding=\"async\" width=\"1254\" height=\"1280\" src=\"https:\/\/www.aiyin.com\/wp-content\/uploads\/2025\/02\/1D-and-2D-Barcode-Scanner\u200b-Details-1-1254x1280.webp\" alt=\"Detalhes do leitor de c\u00f3digo de barras 1D e 2D (1)\" class=\"wp-image-2402\" srcset=\"https:\/\/www.aiyin.com\/wp-content\/uploads\/2025\/02\/1D-and-2D-Barcode-Scanner\u200b-Details-1-1254x1280.webp 1254w, https:\/\/www.aiyin.com\/wp-content\/uploads\/2025\/02\/1D-and-2D-Barcode-Scanner\u200b-Details-1-768x784.webp 768w, https:\/\/www.aiyin.com\/wp-content\/uploads\/2025\/02\/1D-and-2D-Barcode-Scanner\u200b-Details-1-600x612.webp 600w\" sizes=\"(max-width: 1254px) 100vw, 1254px\" \/><\/figure>","protected":false},"excerpt":{"rendered":"<p>Leitor de c\u00f3digo de barras 1D e 2D para atacado - H10, com as vantagens de decodifica\u00e7\u00e3o eficiente e ampla compatibilidade. O scanner \u00e9 compat\u00edvel com muitos tipos de c\u00f3digos de barras, inclusive c\u00f3digos de barras 1D e a maioria dos c\u00f3digos de barras 2D, e \u00e9 a escolha ideal para todos os tipos de empresas para melhorar a produtividade. A AiYin oferece servi\u00e7o OEM e suporte p\u00f3s-venda. Entre em contato conosco para obter uma cota\u00e7\u00e3o.<\/p>\n<h2>Recursos do leitor de c\u00f3digo de barras 1D e 2D - H10<\/h2>\n<div>\n<p><strong>Decodifica\u00e7\u00e3o eficiente:<\/strong> O scanner de c\u00f3digo de barras 1D e 2D h10 tem recursos de decodifica\u00e7\u00e3o r\u00e1pida, que podem interpretar dados de c\u00f3digo de barras em um curto espa\u00e7o de tempo e melhorar a efici\u00eancia operacional geral.<\/p>\n<p><strong>Reconhecimento de v\u00e1rios c\u00f3digos de barras:<\/strong> O scanner de c\u00f3digo de barras H10 suporta a leitura de v\u00e1rios tipos de c\u00f3digos de barras, incluindo c\u00f3digos de barras 1d comuns e a maioria dos c\u00f3digos de barras 2d (como c\u00f3digo QR e PDF417, etc.), para atender \u00e0s necessidades de diferentes setores.<\/p>\n<p><strong>F\u00e1cil de usar:<\/strong> O leitor de c\u00f3digo de barras H10 tem uma interface de opera\u00e7\u00e3o simples e intuitiva, e os usu\u00e1rios podem come\u00e7ar a us\u00e1-lo rapidamente sem configura\u00e7\u00f5es complicadas. Isso reduz bastante o custo e o tempo de treinamento dos funcion\u00e1rios.<\/p>\n<p><strong>Luz LED integrada:<\/strong> O scanner de c\u00f3digo de barras da plataforma H10 2d tem quatro luzes LED brancas integradas para melhorar o desempenho da leitura em ambientes com pouca luz. Mesmo em locais com pouca ilumina\u00e7\u00e3o, o scanner pode garantir uma leitura suave dos c\u00f3digos de barras.<\/p>\n<\/div>","protected":false},"featured_media":2401,"comment_status":"closed","ping_status":"closed","template":"","meta":{"_acf_changed":true},"product_brand":[],"product_cat":[18],"product_tag":[],"class_list":{"0":"post-2400","1":"product","2":"type-product","3":"status-publish","4":"has-post-thumbnail","6":"product_cat-scanning-terminal","7":"pa_product-type-barcode-scanner","9":"first","10":"instock","11":"shipping-taxable","12":"product-type-simple"},"acf":[],"_links":{"self":[{"href":"https:\/\/www.aiyin.com\/pt\/wp-json\/wp\/v2\/product\/2400","targetHints":{"allow":["GET"]}}],"collection":[{"href":"https:\/\/www.aiyin.com\/pt\/wp-json\/wp\/v2\/product"}],"about":[{"href":"https:\/\/www.aiyin.com\/pt\/wp-json\/wp\/v2\/types\/product"}],"replies":[{"embeddable":true,"href":"https:\/\/www.aiyin.com\/pt\/wp-json\/wp\/v2\/comments?post=2400"}],"wp:featuredmedia":[{"embeddable":true,"href":"https:\/\/www.aiyin.com\/pt\/wp-json\/wp\/v2\/media\/2401"}],"wp:attachment":[{"href":"https:\/\/www.aiyin.com\/pt\/wp-json\/wp\/v2\/media?parent=2400"}],"wp:term":[{"taxonomy":"product_brand","embeddable":true,"href":"https:\/\/www.aiyin.com\/pt\/wp-json\/wp\/v2\/product_brand?post=2400"},{"taxonomy":"product_cat","embeddable":true,"href":"https:\/\/www.aiyin.com\/pt\/wp-json\/wp\/v2\/product_cat?post=2400"},{"taxonomy":"product_tag","embeddable":true,"href":"https:\/\/www.aiyin.com\/pt\/wp-json\/wp\/v2\/product_tag?post=2400"}],"curies":[{"name":"wp","href":"https:\/\/api.w.org\/{rel}","templated":true}]}}