{"id":2396,"date":"2025-02-19T05:59:28","date_gmt":"2025-02-19T05:59:28","guid":{"rendered":"https:\/\/www.jinghuaceramic.com\/?post_type=product&#038;p=2396"},"modified":"2025-02-22T07:16:08","modified_gmt":"2025-02-22T07:16:08","slug":"portable-bluetooth-receipt-printer-mn581","status":"publish","type":"product","link":"https:\/\/www.aiyin.com\/pt\/product\/portable-bluetooth-receipt-printer-mn581\/","title":{"rendered":"Impressora de recibos Bluetooth port\u00e1til OEM - MN581, impressora de recibos port\u00e1til para iPhone, suporte de software de impress\u00e3o profissional"},"content":{"rendered":"<h2 class=\"wp-block-heading\">Detalhes da impressora port\u00e1til de recibos Bluetooth - MN581<\/h2>\n\n\n\n<hr class=\"wp-block-separator has-alpha-channel-opacity\"\/>\n\n\n\n<figure class=\"wp-block-image size-large\"><img decoding=\"async\" width=\"1280\" height=\"1267\" src=\"https:\/\/www.aiyin.com\/wp-content\/uploads\/2025\/02\/Portable-Bluetooth-Receipt-Printer\u200b-Details-1-1280x1267.webp\" alt=\"Detalhes da impressora port\u00e1til de recibos Bluetooth (1)\" class=\"wp-image-2398\" srcset=\"https:\/\/www.aiyin.com\/wp-content\/uploads\/2025\/02\/Portable-Bluetooth-Receipt-Printer\u200b-Details-1-1280x1267.webp 1280w, https:\/\/www.aiyin.com\/wp-content\/uploads\/2025\/02\/Portable-Bluetooth-Receipt-Printer\u200b-Details-1-768x760.webp 768w, https:\/\/www.aiyin.com\/wp-content\/uploads\/2025\/02\/Portable-Bluetooth-Receipt-Printer\u200b-Details-1-600x594.webp 600w, https:\/\/www.aiyin.com\/wp-content\/uploads\/2025\/02\/Portable-Bluetooth-Receipt-Printer\u200b-Details-1-100x100.webp 100w\" sizes=\"(max-width: 1280px) 100vw, 1280px\" \/><\/figure>","protected":false},"excerpt":{"rendered":"<p>A impressora de recibos bluetooth port\u00e1til no atacado - MN581, suporta o recebimento de pedidos em v\u00e1rias plataformas e a conex\u00e3o bluetooth de modo duplo, compat\u00edvel com dispositivos dos sistemas Android e Apple. A MN581 tem velocidade de impress\u00e3o r\u00e1pida (at\u00e9 80 mm\/s) e resolu\u00e7\u00e3o de impress\u00e3o n\u00edtida de 203 dpi, que pode processar pedidos com efici\u00eancia e precis\u00e3o. Oferecemos suporte profissional de software e servi\u00e7o p\u00f3s-venda. Entre em contato conosco para obter uma cota\u00e7\u00e3o.<\/p>\n<h2>Recursos da impressora port\u00e1til de recibos Bluetooth - MN581<\/h2>\n<div>\n<p><strong>Conex\u00e3o Bluetooth de modo duplo:<\/strong> A MN581 Portable Bluetooth Receipt Printer \u00e9 compat\u00edvel com Bluetooth 2.0 (compat\u00edvel com o sistema Android) e Bluetooth 4.0 (compat\u00edvel com o sistema Apple), e pode usar o iPhone ou outros dispositivos m\u00f3veis para controlar a impressora.<\/p>\n<p><strong>Design leve:<\/strong> A impressora de recibos Bluetooth port\u00e1til MN581 \u00e9 leve e f\u00e1cil de transportar, adequada para uso em ambientes m\u00f3veis.<\/p>\n<p><strong>Fonte de alimenta\u00e7\u00e3o da bateria:<\/strong> Equipada com uma bateria de l\u00edtio recarreg\u00e1vel de 2600 mAh, a impressora de recibos MN581 pode suportar trabalhos de longo prazo, adequada para entregadores, equipe de vendas e muito mais.<\/p>\n<p><strong>Suporte a software de edi\u00e7\u00e3o de etiquetas:<\/strong> O AiYin fornece o aplicativo de etiquetas e os usu\u00e1rios podem editar livremente o conte\u00fado das etiquetas, incluindo etiquetas de produtos, etiquetas de pre\u00e7os, ordens de entrega e muito mais.<\/p>\n<\/div>","protected":false},"featured_media":2397,"comment_status":"closed","ping_status":"closed","template":"","meta":{"_acf_changed":true},"product_brand":[],"product_cat":[19],"product_tag":[],"class_list":{"0":"post-2396","1":"product","2":"type-product","3":"status-publish","4":"has-post-thumbnail","6":"product_cat-receipt-printer","7":"pa_device-type-portable","8":"pa_print-width-2-inches","10":"first","11":"instock","12":"shipping-taxable","13":"product-type-simple"},"acf":[],"_links":{"self":[{"href":"https:\/\/www.aiyin.com\/pt\/wp-json\/wp\/v2\/product\/2396","targetHints":{"allow":["GET"]}}],"collection":[{"href":"https:\/\/www.aiyin.com\/pt\/wp-json\/wp\/v2\/product"}],"about":[{"href":"https:\/\/www.aiyin.com\/pt\/wp-json\/wp\/v2\/types\/product"}],"replies":[{"embeddable":true,"href":"https:\/\/www.aiyin.com\/pt\/wp-json\/wp\/v2\/comments?post=2396"}],"wp:featuredmedia":[{"embeddable":true,"href":"https:\/\/www.aiyin.com\/pt\/wp-json\/wp\/v2\/media\/2397"}],"wp:attachment":[{"href":"https:\/\/www.aiyin.com\/pt\/wp-json\/wp\/v2\/media?parent=2396"}],"wp:term":[{"taxonomy":"product_brand","embeddable":true,"href":"https:\/\/www.aiyin.com\/pt\/wp-json\/wp\/v2\/product_brand?post=2396"},{"taxonomy":"product_cat","embeddable":true,"href":"https:\/\/www.aiyin.com\/pt\/wp-json\/wp\/v2\/product_cat?post=2396"},{"taxonomy":"product_tag","embeddable":true,"href":"https:\/\/www.aiyin.com\/pt\/wp-json\/wp\/v2\/product_tag?post=2396"}],"curies":[{"name":"wp","href":"https:\/\/api.w.org\/{rel}","templated":true}]}}