{"id":2391,"date":"2025-02-19T04:19:04","date_gmt":"2025-02-19T04:19:04","guid":{"rendered":"https:\/\/www.jinghuaceramic.com\/?post_type=product&#038;p=2391"},"modified":"2025-04-07T06:33:54","modified_gmt":"2025-04-07T06:33:54","slug":"3-inches-thermal-bluetooth-receipt-printer-an804","status":"publish","type":"product","link":"https:\/\/www.aiyin.com\/pt\/product\/3-inches-thermal-bluetooth-receipt-printer-an804\/","title":{"rendered":"Impressora t\u00e9rmica de recibos Bluetooth de 3 polegadas - AN804, compat\u00edvel com iPhone \/ iPad, adequada para restaurantes, supermercados e varejo"},"content":{"rendered":"<h2 class=\"wp-block-heading\">Detalhes da impressora t\u00e9rmica de recibos Bluetooth - AN804<\/h2>\n\n\n\n<hr class=\"wp-block-separator has-alpha-channel-opacity\"\/>\n\n\n\n<figure class=\"wp-block-image size-large\"><img decoding=\"async\" width=\"1280\" height=\"1280\" src=\"https:\/\/www.aiyin.com\/wp-content\/uploads\/2025\/02\/Thermal-Bluetooth-Receipt-Printer-1-1280x1280.webp\" alt=\"Impressora t\u00e9rmica de recibos Bluetooth (1)\" class=\"wp-image-2392\" srcset=\"https:\/\/www.aiyin.com\/wp-content\/uploads\/2025\/02\/Thermal-Bluetooth-Receipt-Printer-1-1280x1280.webp 1280w, https:\/\/www.aiyin.com\/wp-content\/uploads\/2025\/02\/Thermal-Bluetooth-Receipt-Printer-1-150x150.webp 150w, https:\/\/www.aiyin.com\/wp-content\/uploads\/2025\/02\/Thermal-Bluetooth-Receipt-Printer-1-768x769.webp 768w, https:\/\/www.aiyin.com\/wp-content\/uploads\/2025\/02\/Thermal-Bluetooth-Receipt-Printer-1-300x300.webp 300w, https:\/\/www.aiyin.com\/wp-content\/uploads\/2025\/02\/Thermal-Bluetooth-Receipt-Printer-1-600x601.webp 600w, https:\/\/www.aiyin.com\/wp-content\/uploads\/2025\/02\/Thermal-Bluetooth-Receipt-Printer-1-100x100.webp 100w\" sizes=\"(max-width: 1280px) 100vw, 1280px\" \/><\/figure>","protected":false},"excerpt":{"rendered":"<p>A impressora t\u00e9rmica de recibos bluetooth por atacado - AN804 tem suporte para conex\u00e3o bluetooth, por meio de aplicativo de impress\u00e3o profissional, adequado para iPhone e iPad. A AN804 tem uma fun\u00e7\u00e3o de impress\u00e3o r\u00e1pida, com velocidade de impress\u00e3o de at\u00e9 200 mm\/s. \u00c9 ideal para pequenos comerciantes, servi\u00e7os de buf\u00ea, pagamento m\u00f3vel e vendas. A Aiyin oferece servi\u00e7o de personaliza\u00e7\u00e3o OEM e ODM, entre em contato conosco para obter uma cota\u00e7\u00e3o.<\/p>\n<h2>Recursos da impressora t\u00e9rmica de recibos Bluetooth - AN804<\/h2>\n<div>\n<p><strong>Impress\u00e3o sem fio:<\/strong> Fornecemos suporte de software, o AN804 se conecta a dispositivos m\u00f3veis via Bluetooth, podendo ser uma impressora de recibos para iPhone ou iPad.<\/p>\n<p><strong>Impress\u00e3o eficiente:<\/strong> Sem a necessidade de tinta ou fita tradicionais, a velocidade de impress\u00e3o \u00e9 mais r\u00e1pida do que a das impressoras comuns, e os recibos podem ser gerados rapidamente em supermercados ou lojas de varejo movimentados.<\/p>\n<p><strong>Aplica\u00e7\u00e3o em v\u00e1rios cen\u00e1rios:<\/strong> A impressora t\u00e9rmica de recibos Bluetooth AN804 \u00e9 adequada para v\u00e1rios setores, como buf\u00ea, supermercados, varejo, entrega expressa, etc., para imprimir pedidos, contas ou recibos para viagem.<\/p>\n<p><strong>Coloca\u00e7\u00e3o gratuita:<\/strong> A impressora t\u00e9rmica de recibos Bluetooth AN804 suporta uma variedade de m\u00e9todos de sa\u00edda de papel, incluindo plano, vertical e montado na parede. Ela pode ser colocada de forma flex\u00edvel na bancada, embaixo do balc\u00e3o ou na parede para economizar espa\u00e7o na mesa.<\/p>\n<p><strong>Servi\u00e7o de impressora de recibos personalizada:<\/strong> A AiYin oferece suporte personalizado de OEM e ODM e pode personalizar a apar\u00eancia e as fun\u00e7\u00f5es de acordo com as necessidades de sua marca.<\/p>\n<\/div>","protected":false},"featured_media":4278,"comment_status":"closed","ping_status":"closed","template":"","meta":{"_acf_changed":false},"product_brand":[],"product_cat":[19],"product_tag":[],"class_list":{"0":"post-2391","1":"product","2":"type-product","3":"status-publish","4":"has-post-thumbnail","6":"product_cat-receipt-printer","7":"pa_device-type-desktop","8":"pa_print-width-3-inches","10":"first","11":"instock","12":"shipping-taxable","13":"product-type-simple"},"acf":[],"_links":{"self":[{"href":"https:\/\/www.aiyin.com\/pt\/wp-json\/wp\/v2\/product\/2391","targetHints":{"allow":["GET"]}}],"collection":[{"href":"https:\/\/www.aiyin.com\/pt\/wp-json\/wp\/v2\/product"}],"about":[{"href":"https:\/\/www.aiyin.com\/pt\/wp-json\/wp\/v2\/types\/product"}],"replies":[{"embeddable":true,"href":"https:\/\/www.aiyin.com\/pt\/wp-json\/wp\/v2\/comments?post=2391"}],"wp:featuredmedia":[{"embeddable":true,"href":"https:\/\/www.aiyin.com\/pt\/wp-json\/wp\/v2\/media\/4278"}],"wp:attachment":[{"href":"https:\/\/www.aiyin.com\/pt\/wp-json\/wp\/v2\/media?parent=2391"}],"wp:term":[{"taxonomy":"product_brand","embeddable":true,"href":"https:\/\/www.aiyin.com\/pt\/wp-json\/wp\/v2\/product_brand?post=2391"},{"taxonomy":"product_cat","embeddable":true,"href":"https:\/\/www.aiyin.com\/pt\/wp-json\/wp\/v2\/product_cat?post=2391"},{"taxonomy":"product_tag","embeddable":true,"href":"https:\/\/www.aiyin.com\/pt\/wp-json\/wp\/v2\/product_tag?post=2391"}],"curies":[{"name":"wp","href":"https:\/\/api.w.org\/{rel}","templated":true}]}}