{"id":2218,"date":"2025-02-17T14:52:06","date_gmt":"2025-02-17T14:52:06","guid":{"rendered":"https:\/\/www.jinghuaceramic.com\/?post_type=product&#038;p=2218"},"modified":"2025-02-22T07:04:14","modified_gmt":"2025-02-22T07:04:14","slug":"oem-80mm-thermal-receipt-printer","status":"publish","type":"product","link":"https:\/\/www.aiyin.com\/pt\/product\/oem-80mm-thermal-receipt-printer\/","title":{"rendered":"Impressora t\u00e9rmica de recibos OEM 80mm - AN803, Fabricante de impressoras de recibos AiYin"},"content":{"rendered":"<h2 class=\"wp-block-heading\">Detalhes da impressora t\u00e9rmica de recibos de 80 mm <\/h2>\n\n\n\n<hr class=\"wp-block-separator has-alpha-channel-opacity\"\/>\n\n\n\n<figure class=\"wp-block-image size-large\"><img decoding=\"async\" width=\"1280\" height=\"1278\" src=\"https:\/\/www.aiyin.com\/wp-content\/uploads\/2025\/02\/Thermal-Receipt-Printer\u200b-Details-1-1280x1278.webp\" alt=\"Detalhes da impressora t\u00e9rmica de recibos (1)\" class=\"wp-image-2388\" srcset=\"https:\/\/www.aiyin.com\/wp-content\/uploads\/2025\/02\/Thermal-Receipt-Printer\u200b-Details-1-1280x1278.webp 1280w, https:\/\/www.aiyin.com\/wp-content\/uploads\/2025\/02\/Thermal-Receipt-Printer\u200b-Details-1-150x150.webp 150w, https:\/\/www.aiyin.com\/wp-content\/uploads\/2025\/02\/Thermal-Receipt-Printer\u200b-Details-1-768x767.webp 768w, https:\/\/www.aiyin.com\/wp-content\/uploads\/2025\/02\/Thermal-Receipt-Printer\u200b-Details-1-300x300.webp 300w, https:\/\/www.aiyin.com\/wp-content\/uploads\/2025\/02\/Thermal-Receipt-Printer\u200b-Details-1-600x599.webp 600w, https:\/\/www.aiyin.com\/wp-content\/uploads\/2025\/02\/Thermal-Receipt-Printer\u200b-Details-1-100x100.webp 100w\" sizes=\"(max-width: 1280px) 100vw, 1280px\" \/><\/figure>","protected":false},"excerpt":{"rendered":"<p>A impressora t\u00e9rmica de recibos de 80 mm por atacado, AN803, pode imprimir com efici\u00eancia t\u00edquetes, faturas e recibos, adequada para supermercados, lojas de varejo, restaurantes e empresas de courier. Como fornecedor atacadista da impressora AN803, oferecemos suporte abrangente de servi\u00e7o p\u00f3s-venda e servi\u00e7o OEM. Entre em contato conosco para obter uma cota\u00e7\u00e3o.<\/p>\n<h2>Recursos da impressora t\u00e9rmica de recibos de 80 mm - AN803<\/h2>\n<div>\n<p><strong>Grande capacidade do compartimento de papel:<\/strong> A impressora t\u00e9rmica de recibos AN803 de 80 mm \u00e9 equipada com um compartimento de papel extragrande (com suporte para papel de at\u00e9 80 mm de largura), que pode acomodar mais papel de recibo t\u00e9rmico, evitando paralisa\u00e7\u00f5es de m\u00e9dio prazo ou perda de tempo com a reposi\u00e7\u00e3o de papel.<\/p>\n<p><strong>V\u00e1rias interfaces de comunica\u00e7\u00e3o:<\/strong> A impressora t\u00e9rmica de recibos AN803 de 80 mm \u00e9 compat\u00edvel com v\u00e1rias interfaces de comunica\u00e7\u00e3o, como USB-B, porta de rede, porta serial e Bluetooth (opcional), proporcionando maior compatibilidade e flexibilidade, e pode ser conectada a computadores, m\u00e1quinas POS, dispositivos m\u00f3veis etc.<\/p>\n<p><strong>Longa vida \u00fatil:<\/strong> O dispositivo tamb\u00e9m pode manter bons resultados de impress\u00e3o em tarefas de impress\u00e3o de alta frequ\u00eancia. O AN803 tem um per\u00edodo de garantia de 300.000 vezes e uma vida \u00fatil de at\u00e9 500.000 vezes.<\/p>\n<p><strong>Compat\u00edvel com v\u00e1rios sistemas operacionais:<\/strong> O AN803 \u00e9 compat\u00edvel com v\u00e1rios sistemas operacionais, como Windows, Mac OS, Android e iOS, adaptando-se \u00e0s necessidades de diferentes cen\u00e1rios e melhorando a efici\u00eancia do trabalho.<\/p>\n<p><strong>Suporte a OEM e ODM:<\/strong> O fabricante de impressoras t\u00e9rmicas de recibos AiYin oferece servi\u00e7os profissionais de impressoras t\u00e9rmicas personalizadas, adequados para empresas que precisam de logotipos de marca exclusivos ou fun\u00e7\u00f5es especiais.<\/p>\n<\/div>","protected":false},"featured_media":2387,"comment_status":"closed","ping_status":"closed","template":"","meta":{"_acf_changed":true},"product_brand":[],"product_cat":[19],"product_tag":[],"class_list":{"0":"post-2218","1":"product","2":"type-product","3":"status-publish","4":"has-post-thumbnail","6":"product_cat-receipt-printer","7":"pa_device-type-desktop","8":"pa_print-width-3-inches","10":"first","11":"instock","12":"shipping-taxable","13":"product-type-simple"},"acf":[],"_links":{"self":[{"href":"https:\/\/www.aiyin.com\/pt\/wp-json\/wp\/v2\/product\/2218","targetHints":{"allow":["GET"]}}],"collection":[{"href":"https:\/\/www.aiyin.com\/pt\/wp-json\/wp\/v2\/product"}],"about":[{"href":"https:\/\/www.aiyin.com\/pt\/wp-json\/wp\/v2\/types\/product"}],"replies":[{"embeddable":true,"href":"https:\/\/www.aiyin.com\/pt\/wp-json\/wp\/v2\/comments?post=2218"}],"wp:featuredmedia":[{"embeddable":true,"href":"https:\/\/www.aiyin.com\/pt\/wp-json\/wp\/v2\/media\/2387"}],"wp:attachment":[{"href":"https:\/\/www.aiyin.com\/pt\/wp-json\/wp\/v2\/media?parent=2218"}],"wp:term":[{"taxonomy":"product_brand","embeddable":true,"href":"https:\/\/www.aiyin.com\/pt\/wp-json\/wp\/v2\/product_brand?post=2218"},{"taxonomy":"product_cat","embeddable":true,"href":"https:\/\/www.aiyin.com\/pt\/wp-json\/wp\/v2\/product_cat?post=2218"},{"taxonomy":"product_tag","embeddable":true,"href":"https:\/\/www.aiyin.com\/pt\/wp-json\/wp\/v2\/product_tag?post=2218"}],"curies":[{"name":"wp","href":"https:\/\/api.w.org\/{rel}","templated":true}]}}