{"id":2210,"date":"2025-02-17T10:19:29","date_gmt":"2025-02-17T10:19:29","guid":{"rendered":"https:\/\/www.jinghuaceramic.com\/?post_type=product&#038;p=2210"},"modified":"2025-02-22T07:12:19","modified_gmt":"2025-02-22T07:12:19","slug":"3-inches-thermal-bluetooth-wifi-receipt-printer-an802","status":"publish","type":"product","link":"https:\/\/www.aiyin.com\/pt\/product\/3-inches-thermal-bluetooth-wifi-receipt-printer-an802\/","title":{"rendered":"Suporte para impressora de recibos personalizada, impressora t\u00e9rmica de recibos Bluetooth\/Wifi de 3 polegadas - AN802"},"content":{"rendered":"<h2 class=\"wp-block-heading\">Detalhes da impressora de recibos Bluetooth\/Wifi - AN802<\/h2>\n\n\n\n<hr class=\"wp-block-separator has-alpha-channel-opacity\"\/>\n\n\n\n<figure class=\"wp-block-image size-large\"><img decoding=\"async\" width=\"1265\" height=\"1280\" src=\"https:\/\/www.aiyin.com\/wp-content\/uploads\/2025\/02\/Bluetooth-and-Wifi-Receipt-Printer-Details-1-1265x1280.webp\" alt=\"Detalhes da impressora de recibos Bluetooth e Wifi (1)\" class=\"wp-image-2216\" srcset=\"https:\/\/www.aiyin.com\/wp-content\/uploads\/2025\/02\/Bluetooth-and-Wifi-Receipt-Printer-Details-1-1265x1280.webp 1265w, https:\/\/www.aiyin.com\/wp-content\/uploads\/2025\/02\/Bluetooth-and-Wifi-Receipt-Printer-Details-1-768x777.webp 768w, https:\/\/www.aiyin.com\/wp-content\/uploads\/2025\/02\/Bluetooth-and-Wifi-Receipt-Printer-Details-1-600x607.webp 600w, https:\/\/www.aiyin.com\/wp-content\/uploads\/2025\/02\/Bluetooth-and-Wifi-Receipt-Printer-Details-1-100x100.webp 100w\" sizes=\"(max-width: 1265px) 100vw, 1265px\" \/><\/figure>","protected":false},"excerpt":{"rendered":"<p>Impressora t\u00e9rmica de recibos bluetooth \/ wifi de 3 polegadas por atacado, a AN802 ajuda a reduzir custos e melhorar a competitividade com seu alto desempenho e baixo custo de manuten\u00e7\u00e3o. Oferecemos solu\u00e7\u00f5es completas e personalizadas para impressoras de etiquetas. Entre em contato conosco.<\/p>\n<h2>Recursos da impressora de recibos Bluetooth\/Wifi - AN802<\/h2>\n<div>\n<p><strong>Fun\u00e7\u00e3o de lembrete de pedido:<\/strong> Impressora de recibos Bluetooth\/Wifi - AN802 A impressora tem uma fun\u00e7\u00e3o integrada de lembrete de pedido, que pode emitir um lembrete quando o pedido n\u00e3o tiver sido coletado ou impresso, garantindo que nenhum pedido importante seja perdido. Ela \u00e9 particularmente adequada para setores como o de alimenta\u00e7\u00e3o e varejo.<\/p>\n<p><strong>Suporte a Bluetooth e Wi-Fi:<\/strong> A AN802 est\u00e1 dispon\u00edvel nos estilos Bluetooth e Wi-Fi, e os usu\u00e1rios podem conectar facilmente a impressora a v\u00e1rios dispositivos (como smartphones, tablets e sistemas POS) para melhorar a efici\u00eancia do trabalho.<\/p>\n<p><strong>Fun\u00e7\u00e3o de corte autom\u00e1tico de papel:<\/strong> Equipado com um cortador de papel autom\u00e1tico com uma vida \u00fatil de at\u00e9 1,5 milh\u00e3o de vezes, ele melhora efetivamente a efici\u00eancia do trabalho e garante um corte preciso, adequado para ambientes de impress\u00e3o de etiquetas de alta frequ\u00eancia e alta demanda.<\/p>\n<p><strong>Boa durabilidade:<\/strong> A vida \u00fatil de impress\u00e3o da impressora de recibos AN802 \u00e9 de at\u00e9 30 quil\u00f4metros (durante o per\u00edodo de garantia) e 50 quil\u00f4metros (vida \u00fatil). Mesmo em um ambiente de uso de alta frequ\u00eancia, o dispositivo ainda pode manter um desempenho est\u00e1vel.<\/p>\n<\/div>","protected":false},"featured_media":2211,"comment_status":"closed","ping_status":"closed","template":"","meta":{"_acf_changed":true},"product_brand":[],"product_cat":[19],"product_tag":[],"class_list":{"0":"post-2210","1":"product","2":"type-product","3":"status-publish","4":"has-post-thumbnail","6":"product_cat-receipt-printer","7":"pa_device-type-desktop","8":"pa_print-width-3-inches","10":"first","11":"instock","12":"shipping-taxable","13":"product-type-simple"},"acf":[],"_links":{"self":[{"href":"https:\/\/www.aiyin.com\/pt\/wp-json\/wp\/v2\/product\/2210","targetHints":{"allow":["GET"]}}],"collection":[{"href":"https:\/\/www.aiyin.com\/pt\/wp-json\/wp\/v2\/product"}],"about":[{"href":"https:\/\/www.aiyin.com\/pt\/wp-json\/wp\/v2\/types\/product"}],"replies":[{"embeddable":true,"href":"https:\/\/www.aiyin.com\/pt\/wp-json\/wp\/v2\/comments?post=2210"}],"wp:featuredmedia":[{"embeddable":true,"href":"https:\/\/www.aiyin.com\/pt\/wp-json\/wp\/v2\/media\/2211"}],"wp:attachment":[{"href":"https:\/\/www.aiyin.com\/pt\/wp-json\/wp\/v2\/media?parent=2210"}],"wp:term":[{"taxonomy":"product_brand","embeddable":true,"href":"https:\/\/www.aiyin.com\/pt\/wp-json\/wp\/v2\/product_brand?post=2210"},{"taxonomy":"product_cat","embeddable":true,"href":"https:\/\/www.aiyin.com\/pt\/wp-json\/wp\/v2\/product_cat?post=2210"},{"taxonomy":"product_tag","embeddable":true,"href":"https:\/\/www.aiyin.com\/pt\/wp-json\/wp\/v2\/product_tag?post=2210"}],"curies":[{"name":"wp","href":"https:\/\/api.w.org\/{rel}","templated":true}]}}