{"id":2202,"date":"2025-02-17T09:31:34","date_gmt":"2025-02-17T09:31:34","guid":{"rendered":"https:\/\/www.jinghuaceramic.com\/?post_type=product&#038;p=2202"},"modified":"2025-02-22T07:09:14","modified_gmt":"2025-02-22T07:09:14","slug":"desktop-thermal-receipt-printer-an801","status":"publish","type":"product","link":"https:\/\/www.aiyin.com\/pt\/product\/desktop-thermal-receipt-printer-an801\/","title":{"rendered":"Impressora t\u00e9rmica de recibos USB \/ sem fio \/ Bluetooth de 3 polegadas - AN801, compat\u00edvel com softwares e programas comuns de catering e de caixa registradora"},"content":{"rendered":"<h2 class=\"wp-block-heading\">Detalhes da impressora t\u00e9rmica de recibos Bluetooth de mesa - AN801<\/h2>\n\n\n\n<hr class=\"wp-block-separator has-alpha-channel-opacity\"\/>\n\n\n\n<figure class=\"wp-block-image size-large\"><img decoding=\"async\" width=\"1280\" height=\"1275\" src=\"https:\/\/www.aiyin.com\/wp-content\/uploads\/2025\/02\/Bluetooth-Thermal-Receipt-Printer\u200b-Details-1-1280x1275.webp\" alt=\"Detalhes da impressora t\u00e9rmica de recibos Bluetooth (1)\" class=\"wp-image-2208\" srcset=\"https:\/\/www.aiyin.com\/wp-content\/uploads\/2025\/02\/Bluetooth-Thermal-Receipt-Printer\u200b-Details-1-1280x1275.webp 1280w, https:\/\/www.aiyin.com\/wp-content\/uploads\/2025\/02\/Bluetooth-Thermal-Receipt-Printer\u200b-Details-1-150x150.webp 150w, https:\/\/www.aiyin.com\/wp-content\/uploads\/2025\/02\/Bluetooth-Thermal-Receipt-Printer\u200b-Details-1-768x765.webp 768w, https:\/\/www.aiyin.com\/wp-content\/uploads\/2025\/02\/Bluetooth-Thermal-Receipt-Printer\u200b-Details-1-300x300.webp 300w, https:\/\/www.aiyin.com\/wp-content\/uploads\/2025\/02\/Bluetooth-Thermal-Receipt-Printer\u200b-Details-1-600x598.webp 600w, https:\/\/www.aiyin.com\/wp-content\/uploads\/2025\/02\/Bluetooth-Thermal-Receipt-Printer\u200b-Details-1-100x100.webp 100w\" sizes=\"(max-width: 1280px) 100vw, 1280px\" \/><\/figure>","protected":false},"excerpt":{"rendered":"<p>Impressoras t\u00e9rmicas de recibos no atacado, dispon\u00edveis nos modelos Bluetooth e WiFi, convenientes para a conex\u00e3o perfeita com v\u00e1rios dispositivos, amplamente utilizadas em varejo, buf\u00eas, supermercados, hot\u00e9is, transportes e outros setores. Entre em contato conosco agora para saber mais sobre as impressoras t\u00e9rmicas de recibos ou para obter uma cota\u00e7\u00e3o de atacado.<\/p>\n<h2>Recursos da impressora t\u00e9rmica de recibos de mesa - AN801<\/h2>\n<div>\n<p><strong>Impress\u00e3o r\u00e1pida e eficiente:<\/strong> Com uma capacidade de impress\u00e3o de alta velocidade de 200 mm por segundo, a impressora pode concluir rapidamente as tarefas de impress\u00e3o de um grande n\u00famero de recibos. Ela \u00e9 equipada com um cortador de papel autom\u00e1tico com uma vida \u00fatil de 1,5 milh\u00e3o de vezes, o que melhora a suavidade e a efici\u00eancia do trabalho ap\u00f3s cada impress\u00e3o.<\/p>\n<p><strong>Prote\u00e7\u00e3o IP42:<\/strong> A impressora t\u00e9rmica de recibos de mesa - AN801, com n\u00edvel de prote\u00e7\u00e3o IP42, pode proteger efetivamente o dispositivo contra umidade, poeira e insetos, reduzindo o risco de manuten\u00e7\u00e3o e falha.<\/p>\n<p><strong>Design leve:<\/strong> A impressora t\u00e9rmica de recibos de mesa AN801 \u00e9 compacta e leve, com um peso l\u00edquido de apenas 0,84 kg, adequada para pequenas lojas, e pode ser facilmente movida e colocada em um local adequado.<\/p>\n<p><strong>Suporte a Bluetooth e sem fio:<\/strong> A AN801 tem um estilo que suporta Bluetooth e Wifi. Por meio da conex\u00e3o sem fio, os usu\u00e1rios podem imprimir remotamente sem estarem presos a cabos, o que \u00e9 adequado para cen\u00e1rios que exigem opera\u00e7\u00e3o m\u00f3vel.<\/p>\n<p><strong>Servi\u00e7o de OEM e ODM:<\/strong> O fabricante de impressoras de etiquetas AiYin oferece um servi\u00e7o completo e personalizado de impressora de recibos para atender \u00e0s necessidades personalizadas dos clientes em termos de fun\u00e7\u00e3o, apar\u00eancia e marca.<\/p>\n<\/div>","protected":false},"featured_media":2203,"comment_status":"closed","ping_status":"closed","template":"","meta":{"_acf_changed":true},"product_brand":[],"product_cat":[19],"product_tag":[],"class_list":{"0":"post-2202","1":"product","2":"type-product","3":"status-publish","4":"has-post-thumbnail","6":"product_cat-receipt-printer","7":"pa_device-type-desktop","8":"pa_print-width-3-inches","10":"first","11":"instock","12":"shipping-taxable","13":"product-type-simple"},"acf":[],"_links":{"self":[{"href":"https:\/\/www.aiyin.com\/pt\/wp-json\/wp\/v2\/product\/2202","targetHints":{"allow":["GET"]}}],"collection":[{"href":"https:\/\/www.aiyin.com\/pt\/wp-json\/wp\/v2\/product"}],"about":[{"href":"https:\/\/www.aiyin.com\/pt\/wp-json\/wp\/v2\/types\/product"}],"replies":[{"embeddable":true,"href":"https:\/\/www.aiyin.com\/pt\/wp-json\/wp\/v2\/comments?post=2202"}],"wp:featuredmedia":[{"embeddable":true,"href":"https:\/\/www.aiyin.com\/pt\/wp-json\/wp\/v2\/media\/2203"}],"wp:attachment":[{"href":"https:\/\/www.aiyin.com\/pt\/wp-json\/wp\/v2\/media?parent=2202"}],"wp:term":[{"taxonomy":"product_brand","embeddable":true,"href":"https:\/\/www.aiyin.com\/pt\/wp-json\/wp\/v2\/product_brand?post=2202"},{"taxonomy":"product_cat","embeddable":true,"href":"https:\/\/www.aiyin.com\/pt\/wp-json\/wp\/v2\/product_cat?post=2202"},{"taxonomy":"product_tag","embeddable":true,"href":"https:\/\/www.aiyin.com\/pt\/wp-json\/wp\/v2\/product_tag?post=2202"}],"curies":[{"name":"wp","href":"https:\/\/api.w.org\/{rel}","templated":true}]}}