{"id":2194,"date":"2025-02-19T05:56:10","date_gmt":"2025-02-19T05:56:10","guid":{"rendered":"https:\/\/www.jinghuaceramic.com\/?post_type=product&#038;p=2194"},"modified":"2025-02-26T06:04:12","modified_gmt":"2025-02-26T06:04:12","slug":"wholesale-2-inches-thermal-receipt-printer-an581","status":"publish","type":"product","link":"https:\/\/www.aiyin.com\/pt\/product\/wholesale-2-inches-thermal-receipt-printer-an581\/","title":{"rendered":"Impressora t\u00e9rmica de recibos de 2 polegadas no atacado - AN581, suporta a impress\u00e3o de recibos, pedidos, c\u00f3digos de barras e muito mais"},"content":{"rendered":"<h2 class=\"wp-block-heading\">Detalhes da impressora t\u00e9rmica de recibos de 2 polegadas - AN581<\/h2>\n\n\n\n<hr class=\"wp-block-separator has-alpha-channel-opacity\" \/>\n\n\n\n<figure class=\"wp-block-image size-large\"><img decoding=\"async\" width=\"1272\" height=\"1280\" src=\"https:\/\/www.aiyin.com\/wp-content\/uploads\/2025\/02\/2-inches-Thermal-Receipt-Printer-Details-1-1272x1280.webp\" alt=\"Detalhes da impressora t\u00e9rmica de recibos de 2 polegadas (1)\" class=\"wp-image-2195\" srcset=\"https:\/\/www.aiyin.com\/wp-content\/uploads\/2025\/02\/2-inches-Thermal-Receipt-Printer-Details-1-1272x1280.webp 1272w, https:\/\/www.aiyin.com\/wp-content\/uploads\/2025\/02\/2-inches-Thermal-Receipt-Printer-Details-1-150x150.webp 150w, https:\/\/www.aiyin.com\/wp-content\/uploads\/2025\/02\/2-inches-Thermal-Receipt-Printer-Details-1-768x773.webp 768w, https:\/\/www.aiyin.com\/wp-content\/uploads\/2025\/02\/2-inches-Thermal-Receipt-Printer-Details-1-600x604.webp 600w, https:\/\/www.aiyin.com\/wp-content\/uploads\/2025\/02\/2-inches-Thermal-Receipt-Printer-Details-1-100x100.webp 100w\" sizes=\"(max-width: 1272px) 100vw, 1272px\" \/><\/figure>","protected":false},"excerpt":{"rendered":"<p>A impressora t\u00e9rmica de recibos de 2 polegadas, AN581, \u00e9 um dispositivo de impress\u00e3o compacto e de alto desempenho projetado para comerciantes, varejistas e v\u00e1rios locais comerciais, fornecendo solu\u00e7\u00f5es de impress\u00e3o eficientes e confi\u00e1veis. A vida \u00fatil da impress\u00e3o pode chegar a 30 quil\u00f4metros (durante o per\u00edodo de garantia) e 50 quil\u00f4metros (vida \u00fatil), reduzindo o custo de manuten\u00e7\u00e3o do equipamento. Suporte a OEM e ODM, entre em contato conosco para obter uma cota\u00e7\u00e3o.<\/p>\n<h2>Recursos da impressora t\u00e9rmica de recibos de 2 polegadas - AN581<\/h2>\n<div>\n<p><strong>Ampla adaptabilidade:<\/strong> A impressora t\u00e9rmica de recibos AN581 \u00e9 compat\u00edvel com os principais softwares de catering e de caixa registradora, bem como com os miniprogramas existentes no mercado, e pode se adaptar perfeitamente \u00e0s necessidades de diferentes cen\u00e1rios comerciais, adequados para o setor de catering, o setor de varejo e o setor de log\u00edstica.<\/p>\n<p><strong>V\u00e1rias op\u00e7\u00f5es de interface:<\/strong> A impressora t\u00e9rmica de recibos AN581 tem v\u00e1rias interfaces comuns, incluindo USB, porta serial, bluetooth, etc., que podem ser facilmente conectadas a v\u00e1rios dispositivos e sistemas operacionais.<\/p>\n<p><strong>Fun\u00e7\u00e3o de impress\u00e3o Bluetooth:<\/strong> A fun\u00e7\u00e3o de impress\u00e3o bluetooth torna essa impressora t\u00e9rmica de recibos mais flex\u00edvel. Os usu\u00e1rios podem conectar at\u00e9 8 dispositivos via bluetooth, evitando a inconveni\u00eancia da conex\u00e3o tradicional por cabo USB.<\/p>\n<p><strong>Alta resolu\u00e7\u00e3o: T<\/strong>A resolu\u00e7\u00e3o de impress\u00e3o \u00e9 de at\u00e9 203 dpi, o que \u00e9 adequado para a impress\u00e3o de padr\u00f5es finos, como c\u00f3digos de barras e c\u00f3digos QR. As mercadorias ou informa\u00e7\u00f5es importantes que precisam ser marcadas com precis\u00e3o podem ser fornecidas com etiquetas claras e f\u00e1ceis de digitalizar.<\/p>\n<p><strong>Leve e compacto:<\/strong> A impressora pesa apenas 375 gramas e mede 110 mm x 146 mm x 109 mm. Ela \u00e9 extremamente compacta e f\u00e1cil de transportar, al\u00e9m de ter maior flexibilidade.<\/p>\n<p><strong>Suporte a v\u00e1rios modos de impress\u00e3o:<\/strong> Suporta impress\u00e3o t\u00e9rmica direta e impress\u00e3o de v\u00e1rios c\u00f3digos de barras, e pode imprimir etiquetas de c\u00f3digo de barras, bem como recibos e pedidos para o setor de catering.<\/p>\n<\/div>","protected":false},"featured_media":2197,"comment_status":"closed","ping_status":"closed","template":"","meta":{"_acf_changed":true},"product_brand":[],"product_cat":[19],"product_tag":[],"class_list":{"0":"post-2194","1":"product","2":"type-product","3":"status-publish","4":"has-post-thumbnail","6":"product_cat-receipt-printer","7":"pa_device-type-desktop","8":"pa_print-width-2-inches","10":"first","11":"instock","12":"shipping-taxable","13":"product-type-simple"},"acf":[],"_links":{"self":[{"href":"https:\/\/www.aiyin.com\/pt\/wp-json\/wp\/v2\/product\/2194","targetHints":{"allow":["GET"]}}],"collection":[{"href":"https:\/\/www.aiyin.com\/pt\/wp-json\/wp\/v2\/product"}],"about":[{"href":"https:\/\/www.aiyin.com\/pt\/wp-json\/wp\/v2\/types\/product"}],"replies":[{"embeddable":true,"href":"https:\/\/www.aiyin.com\/pt\/wp-json\/wp\/v2\/comments?post=2194"}],"wp:featuredmedia":[{"embeddable":true,"href":"https:\/\/www.aiyin.com\/pt\/wp-json\/wp\/v2\/media\/2197"}],"wp:attachment":[{"href":"https:\/\/www.aiyin.com\/pt\/wp-json\/wp\/v2\/media?parent=2194"}],"wp:term":[{"taxonomy":"product_brand","embeddable":true,"href":"https:\/\/www.aiyin.com\/pt\/wp-json\/wp\/v2\/product_brand?post=2194"},{"taxonomy":"product_cat","embeddable":true,"href":"https:\/\/www.aiyin.com\/pt\/wp-json\/wp\/v2\/product_cat?post=2194"},{"taxonomy":"product_tag","embeddable":true,"href":"https:\/\/www.aiyin.com\/pt\/wp-json\/wp\/v2\/product_tag?post=2194"}],"curies":[{"name":"wp","href":"https:\/\/api.w.org\/{rel}","templated":true}]}}