{"id":2187,"date":"2025-02-17T08:13:17","date_gmt":"2025-02-17T08:13:17","guid":{"rendered":"https:\/\/www.jinghuaceramic.com\/?post_type=product&#038;p=2187"},"modified":"2025-04-18T08:21:10","modified_gmt":"2025-04-18T08:21:10","slug":"industrial-label-thermal-transfer-printer-t200","status":"publish","type":"product","link":"https:\/\/www.aiyin.com\/pt\/product\/industrial-label-thermal-transfer-printer-t200\/","title":{"rendered":"Impressora de transfer\u00eancia t\u00e9rmica para etiquetas industriais de 4 polegadas - T200 \/ T300 - Fabricante de impressoras de transfer\u00eancia t\u00e9rmica AiYin"},"content":{"rendered":"<h2 class=\"wp-block-heading\">Detalhes da impressora de transfer\u00eancia t\u00e9rmica para etiquetas industriais - T200<\/h2>\n\n\n\n<hr class=\"wp-block-separator has-alpha-channel-opacity\" \/>\n\n\n\n<figure class=\"wp-block-image size-large\"><img decoding=\"async\" width=\"615\" height=\"1280\" src=\"https:\/\/www.aiyin.com\/wp-content\/uploads\/2025\/02\/1-615x1280.webp\" alt=\"\" class=\"wp-image-4133\" srcset=\"https:\/\/www.aiyin.com\/wp-content\/uploads\/2025\/02\/1-615x1280.webp 615w, https:\/\/www.aiyin.com\/wp-content\/uploads\/2025\/02\/1-768x1598.webp 768w, https:\/\/www.aiyin.com\/wp-content\/uploads\/2025\/02\/1-600x1248.webp 600w, https:\/\/www.aiyin.com\/wp-content\/uploads\/2025\/02\/1.webp 1920w\" sizes=\"(max-width: 615px) 100vw, 615px\" \/><\/figure>\n\n\n\n<figure class=\"wp-block-image size-large\"><img decoding=\"async\" width=\"592\" height=\"1280\" src=\"https:\/\/www.aiyin.com\/wp-content\/uploads\/2025\/02\/2-592x1280.webp\" alt=\"\" class=\"wp-image-4135\" srcset=\"https:\/\/www.aiyin.com\/wp-content\/uploads\/2025\/02\/2-592x1280.webp 592w, https:\/\/www.aiyin.com\/wp-content\/uploads\/2025\/02\/2-768x1660.webp 768w, https:\/\/www.aiyin.com\/wp-content\/uploads\/2025\/02\/2-600x1297.webp 600w, https:\/\/www.aiyin.com\/wp-content\/uploads\/2025\/02\/2.webp 1920w\" sizes=\"(max-width: 592px) 100vw, 592px\" \/><\/figure>\n\n\n\n<figure class=\"wp-block-image size-large\"><img decoding=\"async\" width=\"434\" height=\"1280\" src=\"https:\/\/www.aiyin.com\/wp-content\/uploads\/2025\/02\/3-1-434x1280.webp\" alt=\"\" class=\"wp-image-4137\" srcset=\"https:\/\/www.aiyin.com\/wp-content\/uploads\/2025\/02\/3-1-434x1280.webp 434w, https:\/\/www.aiyin.com\/wp-content\/uploads\/2025\/02\/3-1-768x2264.webp 768w, https:\/\/www.aiyin.com\/wp-content\/uploads\/2025\/02\/3-1-600x1768.webp 600w, https:\/\/www.aiyin.com\/wp-content\/uploads\/2025\/02\/3-1.webp 1920w\" sizes=\"(max-width: 434px) 100vw, 434px\" \/><\/figure>\n\n\n<style>.kb-image2187_c43eb4-25 .kb-image-has-overlay:after{opacity:0.3;}<\/style>\n<figure class=\"wp-block-kadence-image kb-image2187_c43eb4-25 size-large\"><img decoding=\"async\" width=\"383\" height=\"1280\" src=\"https:\/\/www.aiyin.com\/wp-content\/uploads\/2025\/02\/4-1-383x1280.webp\" alt=\"\" class=\"kb-img wp-image-4140\" srcset=\"https:\/\/www.aiyin.com\/wp-content\/uploads\/2025\/02\/4-1-383x1280.webp 383w, https:\/\/www.aiyin.com\/wp-content\/uploads\/2025\/02\/4-1-768x2566.webp 768w, https:\/\/www.aiyin.com\/wp-content\/uploads\/2025\/02\/4-1-600x2005.webp 600w, https:\/\/www.aiyin.com\/wp-content\/uploads\/2025\/02\/4-1.webp 1920w\" sizes=\"(max-width: 383px) 100vw, 383px\" \/><\/figure>\n\n\n<style>.kb-image2187_a18f1b-86 .kb-image-has-overlay:after{opacity:0.3;}<\/style>\n<figure class=\"wp-block-kadence-image kb-image2187_a18f1b-86 size-large\"><img decoding=\"async\" width=\"1275\" height=\"1280\" src=\"https:\/\/www.aiyin.com\/wp-content\/uploads\/2025\/02\/5-1275x1280.webp\" alt=\"\" class=\"kb-img wp-image-4139\" srcset=\"https:\/\/www.aiyin.com\/wp-content\/uploads\/2025\/02\/5-1275x1280.webp 1275w, https:\/\/www.aiyin.com\/wp-content\/uploads\/2025\/02\/5-150x150.webp 150w, https:\/\/www.aiyin.com\/wp-content\/uploads\/2025\/02\/5-768x771.webp 768w, https:\/\/www.aiyin.com\/wp-content\/uploads\/2025\/02\/5-300x300.webp 300w, https:\/\/www.aiyin.com\/wp-content\/uploads\/2025\/02\/5-600x602.webp 600w, https:\/\/www.aiyin.com\/wp-content\/uploads\/2025\/02\/5-100x100.webp 100w, https:\/\/www.aiyin.com\/wp-content\/uploads\/2025\/02\/5.webp 1920w\" sizes=\"(max-width: 1275px) 100vw, 1275px\" \/><\/figure>\n\n\n\n<p><\/p>","protected":false},"excerpt":{"rendered":"<p>Impressora de transfer\u00eancia t\u00e9rmica de etiquetas industriais no atacado - T200, que oferece solu\u00e7\u00f5es de impress\u00e3o de etiquetas industriais eficientes e est\u00e1veis, adequadas para produ\u00e7\u00e3o em massa, gerenciamento de armaz\u00e9ns, distribui\u00e7\u00e3o log\u00edstica e outros campos. Seja voc\u00ea um fabricante, distribuidor ou varejista, a T200 pode fornecer resultados de impress\u00e3o de alta qualidade e desempenho poderoso. Entre em contato conosco para obter uma cota\u00e7\u00e3o.<\/p>\n<h2>Recursos da impressora de transfer\u00eancia t\u00e9rmica para etiquetas industriais - T200<\/h2>\n<div>\n<p><strong>Suporte a v\u00e1rios m\u00e9todos de impress\u00e3o:<\/strong> A impressora de transfer\u00eancia t\u00e9rmica de etiquetas industriais T200 suporta etiquetas em rolo, pap\u00e9is de etiqueta, fitas de transfer\u00eancia t\u00e9rmica, etc. Para v\u00e1rios setores, para atender a diferentes demandas.<\/p>\n<p><strong>Suporte de software:<\/strong> O fabricante da impressora de transfer\u00eancia t\u00e9rmica Aiyin oferece suporte a software e driver, suportando v\u00e1rios sistemas operacionais, como Windows, MacOS, Linux, iOS e Android, o que \u00e9 conveniente para os usu\u00e1rios projetarem e imprimirem etiquetas.<\/p>\n<p><strong>Dur\u00e1vel e est\u00e1vel:<\/strong> A impressora de transfer\u00eancia t\u00e9rmica de etiquetas industriais T200 \u00e9 dur\u00e1vel e resistente, podendo ser operada de forma est\u00e1vel por um longo per\u00edodo, adequada para trabalhos industriais de alta carga.<\/p>\n<p><strong>Uso multifuncional:<\/strong> \u00c9 amplamente utilizado em cen\u00e1rios como c\u00f3digos de barras, c\u00f3digos QR, etiquetagem de produtos, gerenciamento de armaz\u00e9ns, etc., para atender \u00e0s necessidades de etiquetagem de diferentes setores.<\/p>\n<p><strong>OEM e ODM:<\/strong> A AiYin tem boa capacidade de fabrica\u00e7\u00e3o e design, oferece servi\u00e7os de OEM e ODM e ajuda os clientes a personalizar a apar\u00eancia, a funcionalidade, os acess\u00f3rios etc. da impressora \u00e0 sua maneira. da impressora \u00e0 sua pr\u00f3pria maneira.<\/p>\n<\/div>","protected":false},"featured_media":2188,"comment_status":"closed","ping_status":"closed","template":"","meta":{"_acf_changed":true},"product_brand":[],"product_cat":[20],"product_tag":[],"class_list":{"0":"post-2187","1":"product","2":"type-product","3":"status-publish","4":"has-post-thumbnail","6":"product_cat-thermal-transfer-printer","7":"pa_industrial-grade-no","8":"pa_paper-bin-without-paper-bin","9":"pa_print-width-4-inches","11":"first","12":"instock","13":"shipping-taxable","14":"product-type-simple"},"acf":[],"_links":{"self":[{"href":"https:\/\/www.aiyin.com\/pt\/wp-json\/wp\/v2\/product\/2187","targetHints":{"allow":["GET"]}}],"collection":[{"href":"https:\/\/www.aiyin.com\/pt\/wp-json\/wp\/v2\/product"}],"about":[{"href":"https:\/\/www.aiyin.com\/pt\/wp-json\/wp\/v2\/types\/product"}],"replies":[{"embeddable":true,"href":"https:\/\/www.aiyin.com\/pt\/wp-json\/wp\/v2\/comments?post=2187"}],"wp:featuredmedia":[{"embeddable":true,"href":"https:\/\/www.aiyin.com\/pt\/wp-json\/wp\/v2\/media\/2188"}],"wp:attachment":[{"href":"https:\/\/www.aiyin.com\/pt\/wp-json\/wp\/v2\/media?parent=2187"}],"wp:term":[{"taxonomy":"product_brand","embeddable":true,"href":"https:\/\/www.aiyin.com\/pt\/wp-json\/wp\/v2\/product_brand?post=2187"},{"taxonomy":"product_cat","embeddable":true,"href":"https:\/\/www.aiyin.com\/pt\/wp-json\/wp\/v2\/product_cat?post=2187"},{"taxonomy":"product_tag","embeddable":true,"href":"https:\/\/www.aiyin.com\/pt\/wp-json\/wp\/v2\/product_tag?post=2187"}],"curies":[{"name":"wp","href":"https:\/\/api.w.org\/{rel}","templated":true}]}}