{"id":2179,"date":"2025-02-16T05:39:37","date_gmt":"2025-02-16T05:39:37","guid":{"rendered":"https:\/\/www.jinghuaceramic.com\/?post_type=product&#038;p=2179"},"modified":"2025-03-28T05:17:00","modified_gmt":"2025-03-28T05:17:00","slug":"thermal-transfer-barcode-printer-qr-982-983-986","status":"publish","type":"product","link":"https:\/\/www.aiyin.com\/pt\/product\/thermal-transfer-barcode-printer-qr-982-983-986\/","title":{"rendered":"Impressora de c\u00f3digo de barras de transfer\u00eancia t\u00e9rmica de 4 polegadas QR - 982\/983\/986, compat\u00edvel com impress\u00e3o t\u00e9rmica e transfer\u00eancia t\u00e9rmica"},"content":{"rendered":"<h2 class=\"wp-block-heading\">Detalhes da impressora de c\u00f3digo de barras por transfer\u00eancia t\u00e9rmica QR - 982\/983\/986<\/h2>\n\n\n\n<hr class=\"wp-block-separator has-alpha-channel-opacity\" \/>\n\n\n\n<figure class=\"wp-block-image size-large\"><img decoding=\"async\" width=\"1249\" height=\"1280\" src=\"https:\/\/www.aiyin.com\/wp-content\/uploads\/2025\/02\/Thermal-Transfer-Barcode-Printer\u200b-Details-1-1249x1280.webp\" alt=\"Detalhes da impressora de c\u00f3digo de barras de transfer\u00eancia t\u00e9rmica (1)\" class=\"wp-image-2180\" srcset=\"https:\/\/www.aiyin.com\/wp-content\/uploads\/2025\/02\/Thermal-Transfer-Barcode-Printer\u200b-Details-1-1249x1280.webp 1249w, https:\/\/www.aiyin.com\/wp-content\/uploads\/2025\/02\/Thermal-Transfer-Barcode-Printer\u200b-Details-1-768x787.webp 768w, https:\/\/www.aiyin.com\/wp-content\/uploads\/2025\/02\/Thermal-Transfer-Barcode-Printer\u200b-Details-1-600x615.webp 600w\" sizes=\"(max-width: 1249px) 100vw, 1249px\" \/><\/figure>","protected":false},"excerpt":{"rendered":"<p>Impressora de transfer\u00eancia t\u00e9rmica por atacado, adequada para impress\u00e3o de armazenamento log\u00edstico, impress\u00e3o industrial de grande volume, impress\u00e3o de varejo de supermercado, fornecendo desempenho de impress\u00e3o de alta velocidade e alta precis\u00e3o, suportando uma variedade de materiais de etiqueta. Al\u00e9m disso, essa impressora de transfer\u00eancia t\u00e9rmica tamb\u00e9m \u00e9 caracterizada pela tecnologia de sensor avan\u00e7ada e suporta uma variedade de interfaces de comunica\u00e7\u00e3o (USB, USB, Bluetooth (opcional), porta serial, porta de rede, que pode atender \u00e0s necessidades de uma variedade de cen\u00e1rios. Oferecemos servi\u00e7os de OEM e ODM, entre em contato conosco para obter uma cota\u00e7\u00e3o.<\/p>\n<h2>Recursos da impressora de c\u00f3digo de barras por transfer\u00eancia t\u00e9rmica QR - 982\/983\/986<\/h2>\n<div>\n<p><strong>Modo de impress\u00e3o dupla:<\/strong> suporta transfer\u00eancia t\u00e9rmica e impress\u00e3o t\u00e9rmica. A transfer\u00eancia t\u00e9rmica \u00e9 adequada para etiquetas que precisam ser armazenadas por um longo per\u00edodo, enquanto a impress\u00e3o t\u00e9rmica \u00e9 mais conveniente e r\u00e1pida, sem fita, para atender \u00e0s necessidades de v\u00e1rios cen\u00e1rios.<\/p>\n<p><strong>Diferentes op\u00e7\u00f5es de resolu\u00e7\u00e3o:<\/strong> As resolu\u00e7\u00f5es s\u00e3o fornecidas de acordo com diferentes modelos (QR-982 \u00e9 203 DPI, QR-983 \u00e9 300 DPI, QR-986 \u00e9 600 DPI), e os usu\u00e1rios podem escolher o modelo apropriado de acordo com suas necessidades.<\/p>\n<p><strong>Cen\u00e1rios de aplicativos avan\u00e7ados:<\/strong> A impressora de c\u00f3digo de barras por transfer\u00eancia t\u00e9rmica suporta uma variedade de impress\u00f5es de etiquetas para atender a v\u00e1rias necessidades, como comercial, industrial e log\u00edstica.<\/p>\n<p><strong>Tecnologia avan\u00e7ada de sensores:<\/strong> A impressora de c\u00f3digo de barras por transfer\u00eancia t\u00e9rmica \u00e9 equipada com diversos sensores, incluindo detec\u00e7\u00e3o de falta de papel, detec\u00e7\u00e3o de temperatura do cabe\u00e7ote de impress\u00e3o e sensores de papel, que monitoram diversas vari\u00e1veis no processo de impress\u00e3o em tempo real e ajustam automaticamente o status da m\u00e1quina.<\/p>\n<p><strong>Suporte a OEM e ODM:<\/strong> O fabricante de impressoras de transfer\u00eancia t\u00e9rmica AiYin tem forte suporte t\u00e9cnico e recursos de produ\u00e7\u00e3o, e pode fornecer solu\u00e7\u00f5es de impress\u00e3o personalizadas e de alta qualidade para clientes em todo o mundo.<\/p>\n<\/div>","protected":false},"featured_media":2182,"comment_status":"closed","ping_status":"closed","template":"","meta":{"_acf_changed":true},"product_brand":[],"product_cat":[20],"product_tag":[],"class_list":{"0":"post-2179","1":"product","2":"type-product","3":"status-publish","4":"has-post-thumbnail","6":"product_cat-thermal-transfer-printer","7":"pa_industrial-grade-no","8":"pa_paper-bin-with-paper-bin","9":"pa_print-width-4-inches","11":"first","12":"instock","13":"shipping-taxable","14":"product-type-simple"},"acf":[],"_links":{"self":[{"href":"https:\/\/www.aiyin.com\/pt\/wp-json\/wp\/v2\/product\/2179","targetHints":{"allow":["GET"]}}],"collection":[{"href":"https:\/\/www.aiyin.com\/pt\/wp-json\/wp\/v2\/product"}],"about":[{"href":"https:\/\/www.aiyin.com\/pt\/wp-json\/wp\/v2\/types\/product"}],"replies":[{"embeddable":true,"href":"https:\/\/www.aiyin.com\/pt\/wp-json\/wp\/v2\/comments?post=2179"}],"wp:featuredmedia":[{"embeddable":true,"href":"https:\/\/www.aiyin.com\/pt\/wp-json\/wp\/v2\/media\/2182"}],"wp:attachment":[{"href":"https:\/\/www.aiyin.com\/pt\/wp-json\/wp\/v2\/media?parent=2179"}],"wp:term":[{"taxonomy":"product_brand","embeddable":true,"href":"https:\/\/www.aiyin.com\/pt\/wp-json\/wp\/v2\/product_brand?post=2179"},{"taxonomy":"product_cat","embeddable":true,"href":"https:\/\/www.aiyin.com\/pt\/wp-json\/wp\/v2\/product_cat?post=2179"},{"taxonomy":"product_tag","embeddable":true,"href":"https:\/\/www.aiyin.com\/pt\/wp-json\/wp\/v2\/product_tag?post=2179"}],"curies":[{"name":"wp","href":"https:\/\/api.w.org\/{rel}","templated":true}]}}