{"id":2166,"date":"2025-02-17T07:03:27","date_gmt":"2025-02-17T07:03:27","guid":{"rendered":"https:\/\/www.jinghuaceramic.com\/?post_type=product&#038;p=2166"},"modified":"2025-02-22T06:55:02","modified_gmt":"2025-02-22T06:55:02","slug":"industrial-thermal-transfer-printer-ie240-340-640","status":"publish","type":"product","link":"https:\/\/www.aiyin.com\/pt\/product\/industrial-thermal-transfer-printer-ie240-340-640\/","title":{"rendered":"Impressora de transfer\u00eancia t\u00e9rmica industrial de 4 polegadas \/ Impressora t\u00e9rmica industrial - IE240\/340\/640, suporta impress\u00e3o de modo duplo"},"content":{"rendered":"<h2 class=\"wp-block-heading\">Detalhes da impressora industrial de transfer\u00eancia t\u00e9rmica - IE240\/340\/640<\/h2>\n\n\n\n<hr class=\"wp-block-separator has-alpha-channel-opacity\"\/>\n\n\n\n<figure class=\"wp-block-image size-large\"><img decoding=\"async\" width=\"1257\" height=\"1280\" src=\"https:\/\/www.aiyin.com\/wp-content\/uploads\/2025\/02\/Industrial-Thermal-Transfer-Printer-Details-1-1257x1280.webp\" alt=\"Detalhes da impressora de transfer\u00eancia t\u00e9rmica industrial (1)\" class=\"wp-image-2177\" srcset=\"https:\/\/www.aiyin.com\/wp-content\/uploads\/2025\/02\/Industrial-Thermal-Transfer-Printer-Details-1-1257x1280.webp 1257w, https:\/\/www.aiyin.com\/wp-content\/uploads\/2025\/02\/Industrial-Thermal-Transfer-Printer-Details-1-768x782.webp 768w, https:\/\/www.aiyin.com\/wp-content\/uploads\/2025\/02\/Industrial-Thermal-Transfer-Printer-Details-1-600x611.webp 600w\" sizes=\"(max-width: 1257px) 100vw, 1257px\" \/><\/figure>","protected":false},"excerpt":{"rendered":"<p>A impressora de transfer\u00eancia t\u00e9rmica industrial por atacado pode executar tarefas como produ\u00e7\u00e3o em massa e requisitos de alta precis\u00e3o. Ela suporta uma variedade de materiais e tamanhos de etiquetas, sendo amplamente utilizada em log\u00edstica, armazenamento, fabrica\u00e7\u00e3o e outros campos. A alta durabilidade e a poderosa interface de conex\u00e3o permitem que ela opere de forma est\u00e1vel em v\u00e1rios ambientes industriais, sendo a escolha ideal para melhorar a efici\u00eancia da produ\u00e7\u00e3o e a qualidade da impress\u00e3o. Suporte a OEM e ODM, entre em contato conosco para obter uma cota\u00e7\u00e3o.<\/p>\n<h2>Recursos da impressora industrial de transfer\u00eancia t\u00e9rmica - IE240\/340\/640<\/h2>\n<div>\n<p><strong>Projeto de estrutura est\u00e1vel:<\/strong> A impressora industrial de transfer\u00eancia t\u00e9rmica - ie240\/340\/640 possui um design de estrutura mais est\u00e1vel. Sob trabalho ininterrupto de longo prazo, a impressora ainda pode manter uma velocidade de produ\u00e7\u00e3o eficiente.<\/p>\n<p><strong>Capacidade de impress\u00e3o r\u00e1pida:<\/strong> A impressora industrial de transfer\u00eancia t\u00e9rmica - ie240\/340\/640 possui uma capacidade de impress\u00e3o de alta velocidade com velocidade m\u00e1xima de impress\u00e3o de at\u00e9 200 mm\/s, especialmente adequada para as exig\u00eancias dos setores que precisam de muitas etiquetas ou produtos personalizados, como manufatura e log\u00edstica.<\/p>\n<p><strong>Grande capacidade de consum\u00edveis de etiquetas:<\/strong> Ele tamb\u00e9m possui uma grande capacidade para armazenar consum\u00edveis de etiquetas, o que reduz a frequ\u00eancia de troca de papel, atendendo aos requisitos de alta frequ\u00eancia e alta impress\u00e3o.<\/p>\n<p><strong>Boa faixa de compatibilidade de papel:<\/strong> A impressora industrial de transfer\u00eancia t\u00e9rmica possui boa compatibilidade de papel, incluindo papel de etiqueta comum, papel com marca preta, papel cont\u00ednuo, papel t\u00e9rmico, etc., e se adapta de forma flex\u00edvel a v\u00e1rias tarefas de impress\u00e3o.<\/p>\n<p><strong>Compat\u00edvel com v\u00e1rios sistemas operacionais:<\/strong> A impressora \u00e9 compat\u00edvel com v\u00e1rios sistemas operacionais, como Windows, Mac OS, Android e iOS. Os operadores t\u00eam a capacidade de escolher a plataforma de dispositivo mais adequada, dependendo de seus pr\u00f3prios h\u00e1bitos e requisitos de trabalho.<\/p>\n<\/div>","protected":false},"featured_media":2172,"comment_status":"closed","ping_status":"closed","template":"","meta":{"_acf_changed":false},"product_brand":[],"product_cat":[20],"product_tag":[],"class_list":{"0":"post-2166","1":"product","2":"type-product","3":"status-publish","4":"has-post-thumbnail","6":"product_cat-thermal-transfer-printer","7":"pa_industrial-grade-yes","8":"pa_paper-bin-with-paper-bin","9":"pa_print-width-4-inches","11":"first","12":"instock","13":"shipping-taxable","14":"product-type-simple"},"acf":[],"_links":{"self":[{"href":"https:\/\/www.aiyin.com\/pt\/wp-json\/wp\/v2\/product\/2166","targetHints":{"allow":["GET"]}}],"collection":[{"href":"https:\/\/www.aiyin.com\/pt\/wp-json\/wp\/v2\/product"}],"about":[{"href":"https:\/\/www.aiyin.com\/pt\/wp-json\/wp\/v2\/types\/product"}],"replies":[{"embeddable":true,"href":"https:\/\/www.aiyin.com\/pt\/wp-json\/wp\/v2\/comments?post=2166"}],"wp:featuredmedia":[{"embeddable":true,"href":"https:\/\/www.aiyin.com\/pt\/wp-json\/wp\/v2\/media\/2172"}],"wp:attachment":[{"href":"https:\/\/www.aiyin.com\/pt\/wp-json\/wp\/v2\/media?parent=2166"}],"wp:term":[{"taxonomy":"product_brand","embeddable":true,"href":"https:\/\/www.aiyin.com\/pt\/wp-json\/wp\/v2\/product_brand?post=2166"},{"taxonomy":"product_cat","embeddable":true,"href":"https:\/\/www.aiyin.com\/pt\/wp-json\/wp\/v2\/product_cat?post=2166"},{"taxonomy":"product_tag","embeddable":true,"href":"https:\/\/www.aiyin.com\/pt\/wp-json\/wp\/v2\/product_tag?post=2166"}],"curies":[{"name":"wp","href":"https:\/\/api.w.org\/{rel}","templated":true}]}}