{"id":2147,"date":"2025-02-15T06:16:25","date_gmt":"2025-02-15T06:16:25","guid":{"rendered":"https:\/\/www.jinghuaceramic.com\/?post_type=product&#038;p=2147"},"modified":"2025-03-28T05:20:21","modified_gmt":"2025-03-28T05:20:21","slug":"wholesale-label-thermal-transfer-printer-ay320-320bt-320p","status":"publish","type":"product","link":"https:\/\/www.aiyin.com\/pt\/product\/wholesale-label-thermal-transfer-printer-ay320-320bt-320p\/","title":{"rendered":"Impressora de transfer\u00eancia t\u00e9rmica para etiquetas de 3 polegadas no atacado - AY320 \/ 320BT \/ 320P, compat\u00edvel com impress\u00e3o t\u00e9rmica e de transfer\u00eancia t\u00e9rmica"},"content":{"rendered":"<h2 class=\"wp-block-heading\">Detalhes da impressora de transfer\u00eancia t\u00e9rmica de etiquetas - AY-320 \/ 320BT \/ 320P<\/h2>\n\n\n\n<hr class=\"wp-block-separator has-alpha-channel-opacity\" \/>\n\n\n\n<figure class=\"wp-block-image size-large\"><img decoding=\"async\" width=\"1242\" height=\"1280\" src=\"https:\/\/www.aiyin.com\/wp-content\/uploads\/2025\/02\/Label-Thermal-Transfer-Printer\u200b-Details-3-1242x1280.webp\" alt=\"Detalhes da impressora de transfer\u00eancia t\u00e9rmica de etiquetas (3)\" class=\"wp-image-2164\" srcset=\"https:\/\/www.aiyin.com\/wp-content\/uploads\/2025\/02\/Label-Thermal-Transfer-Printer\u200b-Details-3-1242x1280.webp 1242w, https:\/\/www.aiyin.com\/wp-content\/uploads\/2025\/02\/Label-Thermal-Transfer-Printer\u200b-Details-3-768x792.webp 768w, https:\/\/www.aiyin.com\/wp-content\/uploads\/2025\/02\/Label-Thermal-Transfer-Printer\u200b-Details-3-600x618.webp 600w\" sizes=\"(max-width: 1242px) 100vw, 1242px\" \/><\/figure>\n\n\n\n<figure class=\"wp-block-image size-large\"><img decoding=\"async\" width=\"1242\" height=\"1280\" src=\"https:\/\/www.aiyin.com\/wp-content\/uploads\/2025\/02\/Label-Thermal-Transfer-Printer\u200b-Details-1-1242x1280.webp\" alt=\"Detalhes da impressora de transfer\u00eancia t\u00e9rmica de etiquetas (1)\" class=\"wp-image-2162\" srcset=\"https:\/\/www.aiyin.com\/wp-content\/uploads\/2025\/02\/Label-Thermal-Transfer-Printer\u200b-Details-1-1242x1280.webp 1242w, https:\/\/www.aiyin.com\/wp-content\/uploads\/2025\/02\/Label-Thermal-Transfer-Printer\u200b-Details-1-768x792.webp 768w, https:\/\/www.aiyin.com\/wp-content\/uploads\/2025\/02\/Label-Thermal-Transfer-Printer\u200b-Details-1-600x618.webp 600w\" sizes=\"(max-width: 1242px) 100vw, 1242px\" \/><\/figure>\n\n\n\n<figure class=\"wp-block-image size-large\"><img decoding=\"async\" width=\"1242\" height=\"1280\" src=\"https:\/\/www.aiyin.com\/wp-content\/uploads\/2025\/02\/Label-Thermal-Transfer-Printer\u200b-Details-2-1242x1280.webp\" alt=\"Detalhes da impressora de transfer\u00eancia t\u00e9rmica de etiquetas (2)\" class=\"wp-image-2163\" srcset=\"https:\/\/www.aiyin.com\/wp-content\/uploads\/2025\/02\/Label-Thermal-Transfer-Printer\u200b-Details-2-1242x1280.webp 1242w, https:\/\/www.aiyin.com\/wp-content\/uploads\/2025\/02\/Label-Thermal-Transfer-Printer\u200b-Details-2-768x792.webp 768w, https:\/\/www.aiyin.com\/wp-content\/uploads\/2025\/02\/Label-Thermal-Transfer-Printer\u200b-Details-2-600x618.webp 600w\" sizes=\"(max-width: 1242px) 100vw, 1242px\" \/><\/figure>","protected":false},"excerpt":{"rendered":"<p>Impressora de transfer\u00eancia t\u00e9rmica de etiquetas no atacado - AY320 \/ 320BT \/ 320P, adequada para v\u00e1rios sistemas operacionais, como Windows, Mac OS, Android e iOS, muito adequada para uso em diferentes ambientes de trabalho, equipada com cabe\u00e7as de impress\u00e3o de alta qualidade para garantir uma impress\u00e3o n\u00edtida e dur\u00e1vel, muito adequada para necessidades de composi\u00e7\u00e3o em grande escala. Suporte a OEM e ODM, entre em contato conosco para obter uma cota\u00e7\u00e3o.<\/p>\n<h2>Recursos da impressora de transfer\u00eancia t\u00e9rmica de etiquetas - AY320 \/ 320BT \/ 320P<\/h2>\n<div>\n<p><strong>Impress\u00e3o de alta qualidade:<\/strong> A impressora de etiquetas por transfer\u00eancia t\u00e9rmica \u00e9 capaz de imprimir textos delicados e claros e imprimir imagens com detalhes n\u00edtidos.<\/p>\n<p><strong>Boa durabilidade:<\/strong> O texto e os c\u00f3digos de barras impressos por transfer\u00eancia t\u00e9rmica s\u00e3o muito resistentes ao desgaste e dif\u00edceis de descascar ou desbotar. Eles podem ser usados para imprimir etiquetas para roupas, etiquetas de lavagem, etiquetas m\u00e9dicas, etiquetas de produtos etc.<\/p>\n<p><strong>Alta velocidade de impress\u00e3o:<\/strong> A impressora de etiquetas por transfer\u00eancia t\u00e9rmica suporta uma velocidade m\u00e1xima de impress\u00e3o de 180 mm\/s, aumentando significativamente a efici\u00eancia do trabalho e sendo adequada para um local de trabalho r\u00e1pido e eficiente.<\/p>\n<p><strong>Projeto robusto de sensores:<\/strong> Com v\u00e1rios sensores, como detec\u00e7\u00e3o de falta de papel e detec\u00e7\u00e3o de temperatura da cabe\u00e7a de impress\u00e3o, para um processo de impress\u00e3o suave e redu\u00e7\u00e3o de falhas.<\/p>\n<p><strong>Interfaces de comunica\u00e7\u00e3o m\u00faltipla:<\/strong> Oferece v\u00e1rias interfaces de comunica\u00e7\u00e3o, como USB, bluetooth (opcional), porta serial e porta de rede, o que \u00e9 conveniente para conectar v\u00e1rios dispositivos e aumentar a flexibilidade operacional.<\/p>\n<\/div>","protected":false},"featured_media":2157,"comment_status":"closed","ping_status":"closed","template":"","meta":{"_acf_changed":false},"product_brand":[],"product_cat":[20],"product_tag":[],"class_list":{"0":"post-2147","1":"product","2":"type-product","3":"status-publish","4":"has-post-thumbnail","6":"product_cat-thermal-transfer-printer","7":"pa_industrial-grade-no","8":"pa_paper-bin-with-paper-bin","9":"pa_print-width-3-inches","11":"first","12":"instock","13":"shipping-taxable","14":"product-type-simple"},"acf":[],"_links":{"self":[{"href":"https:\/\/www.aiyin.com\/pt\/wp-json\/wp\/v2\/product\/2147","targetHints":{"allow":["GET"]}}],"collection":[{"href":"https:\/\/www.aiyin.com\/pt\/wp-json\/wp\/v2\/product"}],"about":[{"href":"https:\/\/www.aiyin.com\/pt\/wp-json\/wp\/v2\/types\/product"}],"replies":[{"embeddable":true,"href":"https:\/\/www.aiyin.com\/pt\/wp-json\/wp\/v2\/comments?post=2147"}],"wp:featuredmedia":[{"embeddable":true,"href":"https:\/\/www.aiyin.com\/pt\/wp-json\/wp\/v2\/media\/2157"}],"wp:attachment":[{"href":"https:\/\/www.aiyin.com\/pt\/wp-json\/wp\/v2\/media?parent=2147"}],"wp:term":[{"taxonomy":"product_brand","embeddable":true,"href":"https:\/\/www.aiyin.com\/pt\/wp-json\/wp\/v2\/product_brand?post=2147"},{"taxonomy":"product_cat","embeddable":true,"href":"https:\/\/www.aiyin.com\/pt\/wp-json\/wp\/v2\/product_cat?post=2147"},{"taxonomy":"product_tag","embeddable":true,"href":"https:\/\/www.aiyin.com\/pt\/wp-json\/wp\/v2\/product_tag?post=2147"}],"curies":[{"name":"wp","href":"https:\/\/api.w.org\/{rel}","templated":true}]}}