{"id":2130,"date":"2025-02-17T01:33:29","date_gmt":"2025-02-17T01:33:29","guid":{"rendered":"https:\/\/www.jinghuaceramic.com\/?post_type=product&#038;p=2130"},"modified":"2025-03-28T05:15:05","modified_gmt":"2025-03-28T05:15:05","slug":"desktop-thermal-transfer-ribbon-printer-at240-340-640","status":"publish","type":"product","link":"https:\/\/www.aiyin.com\/pt\/product\/desktop-thermal-transfer-ribbon-printer-at240-340-640\/","title":{"rendered":"Impressora de fita de transfer\u00eancia t\u00e9rmica de mesa de 4 polegadas OEM - AT240 \/ 340 \/ 640 , compat\u00edvel com etiqueta, c\u00f3digo de barras, fita e muito mais"},"content":{"rendered":"<h2 class=\"wp-block-heading\">Detalhes da impressora de mesa com fita de transfer\u00eancia t\u00e9rmica - AT240 \/ 340 \/ 640 <\/h2>\n\n\n\n<hr class=\"wp-block-separator has-alpha-channel-opacity\" \/>\n\n\n\n<figure class=\"wp-block-image size-large\"><img decoding=\"async\" width=\"1242\" height=\"1280\" src=\"https:\/\/www.aiyin.com\/wp-content\/uploads\/2025\/02\/Desktop-Thermal-Transfer-Ribbon-Printer-Details-3-1242x1280.webp\" alt=\"Detalhes da impressora de mesa com fita de transfer\u00eancia t\u00e9rmica (3)\" class=\"wp-image-2145\" srcset=\"https:\/\/www.aiyin.com\/wp-content\/uploads\/2025\/02\/Desktop-Thermal-Transfer-Ribbon-Printer-Details-3-1242x1280.webp 1242w, https:\/\/www.aiyin.com\/wp-content\/uploads\/2025\/02\/Desktop-Thermal-Transfer-Ribbon-Printer-Details-3-768x792.webp 768w, https:\/\/www.aiyin.com\/wp-content\/uploads\/2025\/02\/Desktop-Thermal-Transfer-Ribbon-Printer-Details-3-600x618.webp 600w\" sizes=\"(max-width: 1242px) 100vw, 1242px\" \/><\/figure>\n\n\n\n<figure class=\"wp-block-image size-large\"><img decoding=\"async\" width=\"1242\" height=\"1280\" src=\"https:\/\/www.aiyin.com\/wp-content\/uploads\/2025\/02\/Desktop-Thermal-Transfer-Ribbon-Printer-Details-1-1242x1280.webp\" alt=\"Detalhes da impressora de mesa com fita de transfer\u00eancia t\u00e9rmica (1)\" class=\"wp-image-2143\" srcset=\"https:\/\/www.aiyin.com\/wp-content\/uploads\/2025\/02\/Desktop-Thermal-Transfer-Ribbon-Printer-Details-1-1242x1280.webp 1242w, https:\/\/www.aiyin.com\/wp-content\/uploads\/2025\/02\/Desktop-Thermal-Transfer-Ribbon-Printer-Details-1-768x792.webp 768w, https:\/\/www.aiyin.com\/wp-content\/uploads\/2025\/02\/Desktop-Thermal-Transfer-Ribbon-Printer-Details-1-600x618.webp 600w\" sizes=\"(max-width: 1242px) 100vw, 1242px\" \/><\/figure>\n\n\n\n<figure class=\"wp-block-image size-large\"><img decoding=\"async\" width=\"1242\" height=\"1280\" src=\"https:\/\/www.aiyin.com\/wp-content\/uploads\/2025\/02\/Desktop-Thermal-Transfer-Ribbon-Printer-Details-2-1242x1280.webp\" alt=\"Detalhes da impressora de mesa com fita de transfer\u00eancia t\u00e9rmica (2)\" class=\"wp-image-2144\" srcset=\"https:\/\/www.aiyin.com\/wp-content\/uploads\/2025\/02\/Desktop-Thermal-Transfer-Ribbon-Printer-Details-2-1242x1280.webp 1242w, https:\/\/www.aiyin.com\/wp-content\/uploads\/2025\/02\/Desktop-Thermal-Transfer-Ribbon-Printer-Details-2-768x792.webp 768w, https:\/\/www.aiyin.com\/wp-content\/uploads\/2025\/02\/Desktop-Thermal-Transfer-Ribbon-Printer-Details-2-600x618.webp 600w\" sizes=\"(max-width: 1242px) 100vw, 1242px\" \/><\/figure>","protected":false},"excerpt":{"rendered":"<p>Impressora de fitas de transfer\u00eancia t\u00e9rmica para desktop no atacado, adequada para uma variedade de necessidades do setor, como m\u00e9dico, varejo, com\u00e9rcio eletr\u00f4nico, log\u00edstica, etc. Suporta m\u00e9todos de impress\u00e3o por transfer\u00eancia t\u00e9rmica e t\u00e9rmica, pode imprimir etiquetas em uma variedade de materiais, como fitas e papel t\u00e9rmico, proporcionando mais flexibilidade. Suporte \u00e0 personaliza\u00e7\u00e3o de OEM e ODM, entre em contato conosco para obter uma cota\u00e7\u00e3o.<\/p>\n<h2>Recursos da impressora de mesa com fita de transfer\u00eancia t\u00e9rmica - AT240 \/ 340 \/ 640<\/h2>\n<div>\n<p><strong>Modo de impress\u00e3o dupla:<\/strong> Suporta impress\u00e3o t\u00e9rmica e por transfer\u00eancia t\u00e9rmica. A transfer\u00eancia t\u00e9rmica requer fitas e \u00e9 mais adequada para armazenamento de longo prazo, enquanto a t\u00e9rmica n\u00e3o requer fitas e usa papel de etiqueta t\u00e9rmica, que \u00e9 mais eficiente.<\/p>\n<p><strong>Aplic\u00e1vel a uma ampla gama de setores:<\/strong> A impressora de mesa com fita de transfer\u00eancia t\u00e9rmica \u00e9 adequada para uso m\u00e9dico, no trabalho, no varejo, no com\u00e9rcio eletr\u00f4nico, na fabrica\u00e7\u00e3o e na circula\u00e7\u00e3o de materiais.<\/p>\n<p><strong>V\u00e1rias op\u00e7\u00f5es de interface:<\/strong> Suporta v\u00e1rias interfaces de comunica\u00e7\u00e3o, como USB, bluetooth e portas seriais, que s\u00e3o convenientes para a conex\u00e3o com v\u00e1rios dispositivos.<\/p>\n<p><strong>Adaptar-se a v\u00e1rios sistemas operacionais:<\/strong> Compat\u00edvel com v\u00e1rios sistemas operacionais, como Windows, MacOS e iOS, aumentando a compatibilidade do dispositivo.<\/p>\n<p><strong>Armazenamento est\u00e1vel:<\/strong> A impressora de mesa com fita de transfer\u00eancia t\u00e9rmica usa a tecnologia de transfer\u00eancia t\u00e9rmica, que \u00e9 adequada para etiquetas armazenadas por um longo per\u00edodo, pode ser usada por muito tempo e aumenta a durabilidade do efeito de impress\u00e3o.<\/p>\n<\/div>","protected":false},"featured_media":2138,"comment_status":"closed","ping_status":"closed","template":"","meta":{"_acf_changed":true},"product_brand":[],"product_cat":[20],"product_tag":[],"class_list":{"0":"post-2130","1":"product","2":"type-product","3":"status-publish","4":"has-post-thumbnail","6":"product_cat-thermal-transfer-printer","7":"pa_industrial-grade-no","8":"pa_paper-bin-with-paper-bin","9":"pa_print-width-4-inches","11":"first","12":"instock","13":"shipping-taxable","14":"product-type-simple"},"acf":[],"_links":{"self":[{"href":"https:\/\/www.aiyin.com\/pt\/wp-json\/wp\/v2\/product\/2130","targetHints":{"allow":["GET"]}}],"collection":[{"href":"https:\/\/www.aiyin.com\/pt\/wp-json\/wp\/v2\/product"}],"about":[{"href":"https:\/\/www.aiyin.com\/pt\/wp-json\/wp\/v2\/types\/product"}],"replies":[{"embeddable":true,"href":"https:\/\/www.aiyin.com\/pt\/wp-json\/wp\/v2\/comments?post=2130"}],"wp:featuredmedia":[{"embeddable":true,"href":"https:\/\/www.aiyin.com\/pt\/wp-json\/wp\/v2\/media\/2138"}],"wp:attachment":[{"href":"https:\/\/www.aiyin.com\/pt\/wp-json\/wp\/v2\/media?parent=2130"}],"wp:term":[{"taxonomy":"product_brand","embeddable":true,"href":"https:\/\/www.aiyin.com\/pt\/wp-json\/wp\/v2\/product_brand?post=2130"},{"taxonomy":"product_cat","embeddable":true,"href":"https:\/\/www.aiyin.com\/pt\/wp-json\/wp\/v2\/product_cat?post=2130"},{"taxonomy":"product_tag","embeddable":true,"href":"https:\/\/www.aiyin.com\/pt\/wp-json\/wp\/v2\/product_tag?post=2130"}],"curies":[{"name":"wp","href":"https:\/\/api.w.org\/{rel}","templated":true}]}}