{"id":2114,"date":"2025-02-23T11:37:57","date_gmt":"2025-02-23T11:37:57","guid":{"rendered":"https:\/\/www.jinghuaceramic.com\/?post_type=product&#038;p=2114"},"modified":"2025-08-16T06:15:51","modified_gmt":"2025-08-16T06:15:51","slug":"wholesale-portable-pocket-thermal-label-printer-q2","status":"publish","type":"product","link":"https:\/\/www.aiyin.com\/pt\/product\/wholesale-portable-pocket-thermal-label-printer-q2\/","title":{"rendered":"Atacado Impressora de etiquetas t\u00e9rmicas de bolso de 2 polegadas port\u00e1til - Q2, imprime fotos, c\u00f3digos de barras e anota\u00e7\u00f5es rapidamente"},"content":{"rendered":"<h2 class=\"wp-block-heading\">Detalhes da impressora t\u00e9rmica de bolso port\u00e1til para etiquetas - Q2<\/h2>\n\n\n\n<hr class=\"wp-block-separator has-alpha-channel-opacity\" \/>\n\n\n\n<figure class=\"wp-block-image size-large\"><img decoding=\"async\" width=\"905\" height=\"1280\" src=\"https:\/\/www.aiyin.com\/wp-content\/uploads\/2025\/02\/Q2-905x1280.webp\" alt=\"\" class=\"wp-image-4124\" srcset=\"https:\/\/www.aiyin.com\/wp-content\/uploads\/2025\/02\/Q2-905x1280.webp 905w, https:\/\/www.aiyin.com\/wp-content\/uploads\/2025\/02\/Q2-768x1086.webp 768w, https:\/\/www.aiyin.com\/wp-content\/uploads\/2025\/02\/Q2-600x849.webp 600w, https:\/\/www.aiyin.com\/wp-content\/uploads\/2025\/02\/Q2.webp 1722w\" sizes=\"(max-width: 905px) 100vw, 905px\" \/><\/figure>","protected":false},"excerpt":{"rendered":"<p>Impressora de etiquetas t\u00e9rmica de bolso port\u00e1til no atacado, essa impressora de etiquetas pequena e flex\u00edvel \u00e9 um grande auxiliar na vida cotidiana e um presente maravilhoso. Voc\u00ea pode registrar e imprimir momentos preciosos a qualquer hora e em qualquer lugar, suportando fotos, anota\u00e7\u00f5es, etiquetas, adesivos ou necessidades de impress\u00e3o de emerg\u00eancia em viagens. A AiYin oferece servi\u00e7os de OEM e ODM, entre em contato conosco para obter uma cota\u00e7\u00e3o.<\/p>\n<h2>Recursos da impressora t\u00e9rmica de bolso port\u00e1til para etiquetas - Q2<\/h2>\n<div>\n<p><strong>F\u00e1cil de transportar:<\/strong> O tamanho dessa impressora de etiquetas t\u00e9rmica port\u00e1til \u00e9 apenas o tamanho de uma palma da m\u00e3o, que pode ser facilmente colocada em seu bolso. Ela suporta conex\u00e3o Bluetooth, o que permite imprimir suas preciosas fotos diretamente do seu celular a qualquer hora e em qualquer lugar.<\/p>\n<p><strong>Impress\u00e3o multifuncional:<\/strong> A impressora de etiquetas t\u00e9rmica port\u00e1til pode imprimir fotos, etiquetas, adesivos, anota\u00e7\u00f5es e listas, etc., e pode ser usada em v\u00e1rias ocasi\u00f5es, como no trabalho ou em viagens.<\/p>\n<p><strong>Conex\u00e3o r\u00e1pida:<\/strong> Essa impressora port\u00e1til para celular suporta conex\u00e3o r\u00e1pida Bluetooth e pode ser facilmente emparelhada com um smartphone em 1 segundo. Por meio do aplicativo inteligente fornecido pela AiYin, voc\u00ea pode imprimir facilmente etiquetas no seu celular.<\/p>\n<p><strong>Bateria de l\u00edtio integrada:<\/strong> A impressora de etiquetas t\u00e9rmica port\u00e1til tem uma bateria de \u00edons de l\u00edtio recarreg\u00e1vel de 1000 mAh integrada, evitando o alto custo da substitui\u00e7\u00e3o frequente de baterias descart\u00e1veis.<\/p>\n<p><strong>Resolu\u00e7\u00e3o HD:<\/strong> Equipado com alta resolu\u00e7\u00e3o (203 dpi) e cabe\u00e7ote de impress\u00e3o de alta qualidade, garante que cada foto ou etiqueta impressa fique clara e vis\u00edvel.<\/p>\n<\/div>","protected":false},"featured_media":4719,"comment_status":"closed","ping_status":"closed","template":"","meta":{"_acf_changed":false},"product_brand":[],"product_cat":[21],"product_tag":[],"class_list":{"0":"post-2114","1":"product","2":"type-product","3":"status-publish","4":"has-post-thumbnail","6":"product_cat-home-office-printer","7":"pa_function-mini-printer","8":"pa_print-width-2-inches","10":"first","11":"instock","12":"shipping-taxable","13":"product-type-simple"},"acf":[],"_links":{"self":[{"href":"https:\/\/www.aiyin.com\/pt\/wp-json\/wp\/v2\/product\/2114","targetHints":{"allow":["GET"]}}],"collection":[{"href":"https:\/\/www.aiyin.com\/pt\/wp-json\/wp\/v2\/product"}],"about":[{"href":"https:\/\/www.aiyin.com\/pt\/wp-json\/wp\/v2\/types\/product"}],"replies":[{"embeddable":true,"href":"https:\/\/www.aiyin.com\/pt\/wp-json\/wp\/v2\/comments?post=2114"}],"wp:featuredmedia":[{"embeddable":true,"href":"https:\/\/www.aiyin.com\/pt\/wp-json\/wp\/v2\/media\/4719"}],"wp:attachment":[{"href":"https:\/\/www.aiyin.com\/pt\/wp-json\/wp\/v2\/media?parent=2114"}],"wp:term":[{"taxonomy":"product_brand","embeddable":true,"href":"https:\/\/www.aiyin.com\/pt\/wp-json\/wp\/v2\/product_brand?post=2114"},{"taxonomy":"product_cat","embeddable":true,"href":"https:\/\/www.aiyin.com\/pt\/wp-json\/wp\/v2\/product_cat?post=2114"},{"taxonomy":"product_tag","embeddable":true,"href":"https:\/\/www.aiyin.com\/pt\/wp-json\/wp\/v2\/product_tag?post=2114"}],"curies":[{"name":"wp","href":"https:\/\/api.w.org\/{rel}","templated":true}]}}