{"id":2050,"date":"2025-04-19T02:30:38","date_gmt":"2025-04-19T02:30:38","guid":{"rendered":"https:\/\/www.jinghuaceramic.com\/?post_type=product&#038;p=2050"},"modified":"2025-06-13T06:03:01","modified_gmt":"2025-06-13T06:03:01","slug":"wholesale-mini-portable-thermal-label-printer-d30-pro","status":"publish","type":"product","link":"https:\/\/www.aiyin.com\/pt\/product\/wholesale-mini-portable-thermal-label-printer-d30-pro\/","title":{"rendered":"Atacado Impressora de etiquetas t\u00e9rmicas port\u00e1til de 0,5 polegadas - D30 Pro, compat\u00edvel com adesivos, c\u00f3digos de barras, c\u00f3digos QR e muito mais"},"content":{"rendered":"<h2 class=\"wp-block-heading\">Detalhes da mini impressora port\u00e1til de etiquetas t\u00e9rmicas - D30 Pro<\/h2>\n\n\n\n<hr class=\"wp-block-separator has-alpha-channel-opacity\"\/>\n\n\n\n<figure class=\"wp-block-image size-full\"><img decoding=\"async\" width=\"905\" height=\"1280\" src=\"https:\/\/www.aiyin.com\/wp-content\/uploads\/2025\/02\/Mini-Thermal-Label-Printer-D30-Pro-Details-1.webp\" alt=\"Detalhes da mini impressora t\u00e9rmica de etiquetas D30 Pro (1)\" class=\"wp-image-4720\" srcset=\"https:\/\/www.aiyin.com\/wp-content\/uploads\/2025\/02\/Mini-Thermal-Label-Printer-D30-Pro-Details-1.webp 905w, https:\/\/www.aiyin.com\/wp-content\/uploads\/2025\/02\/Mini-Thermal-Label-Printer-D30-Pro-Details-1-768x1086.webp 768w, https:\/\/www.aiyin.com\/wp-content\/uploads\/2025\/02\/Mini-Thermal-Label-Printer-D30-Pro-Details-1-8x12.webp 8w, https:\/\/www.aiyin.com\/wp-content\/uploads\/2025\/02\/Mini-Thermal-Label-Printer-D30-Pro-Details-1-600x849.webp 600w\" sizes=\"(max-width: 905px) 100vw, 905px\" \/><\/figure>","protected":false},"excerpt":{"rendered":"<p>A mini impressora port\u00e1til de etiquetas t\u00e9rmicas no atacado - D30 pro - ajuda o usu\u00e1rio a melhorar a efici\u00eancia da impress\u00e3o de etiquetas, facilitando o gerenciamento e a etiquetagem de produtos. O design de apar\u00eancia compacta e o suporte para conex\u00e3o sem fio bluetooth s\u00e3o muito adequados para uso em telefones celulares, no escrit\u00f3rio ou em trabalhos externos. Suporte a oem e odm, entre em contato conosco para obter uma cota\u00e7\u00e3o.<\/p>\n<h2>Recursos da mini impressora port\u00e1til de etiquetas t\u00e9rmicas - D30 Pro<\/h2>\n<div>\n<p><strong>Conex\u00e3o Bluetooth:<\/strong> A mini impressora port\u00e1til de etiquetas t\u00e9rmicas D30\/D30 Pro suporta conex\u00e3o sem fio Bluetooth. Fa\u00e7a o download do aplicativo AiYin e conecte-se via Bluetooth para imprimir facilmente as etiquetas necess\u00e1rias, melhorando consideravelmente a conveni\u00eancia do escrit\u00f3rio m\u00f3vel.<\/p>\n<p><strong>Fun\u00e7\u00e3o de corte autom\u00e1tico de papel:<\/strong> O cortador de papel autom\u00e1tico incorporado \u00e0 Mini Impressora Port\u00e1til de Etiquetas T\u00e9rmicas D30\/D30 Pro pode cortar automaticamente a etiqueta ap\u00f3s a conclus\u00e3o da impress\u00e3o, garantindo sempre uma impress\u00e3o limpa e profissional, evitando o corte manual e reduzindo o desperd\u00edcio de etiquetas.<\/p>\n<p><strong>Design port\u00e1til:<\/strong> O design leve do D30\/D30 Pro o torna perfeito para ser transportado, com um tamanho moderado que cabe facilmente em uma mochila ou bolsa.<\/p>\n<p><strong>Diversas op\u00e7\u00f5es de cores:<\/strong> O D30\/D30 Pro oferece uma variedade de cores, como branco, verde e rosa, permitindo que os usu\u00e1rios escolham o dispositivo apropriado de acordo com suas prefer\u00eancias pessoais, adequado para compras em supermercados e lojas de varejo.<\/p>\n<p><strong>Suporte a aplicativos:<\/strong> O D30\/D30 Pro pode ser usado em conjunto com aplicativos de smartphones, permitindo que os usu\u00e1rios criem e editem etiquetas com alta flexibilidade por meio do aplicativo.<\/p>\n<\/div>","protected":false},"featured_media":4725,"comment_status":"closed","ping_status":"closed","template":"","meta":{"_acf_changed":true},"product_brand":[],"product_cat":[21],"product_tag":[],"class_list":{"0":"post-2050","1":"product","2":"type-product","3":"status-publish","4":"has-post-thumbnail","6":"product_cat-home-office-printer","7":"pa_function-home-label-maker","8":"pa_function-mini-printer","9":"pa_print-width-0-5-inches","11":"first","12":"instock","13":"shipping-taxable","14":"product-type-simple"},"acf":[],"_links":{"self":[{"href":"https:\/\/www.aiyin.com\/pt\/wp-json\/wp\/v2\/product\/2050","targetHints":{"allow":["GET"]}}],"collection":[{"href":"https:\/\/www.aiyin.com\/pt\/wp-json\/wp\/v2\/product"}],"about":[{"href":"https:\/\/www.aiyin.com\/pt\/wp-json\/wp\/v2\/types\/product"}],"replies":[{"embeddable":true,"href":"https:\/\/www.aiyin.com\/pt\/wp-json\/wp\/v2\/comments?post=2050"}],"wp:featuredmedia":[{"embeddable":true,"href":"https:\/\/www.aiyin.com\/pt\/wp-json\/wp\/v2\/media\/4725"}],"wp:attachment":[{"href":"https:\/\/www.aiyin.com\/pt\/wp-json\/wp\/v2\/media?parent=2050"}],"wp:term":[{"taxonomy":"product_brand","embeddable":true,"href":"https:\/\/www.aiyin.com\/pt\/wp-json\/wp\/v2\/product_brand?post=2050"},{"taxonomy":"product_cat","embeddable":true,"href":"https:\/\/www.aiyin.com\/pt\/wp-json\/wp\/v2\/product_cat?post=2050"},{"taxonomy":"product_tag","embeddable":true,"href":"https:\/\/www.aiyin.com\/pt\/wp-json\/wp\/v2\/product_tag?post=2050"}],"curies":[{"name":"wp","href":"https:\/\/api.w.org\/{rel}","templated":true}]}}