{"id":2042,"date":"2025-04-19T02:35:55","date_gmt":"2025-04-19T02:35:55","guid":{"rendered":"https:\/\/www.jinghuaceramic.com\/?post_type=product&#038;p=2042"},"modified":"2025-08-19T03:47:09","modified_gmt":"2025-08-19T03:47:09","slug":"wholesale-mini-handheld-label-printer-d11-pro","status":"publish","type":"product","link":"https:\/\/www.aiyin.com\/pt\/product\/wholesale-mini-handheld-label-printer-d11-pro\/","title":{"rendered":"Atacado Mini impressora port\u00e1til de etiquetas de 0,5 polegadas - D11 Pro, conex\u00e3o Bluetooth, compat\u00edvel com adesivos, c\u00f3digos de barras, c\u00f3digos QR e muito mais"},"content":{"rendered":"<h2 class=\"wp-block-heading\">Detalhes da mini impressora port\u00e1til de etiquetas - D11 Pro<\/h2>\n\n\n\n<hr class=\"wp-block-separator has-alpha-channel-opacity\" \/>\n\n\n\n<figure class=\"wp-block-image size-large\"><img decoding=\"async\" width=\"905\" height=\"1280\" src=\"https:\/\/www.aiyin.com\/wp-content\/uploads\/2025\/02\/D11-905x1280.webp\" alt=\"\" class=\"wp-image-4130\" srcset=\"https:\/\/www.aiyin.com\/wp-content\/uploads\/2025\/02\/D11-905x1280.webp 905w, https:\/\/www.aiyin.com\/wp-content\/uploads\/2025\/02\/D11-768x1086.webp 768w, https:\/\/www.aiyin.com\/wp-content\/uploads\/2025\/02\/D11-600x849.webp 600w, https:\/\/www.aiyin.com\/wp-content\/uploads\/2025\/02\/D11.webp 1722w\" sizes=\"(max-width: 905px) 100vw, 905px\" \/><\/figure>","protected":false},"excerpt":{"rendered":"<p>Mini impressora port\u00e1til de etiquetas D11 pro, adequada para casa, escrit\u00f3rio, organiza\u00e7\u00e3o e outros locais, ajudando voc\u00ea a gerenciar itens com efici\u00eancia. Fa\u00e7a o download do aplicativo \"AiYin\" atrav\u00e9s da apple store ou google play, ligue a impressora d11 e conecte o bluetooth, selecione o modelo de impressora correspondente e voc\u00ea pode facilmente aproveitar a divers\u00e3o da impress\u00e3o. Suporte a oem e odm, entre em contato conosco para obter uma cota\u00e7\u00e3o.<\/p>\n<h2>Recursos da mini impressora port\u00e1til de etiquetas - D11 Pro<\/h2>\n<div>\n<p><strong>Conex\u00e3o sem fio Bluetooth:<\/strong> A D11 Pro Mini Handheld Label Printer usa conex\u00e3o sem fio Bluetooth, o que permite emparelhar facilmente com dispositivos inteligentes e imprimir a qualquer hora e em qualquer lugar.<\/p>\n<p><strong>Design port\u00e1til:<\/strong> A mini impressora port\u00e1til de etiquetas D11 Pro foi projetada para ser pequena e leve e pode ser segurada com uma m\u00e3o, permitindo que voc\u00ea a carregue e use facilmente em diferentes ocasi\u00f5es.<\/p>\n<p><strong>F\u00e1cil de usar:<\/strong> O fabricante da impressora de etiquetas AiYin fornece um aplicativo inteligente para controle inteligente. O aplicativo inteligente oferece uma variedade de fontes, estilos de texto, c\u00f3digos QR, c\u00f3digos de barras, logotipos e s\u00edmbolos para atender \u00e0s necessidades di\u00e1rias de rotulagem, armazenamento, marca\u00e7\u00e3o de itens e outras necessidades.<\/p>\n<p><strong>R\u00f3tulos personalizados e customizados:<\/strong> A mini impressora port\u00e1til de etiquetas D11 Pro suporta uma largura de impress\u00e3o de 15 mm e oferece uma variedade de tipos de fitas de etiquetas, incluindo etiquetas coloridas, etiquetas de amostra e etiquetas de pre\u00e7o. Com uma bateria de l\u00edtio de grande capacidade de 1200 mAh, ela pode imprimir continuamente 52 rolos de etiquetas com uma \u00fanica carga.<\/p>\n<p><strong>Suporte \u00e0 personaliza\u00e7\u00e3o de OEM e ODM:<\/strong> O fabricante da impressora de etiquetas AiYIn oferece suporte \u00e0 personaliza\u00e7\u00e3o OEM e ODM. Os clientes podem personalizar solu\u00e7\u00f5es exclusivas de impress\u00e3o de etiquetas de acordo com sua pr\u00f3pria imagem de marca e requisitos espec\u00edficos.<\/p>\n<\/div>","protected":false},"featured_media":2049,"comment_status":"closed","ping_status":"closed","template":"","meta":{"_acf_changed":false},"product_brand":[],"product_cat":[21],"product_tag":[],"class_list":{"0":"post-2042","1":"product","2":"type-product","3":"status-publish","4":"has-post-thumbnail","6":"product_cat-home-office-printer","7":"pa_function-home-label-maker","8":"pa_function-mini-printer","9":"pa_print-width-0-5-inches","11":"first","12":"instock","13":"shipping-taxable","14":"product-type-simple"},"acf":[],"_links":{"self":[{"href":"https:\/\/www.aiyin.com\/pt\/wp-json\/wp\/v2\/product\/2042","targetHints":{"allow":["GET"]}}],"collection":[{"href":"https:\/\/www.aiyin.com\/pt\/wp-json\/wp\/v2\/product"}],"about":[{"href":"https:\/\/www.aiyin.com\/pt\/wp-json\/wp\/v2\/types\/product"}],"replies":[{"embeddable":true,"href":"https:\/\/www.aiyin.com\/pt\/wp-json\/wp\/v2\/comments?post=2042"}],"wp:featuredmedia":[{"embeddable":true,"href":"https:\/\/www.aiyin.com\/pt\/wp-json\/wp\/v2\/media\/2049"}],"wp:attachment":[{"href":"https:\/\/www.aiyin.com\/pt\/wp-json\/wp\/v2\/media?parent=2042"}],"wp:term":[{"taxonomy":"product_brand","embeddable":true,"href":"https:\/\/www.aiyin.com\/pt\/wp-json\/wp\/v2\/product_brand?post=2042"},{"taxonomy":"product_cat","embeddable":true,"href":"https:\/\/www.aiyin.com\/pt\/wp-json\/wp\/v2\/product_cat?post=2042"},{"taxonomy":"product_tag","embeddable":true,"href":"https:\/\/www.aiyin.com\/pt\/wp-json\/wp\/v2\/product_tag?post=2042"}],"curies":[{"name":"wp","href":"https:\/\/api.w.org\/{rel}","templated":true}]}}