{"id":2008,"date":"2025-04-19T02:20:43","date_gmt":"2025-04-19T02:20:43","guid":{"rendered":"https:\/\/www.jinghuaceramic.com\/?post_type=product&#038;p=2008"},"modified":"2025-06-13T05:57:01","modified_gmt":"2025-06-13T05:57:01","slug":"wholesale-portable-barcode-label-printer-b23","status":"publish","type":"product","link":"https:\/\/www.aiyin.com\/pt\/product\/wholesale-portable-barcode-label-printer-b23\/","title":{"rendered":"Atacado Impressora de etiquetas de c\u00f3digo de barras port\u00e1til de 2 polegadas - B23, fabricante de impressoras de etiquetas t\u00e9rmicas AiYin"},"content":{"rendered":"<h2 class=\"wp-block-heading\">Detalhes da impressora port\u00e1til de etiquetas de c\u00f3digo de barras - B23<\/h2>\n\n\n\n<hr class=\"wp-block-separator has-alpha-channel-opacity\" \/>\n\n\n\n<figure class=\"wp-block-image size-large\"><img decoding=\"async\" width=\"905\" height=\"1280\" src=\"https:\/\/www.aiyin.com\/wp-content\/uploads\/2025\/02\/B23\u8be6\u60c5\u9875-905x1280.webp\" alt=\"\" class=\"wp-image-3288\" srcset=\"https:\/\/www.aiyin.com\/wp-content\/uploads\/2025\/02\/B23\u8be6\u60c5\u9875-905x1280.webp 905w, https:\/\/www.aiyin.com\/wp-content\/uploads\/2025\/02\/B23\u8be6\u60c5\u9875-768x1087.webp 768w, https:\/\/www.aiyin.com\/wp-content\/uploads\/2025\/02\/B23\u8be6\u60c5\u9875-600x849.webp 600w\" sizes=\"(max-width: 905px) 100vw, 905px\" \/><\/figure>","protected":false},"excerpt":{"rendered":"<p>A impressora de etiquetas de c\u00f3digo de barras port\u00e1til no atacado pode ser usada para imprimir rapidamente c\u00f3digos de barras e c\u00f3digos QR, adequados para os setores de varejo e entrega expressa. E como uma impressora de etiquetas port\u00e1til dom\u00e9stica, a B23 pode imprimir facilmente suas imagens e padr\u00f5es favoritos, proporcionando \u00e0s fam\u00edlias infinitas possibilidades criativas para preservar e exibir belos momentos.<\/p>\n<h2>Recursos da impressora port\u00e1til de etiquetas de c\u00f3digo de barras - B23<\/h2>\n<div>\n<p><strong>Conex\u00e3o sem fio conveniente:<\/strong> A impressora port\u00e1til de etiquetas de c\u00f3digo de barras B23 \u00e9 compat\u00edvel com a conex\u00e3o Bluetooth, que exige fia\u00e7\u00e3o e configura\u00e7\u00f5es complexas, o que melhora muito a flexibilidade e a conveni\u00eancia da opera\u00e7\u00e3o.<\/p>\n<p><strong>Impress\u00e3o de alta qualidade:<\/strong> O B23 oferece efeitos de impress\u00e3o de alta resolu\u00e7\u00e3o e pode imprimir claramente v\u00e1rios c\u00f3digos de barras, c\u00f3digos QR e conte\u00fado de texto.<\/p>\n<p><strong>F\u00e1cil de transportar:<\/strong> O design compacto da B23 facilita muito o transporte e a movimenta\u00e7\u00e3o. Voc\u00ea pode facilmente colocar a impressora em uma bolsa ou no carro e concluir a impress\u00e3o de etiquetas a qualquer hora e em qualquer lugar.<\/p>\n<p><strong>Adequado para crian\u00e7as e fam\u00edlias:<\/strong> O B23 pode ser usado para imprimir v\u00e1rios padr\u00f5es, ajudar as crian\u00e7as a desenvolver a intelig\u00eancia e cultivar a criatividade, al\u00e9m de registrar todos os momentos calorosos da fam\u00edlia, permitindo que toda a fam\u00edlia compartilhe momentos felizes.<\/p>\n<p><strong>F\u00e1cil de operar e configurar:<\/strong> O design da Portable Barcode Label Printer B23 se concentra na experi\u00eancia do usu\u00e1rio, a interface de opera\u00e7\u00e3o \u00e9 intuitiva e o aplicativo m\u00f3vel oferece suporte \u00e0 instala\u00e7\u00e3o r\u00e1pida. Ao us\u00e1-la, basta selecionar o modelo de etiqueta que voc\u00ea precisa imprimir.<\/p>\n<\/div>","protected":false},"featured_media":4452,"comment_status":"closed","ping_status":"closed","template":"","meta":{"_acf_changed":true},"product_brand":[],"product_cat":[21],"product_tag":[],"class_list":{"0":"post-2008","1":"product","2":"type-product","3":"status-publish","4":"has-post-thumbnail","6":"product_cat-home-office-printer","7":"pa_function-mini-printer","8":"pa_print-width-2-inches","10":"first","11":"instock","12":"shipping-taxable","13":"product-type-simple"},"acf":[],"_links":{"self":[{"href":"https:\/\/www.aiyin.com\/pt\/wp-json\/wp\/v2\/product\/2008","targetHints":{"allow":["GET"]}}],"collection":[{"href":"https:\/\/www.aiyin.com\/pt\/wp-json\/wp\/v2\/product"}],"about":[{"href":"https:\/\/www.aiyin.com\/pt\/wp-json\/wp\/v2\/types\/product"}],"replies":[{"embeddable":true,"href":"https:\/\/www.aiyin.com\/pt\/wp-json\/wp\/v2\/comments?post=2008"}],"wp:featuredmedia":[{"embeddable":true,"href":"https:\/\/www.aiyin.com\/pt\/wp-json\/wp\/v2\/media\/4452"}],"wp:attachment":[{"href":"https:\/\/www.aiyin.com\/pt\/wp-json\/wp\/v2\/media?parent=2008"}],"wp:term":[{"taxonomy":"product_brand","embeddable":true,"href":"https:\/\/www.aiyin.com\/pt\/wp-json\/wp\/v2\/product_brand?post=2008"},{"taxonomy":"product_cat","embeddable":true,"href":"https:\/\/www.aiyin.com\/pt\/wp-json\/wp\/v2\/product_cat?post=2008"},{"taxonomy":"product_tag","embeddable":true,"href":"https:\/\/www.aiyin.com\/pt\/wp-json\/wp\/v2\/product_tag?post=2008"}],"curies":[{"name":"wp","href":"https:\/\/api.w.org\/{rel}","templated":true}]}}