{"id":2000,"date":"2025-02-25T15:00:54","date_gmt":"2025-02-25T15:00:54","guid":{"rendered":"https:\/\/www.jinghuaceramic.com\/?post_type=product&#038;p=2000"},"modified":"2025-06-09T09:40:06","modified_gmt":"2025-06-09T09:40:06","slug":"wholesale-2-inches-portable-bluetooth-label-printer-b22","status":"publish","type":"product","link":"https:\/\/www.aiyin.com\/pt\/product\/wholesale-2-inches-portable-bluetooth-label-printer-b22\/","title":{"rendered":"Atacado Impressora de etiquetas Bluetooth port\u00e1til de 2 polegadas - B22, compat\u00edvel com OEM e ODM"},"content":{"rendered":"<h2 class=\"wp-block-heading\">Detalhes da impressora port\u00e1til de etiquetas Bluetooth - B22 <\/h2>\n\n\n\n<hr class=\"wp-block-separator has-alpha-channel-opacity\"\/>\n\n\n\n<figure class=\"wp-block-image size-full\"><img decoding=\"async\" width=\"905\" height=\"1280\" src=\"https:\/\/www.aiyin.com\/wp-content\/uploads\/2025\/02\/B22-Portable-Bluetooth-Label-Printer-Details-1.webp\" alt=\"Detalhes da impressora de etiquetas Bluetooth port\u00e1til B22 (1)\" class=\"wp-image-4714\" srcset=\"https:\/\/www.aiyin.com\/wp-content\/uploads\/2025\/02\/B22-Portable-Bluetooth-Label-Printer-Details-1.webp 905w, https:\/\/www.aiyin.com\/wp-content\/uploads\/2025\/02\/B22-Portable-Bluetooth-Label-Printer-Details-1-768x1086.webp 768w, https:\/\/www.aiyin.com\/wp-content\/uploads\/2025\/02\/B22-Portable-Bluetooth-Label-Printer-Details-1-8x12.webp 8w, https:\/\/www.aiyin.com\/wp-content\/uploads\/2025\/02\/B22-Portable-Bluetooth-Label-Printer-Details-1-600x849.webp 600w\" sizes=\"(max-width: 905px) 100vw, 905px\" \/><\/figure>","protected":false},"excerpt":{"rendered":"<p>Impressora de etiquetas Bluetooth port\u00e1til por atacado, adequada para uso di\u00e1rio e escrit\u00f3rio dom\u00e9stico, essa impressora de etiquetas pode fornecer servi\u00e7os de impress\u00e3o de etiquetas eficientes e claros, fun\u00e7\u00e3o Bluetooth integrada, para que os usu\u00e1rios possam usar telefones celulares para concluir rapidamente as tarefas de impress\u00e3o a qualquer momento e em qualquer lugar. Oferecemos servi\u00e7os de impressora de etiquetas no atacado para atender \u00e0s necessidades de compras em massa. Entre em contato conosco para obter uma cota\u00e7\u00e3o.<\/p>\n<h2>Recursos da impressora port\u00e1til de etiquetas Bluetooth - B22<\/h2>\n<div>\n<p><strong>V\u00e1rios modelos de impress\u00e3o:<\/strong> O fabricante da impressora de etiquetas AiYin fornece um aplicativo operacional, com v\u00e1rias op\u00e7\u00f5es de modelos, c\u00f3digos de barras, etiquetas de endere\u00e7o, padr\u00f5es criativos e textos personalizados, que essa impressora pode manipular facilmente.<\/p>\n<p><strong>Conex\u00e3o sem fio Bluetooth:<\/strong> Fun\u00e7\u00e3o Bluetooth integrada, suporte \u00e0 conex\u00e3o sem fio, permitindo que os usu\u00e1rios imprimam em qualquer lugar por meio de smartphones ou outros dispositivos e concluam as tarefas de impress\u00e3o a qualquer hora e em qualquer lugar.<\/p>\n<p><strong>F\u00e1cil de transportar:<\/strong> A impressora port\u00e1til de etiquetas Bluetooth - B22 \u00e9 pequena e leve, pesando apenas 136 gramas, e os usu\u00e1rios podem facilmente coloc\u00e1-la em uma bolsa ou carreg\u00e1-la consigo.<\/p>\n<p><strong>Alta resolu\u00e7\u00e3o:<\/strong> Oferece uma alta resolu\u00e7\u00e3o de impress\u00e3o de 203 dpi para garantir a precis\u00e3o e a clareza do conte\u00fado impresso, o que \u00e9 muito adequado para a impress\u00e3o de c\u00f3digos de barras ou padr\u00f5es sutis.<\/p>\n<p><strong>Suporta v\u00e1rios tipos de papel:<\/strong> Impressora port\u00e1til de etiquetas Bluetooth - A B22 suporta diferentes tipos de papel, incluindo papel de recibo, papel de etiqueta, etc., para se adaptar a uma variedade de cen\u00e1rios.<\/p>\n<\/div>","protected":false},"featured_media":4713,"comment_status":"closed","ping_status":"closed","template":"","meta":{"_acf_changed":true},"product_brand":[],"product_cat":[21],"product_tag":[],"class_list":{"0":"post-2000","1":"product","2":"type-product","3":"status-publish","4":"has-post-thumbnail","6":"product_cat-home-office-printer","7":"pa_function-mini-printer","8":"pa_print-width-2-inches","10":"first","11":"instock","12":"shipping-taxable","13":"product-type-simple"},"acf":[],"_links":{"self":[{"href":"https:\/\/www.aiyin.com\/pt\/wp-json\/wp\/v2\/product\/2000","targetHints":{"allow":["GET"]}}],"collection":[{"href":"https:\/\/www.aiyin.com\/pt\/wp-json\/wp\/v2\/product"}],"about":[{"href":"https:\/\/www.aiyin.com\/pt\/wp-json\/wp\/v2\/types\/product"}],"replies":[{"embeddable":true,"href":"https:\/\/www.aiyin.com\/pt\/wp-json\/wp\/v2\/comments?post=2000"}],"wp:featuredmedia":[{"embeddable":true,"href":"https:\/\/www.aiyin.com\/pt\/wp-json\/wp\/v2\/media\/4713"}],"wp:attachment":[{"href":"https:\/\/www.aiyin.com\/pt\/wp-json\/wp\/v2\/media?parent=2000"}],"wp:term":[{"taxonomy":"product_brand","embeddable":true,"href":"https:\/\/www.aiyin.com\/pt\/wp-json\/wp\/v2\/product_brand?post=2000"},{"taxonomy":"product_cat","embeddable":true,"href":"https:\/\/www.aiyin.com\/pt\/wp-json\/wp\/v2\/product_cat?post=2000"},{"taxonomy":"product_tag","embeddable":true,"href":"https:\/\/www.aiyin.com\/pt\/wp-json\/wp\/v2\/product_tag?post=2000"}],"curies":[{"name":"wp","href":"https:\/\/api.w.org\/{rel}","templated":true}]}}