{"id":1954,"date":"2025-02-23T15:53:28","date_gmt":"2025-02-23T15:53:28","guid":{"rendered":"https:\/\/www.jinghuaceramic.com\/?post_type=product&#038;p=1954"},"modified":"2025-06-09T10:02:44","modified_gmt":"2025-06-09T10:02:44","slug":"cute-2-inches-post-it-note-printer-b21","status":"publish","type":"product","link":"https:\/\/www.aiyin.com\/pt\/product\/cute-2-inches-post-it-note-printer-b21\/","title":{"rendered":"Impressora de notas post-it de 2 polegadas - B21, impressora de etiquetas dom\u00e9sticas pequenas por atacado, adequada para supermercados, escrit\u00f3rios e cozinhas"},"content":{"rendered":"<h2 class=\"wp-block-heading\">Detalhes da Impressora de Notas Post-It Fofa - B21<\/h2>\n\n\n\n<hr class=\"wp-block-separator has-alpha-channel-opacity\" \/>\n\n\n\n<figure class=\"wp-block-image size-large\"><img decoding=\"async\" width=\"905\" height=\"1280\" src=\"https:\/\/www.aiyin.com\/wp-content\/uploads\/2025\/02\/Post-It-Note-Printer-Details-1-905x1280.webp\" alt=\"Detalhes da impressora de notas Post-It (1)\" class=\"wp-image-1960\" srcset=\"https:\/\/www.aiyin.com\/wp-content\/uploads\/2025\/02\/Post-It-Note-Printer-Details-1-905x1280.webp 905w, https:\/\/www.aiyin.com\/wp-content\/uploads\/2025\/02\/Post-It-Note-Printer-Details-1-768x1086.webp 768w, https:\/\/www.aiyin.com\/wp-content\/uploads\/2025\/02\/Post-It-Note-Printer-Details-1-600x849.webp 600w\" sizes=\"(max-width: 905px) 100vw, 905px\" \/><\/figure>\n\n\n\n<figure class=\"wp-block-image size-large\"><img decoding=\"async\" width=\"905\" height=\"1280\" src=\"https:\/\/www.aiyin.com\/wp-content\/uploads\/2025\/02\/Post-It-Note-Printer-Details-2-905x1280.webp\" alt=\"Detalhes da impressora de notas Post-It (2)\" class=\"wp-image-1961\" srcset=\"https:\/\/www.aiyin.com\/wp-content\/uploads\/2025\/02\/Post-It-Note-Printer-Details-2-905x1280.webp 905w, https:\/\/www.aiyin.com\/wp-content\/uploads\/2025\/02\/Post-It-Note-Printer-Details-2-768x1086.webp 768w, https:\/\/www.aiyin.com\/wp-content\/uploads\/2025\/02\/Post-It-Note-Printer-Details-2-600x849.webp 600w\" sizes=\"(max-width: 905px) 100vw, 905px\" \/><\/figure>","protected":false},"excerpt":{"rendered":"<p>Atacado 2 polegadas Post-It Note Printer, esta impressora de etiquetas \u00e9 f\u00e1cil de operar e pode facilmente imprimir notas, etiquetas, etiquetas de pre\u00e7os, etc. atrav\u00e9s de seu telefone celular. Ela pode concluir facilmente tarefas como classifica\u00e7\u00e3o de itens de cozinha, marca\u00e7\u00e3o de documentos de escrit\u00f3rio e impress\u00e3o de etiquetas de produtos de supermercado, al\u00e9m de resolver com efici\u00eancia as necessidades de impress\u00e3o de etiquetas dos usu\u00e1rios. A AiYin aceita OEM e ODM, entre em contato conosco para obter uma cota\u00e7\u00e3o.<\/p>\n<h2>Recursos da impressora de notas Post-It de 2 polegadas - B21<\/h2>\n<div>\n<p><strong>F\u00e1cil de transportar:<\/strong> A impressora de notas Post-It - B21 \u00e9 compacta, f\u00e1cil de transportar e armazenar, n\u00e3o ocupa espa\u00e7o e \u00e9 muito adequada para uso dom\u00e9stico e em pequenos escrit\u00f3rios.<\/p>\n<p><strong>Impress\u00e3o multifuncional de etiquetas:<\/strong> A Post-It Note Printer - B21 pode n\u00e3o apenas imprimir notas, mas tamb\u00e9m imprimir v\u00e1rias etiquetas, como etiquetas de produtos, etiquetas de pre\u00e7os, etiquetas de classifica\u00e7\u00e3o de estoque etc., para atender \u00e0s necessidades de supermercados, lojas, cozinhas e outros cen\u00e1rios.<\/p>\n<p><strong>F\u00e1cil opera\u00e7\u00e3o:<\/strong> A opera\u00e7\u00e3o \u00e9 simples e intuitiva. Os usu\u00e1rios s\u00f3 precisam conectar seus telefones celulares via Bluetooth e selecionar ou personalizar modelos para imprimir rapidamente.<\/p>\n<p><strong>Efici\u00eancia e precis\u00e3o:<\/strong> Cada impress\u00e3o pode garantir alta resolu\u00e7\u00e3o, fontes claras e finas, e textos e padr\u00f5es precisos podem ser impressos mesmo em etiquetas de tamanho pequeno.<\/p>\n<p><strong>Economize tempo e custos:<\/strong> Imprima etiquetas rapidamente, reduza o tempo e o custo do registro manual ou de etiquetas escritas \u00e0 m\u00e3o e aumente a efici\u00eancia e a precis\u00e3o do trabalho.<\/p>\n<\/div>","protected":false},"featured_media":4718,"comment_status":"closed","ping_status":"closed","template":"","meta":{"_acf_changed":true},"product_brand":[],"product_cat":[21],"product_tag":[],"class_list":{"0":"post-1954","1":"product","2":"type-product","3":"status-publish","4":"has-post-thumbnail","6":"product_cat-home-office-printer","7":"pa_function-mini-printer","8":"pa_print-width-2-inches","10":"first","11":"instock","12":"shipping-taxable","13":"product-type-simple"},"acf":[],"_links":{"self":[{"href":"https:\/\/www.aiyin.com\/pt\/wp-json\/wp\/v2\/product\/1954","targetHints":{"allow":["GET"]}}],"collection":[{"href":"https:\/\/www.aiyin.com\/pt\/wp-json\/wp\/v2\/product"}],"about":[{"href":"https:\/\/www.aiyin.com\/pt\/wp-json\/wp\/v2\/types\/product"}],"replies":[{"embeddable":true,"href":"https:\/\/www.aiyin.com\/pt\/wp-json\/wp\/v2\/comments?post=1954"}],"wp:featuredmedia":[{"embeddable":true,"href":"https:\/\/www.aiyin.com\/pt\/wp-json\/wp\/v2\/media\/4718"}],"wp:attachment":[{"href":"https:\/\/www.aiyin.com\/pt\/wp-json\/wp\/v2\/media?parent=1954"}],"wp:term":[{"taxonomy":"product_brand","embeddable":true,"href":"https:\/\/www.aiyin.com\/pt\/wp-json\/wp\/v2\/product_brand?post=1954"},{"taxonomy":"product_cat","embeddable":true,"href":"https:\/\/www.aiyin.com\/pt\/wp-json\/wp\/v2\/product_cat?post=1954"},{"taxonomy":"product_tag","embeddable":true,"href":"https:\/\/www.aiyin.com\/pt\/wp-json\/wp\/v2\/product_tag?post=1954"}],"curies":[{"name":"wp","href":"https:\/\/api.w.org\/{rel}","templated":true}]}}