{"id":1942,"date":"2025-02-21T15:07:18","date_gmt":"2025-02-21T15:07:18","guid":{"rendered":"https:\/\/www.jinghuaceramic.com\/?post_type=product&#038;p=1942"},"modified":"2025-06-16T01:05:23","modified_gmt":"2025-06-16T01:05:23","slug":"wholesale-portable-a4-thermal-printer-a40","status":"publish","type":"product","link":"https:\/\/www.aiyin.com\/pt\/product\/wholesale-portable-a4-thermal-printer-a40\/","title":{"rendered":"Impressora t\u00e9rmica A4 port\u00e1til por atacado - A40, suporte para impressora t\u00e9rmica A4 personalizada"},"content":{"rendered":"<h2 class=\"wp-block-heading\">Detalhes da impressora t\u00e9rmica port\u00e1til A4 - A40<\/h2>\n\n\n\n<hr class=\"wp-block-separator has-alpha-channel-opacity\" \/>\n\n\n\n<figure class=\"wp-block-image size-large\"><img decoding=\"async\" width=\"905\" height=\"1280\" src=\"https:\/\/www.aiyin.com\/wp-content\/uploads\/2025\/02\/Portable-A4-Thermal-Printer-Details-1-905x1280.webp\" alt=\"Detalhes da impressora t\u00e9rmica port\u00e1til A4 (1)\" class=\"wp-image-1949\" srcset=\"https:\/\/www.aiyin.com\/wp-content\/uploads\/2025\/02\/Portable-A4-Thermal-Printer-Details-1-905x1280.webp 905w, https:\/\/www.aiyin.com\/wp-content\/uploads\/2025\/02\/Portable-A4-Thermal-Printer-Details-1-768x1086.webp 768w, https:\/\/www.aiyin.com\/wp-content\/uploads\/2025\/02\/Portable-A4-Thermal-Printer-Details-1-600x848.webp 600w, https:\/\/www.aiyin.com\/wp-content\/uploads\/2025\/02\/Portable-A4-Thermal-Printer-Details-1.webp 1654w\" sizes=\"(max-width: 905px) 100vw, 905px\" \/><\/figure>\n\n\n\n<figure class=\"wp-block-image size-large\"><img decoding=\"async\" width=\"905\" height=\"1280\" src=\"https:\/\/www.aiyin.com\/wp-content\/uploads\/2025\/02\/Portable-A4-Thermal-Printer-Details-2-905x1280.webp\" alt=\"Detalhes da impressora t\u00e9rmica port\u00e1til A4 (2)\" class=\"wp-image-1950\" srcset=\"https:\/\/www.aiyin.com\/wp-content\/uploads\/2025\/02\/Portable-A4-Thermal-Printer-Details-2-905x1280.webp 905w, https:\/\/www.aiyin.com\/wp-content\/uploads\/2025\/02\/Portable-A4-Thermal-Printer-Details-2-768x1086.webp 768w, https:\/\/www.aiyin.com\/wp-content\/uploads\/2025\/02\/Portable-A4-Thermal-Printer-Details-2-600x848.webp 600w, https:\/\/www.aiyin.com\/wp-content\/uploads\/2025\/02\/Portable-A4-Thermal-Printer-Details-2.webp 1654w\" sizes=\"(max-width: 905px) 100vw, 905px\" \/><\/figure>","protected":false},"excerpt":{"rendered":"<p>A impressora t\u00e9rmica A4 port\u00e1til no atacado - A40, pode proporcionar uma experi\u00eancia de impress\u00e3o clara, r\u00e1pida e de alta qualidade, pode imprimir documentos, fotos, arquivos PDF, adequada para uso dom\u00e9stico e no escrit\u00f3rio. Design simples e f\u00e1cil de usar, f\u00e1cil de realizar uma variedade de tarefas de impress\u00e3o. A Aiyin oferece servi\u00e7os de OEM e ODM, entre em contato conosco para obter uma cota\u00e7\u00e3o.<\/p>\n<h2>Recursos da impressora t\u00e9rmica port\u00e1til A4 - A40<\/h2>\n<div>\n<p><strong>F\u00e1cil de operar:<\/strong> Ele \u00e9 rico em recursos, mas f\u00e1cil de operar, oferece um aplicativo de controle inteligente e tem uma grande variedade de modelos, o que melhora muito a efici\u00eancia do trabalho.<\/p>\n<p><strong>Carregamento seguro:<\/strong> A impressora t\u00e9rmica A4 port\u00e1til usa uma moderna interface Type-C para carregamento, evitando os problemas de mau contato que podem ser causados pelas interfaces tradicionais.<\/p>\n<p><strong>Conex\u00e3o sem fio Bluetooth:<\/strong> A fun\u00e7\u00e3o Bluetooth permite que os usu\u00e1rios conectem facilmente o dispositivo a terminais como smartphones, tablets e computadores sem nenhum cabo de conex\u00e3o f\u00edsica.<\/p>\n<p><strong>Impress\u00e3o de alta resolu\u00e7\u00e3o:<\/strong> A resolu\u00e7\u00e3o de impress\u00e3o de 203 dpi garante que os detalhes do conte\u00fado impresso sejam apresentados com clareza. Seja texto, padr\u00f5es ou fotos, ele pode apresentar alta clareza e detalhes finos.<\/p>\n<p><strong>Bateria com dura\u00e7\u00e3o suficiente:<\/strong> A impressora t\u00e9rmica port\u00e1til A4 \u00e9 equipada com uma bateria de 2600mAh de grande capacidade, que pode suportar o uso a longo prazo e \u00e9 adequada para usu\u00e1rios que precisam de impress\u00e3o m\u00f3vel.<\/p>\n<\/div>","protected":false},"featured_media":4731,"comment_status":"closed","ping_status":"closed","template":"","meta":{"_acf_changed":false},"product_brand":[],"product_cat":[21],"product_tag":[],"class_list":{"0":"post-1942","1":"product","2":"type-product","3":"status-publish","4":"has-post-thumbnail","6":"product_cat-home-office-printer","7":"pa_function-letter-a4-thermal-printer","8":"pa_print-width-8-inches","10":"first","11":"instock","12":"shipping-taxable","13":"product-type-simple"},"acf":[],"_links":{"self":[{"href":"https:\/\/www.aiyin.com\/pt\/wp-json\/wp\/v2\/product\/1942","targetHints":{"allow":["GET"]}}],"collection":[{"href":"https:\/\/www.aiyin.com\/pt\/wp-json\/wp\/v2\/product"}],"about":[{"href":"https:\/\/www.aiyin.com\/pt\/wp-json\/wp\/v2\/types\/product"}],"replies":[{"embeddable":true,"href":"https:\/\/www.aiyin.com\/pt\/wp-json\/wp\/v2\/comments?post=1942"}],"wp:featuredmedia":[{"embeddable":true,"href":"https:\/\/www.aiyin.com\/pt\/wp-json\/wp\/v2\/media\/4731"}],"wp:attachment":[{"href":"https:\/\/www.aiyin.com\/pt\/wp-json\/wp\/v2\/media?parent=1942"}],"wp:term":[{"taxonomy":"product_brand","embeddable":true,"href":"https:\/\/www.aiyin.com\/pt\/wp-json\/wp\/v2\/product_brand?post=1942"},{"taxonomy":"product_cat","embeddable":true,"href":"https:\/\/www.aiyin.com\/pt\/wp-json\/wp\/v2\/product_cat?post=1942"},{"taxonomy":"product_tag","embeddable":true,"href":"https:\/\/www.aiyin.com\/pt\/wp-json\/wp\/v2\/product_tag?post=1942"}],"curies":[{"name":"wp","href":"https:\/\/api.w.org\/{rel}","templated":true}]}}