{"id":1924,"date":"2025-02-20T09:40:35","date_gmt":"2025-02-20T09:40:35","guid":{"rendered":"https:\/\/www.jinghuaceramic.com\/?post_type=product&#038;p=1924"},"modified":"2025-06-16T01:07:27","modified_gmt":"2025-06-16T01:07:27","slug":"wholesale-thermal-tattoo-printer-a40s","status":"publish","type":"product","link":"https:\/\/www.aiyin.com\/pt\/product\/wholesale-thermal-tattoo-printer-a40s\/","title":{"rendered":"Impressora t\u00e9rmica para tatuagem no atacado - A40s, fornece muitos modelos"},"content":{"rendered":"<h2 class=\"wp-block-heading\">Detalhes da impressora t\u00e9rmica para tatuagem - A40s<\/h2>\n\n\n\n<hr class=\"wp-block-separator has-alpha-channel-opacity\" \/>\n\n\n\n<figure class=\"wp-block-image size-large\"><img decoding=\"async\" width=\"905\" height=\"1280\" src=\"https:\/\/www.aiyin.com\/wp-content\/uploads\/2025\/02\/Thermal-Tattoo-Printer-A40s-Details-1-905x1280.webp\" alt=\"Detalhes da impressora t\u00e9rmica de tatuagem A40s (1)\" class=\"wp-image-1938\" srcset=\"https:\/\/www.aiyin.com\/wp-content\/uploads\/2025\/02\/Thermal-Tattoo-Printer-A40s-Details-1-905x1280.webp 905w, https:\/\/www.aiyin.com\/wp-content\/uploads\/2025\/02\/Thermal-Tattoo-Printer-A40s-Details-1-768x1086.webp 768w, https:\/\/www.aiyin.com\/wp-content\/uploads\/2025\/02\/Thermal-Tattoo-Printer-A40s-Details-1-600x848.webp 600w, https:\/\/www.aiyin.com\/wp-content\/uploads\/2025\/02\/Thermal-Tattoo-Printer-A40s-Details-1.webp 1654w\" sizes=\"(max-width: 905px) 100vw, 905px\" \/><\/figure>\n\n\n\n<figure class=\"wp-block-image size-large\"><img decoding=\"async\" width=\"905\" height=\"1280\" src=\"https:\/\/www.aiyin.com\/wp-content\/uploads\/2025\/02\/Thermal-Tattoo-Printer-A40s-Details-2-905x1280.webp\" alt=\"Detalhes da impressora t\u00e9rmica de tatuagem A40s (2)\" class=\"wp-image-1939\" srcset=\"https:\/\/www.aiyin.com\/wp-content\/uploads\/2025\/02\/Thermal-Tattoo-Printer-A40s-Details-2-905x1280.webp 905w, https:\/\/www.aiyin.com\/wp-content\/uploads\/2025\/02\/Thermal-Tattoo-Printer-A40s-Details-2-768x1086.webp 768w, https:\/\/www.aiyin.com\/wp-content\/uploads\/2025\/02\/Thermal-Tattoo-Printer-A40s-Details-2-600x848.webp 600w, https:\/\/www.aiyin.com\/wp-content\/uploads\/2025\/02\/Thermal-Tattoo-Printer-A40s-Details-2.webp 1654w\" sizes=\"(max-width: 905px) 100vw, 905px\" \/><\/figure>","protected":false},"excerpt":{"rendered":"<p>Impressora de tatuagem t\u00e9rmica A40s por atacado, projetada para tatuagem r\u00e1pida. Essa impressora t\u00e9rmica de tatuagem n\u00e3o apenas suporta impress\u00e3o de alta velocidade e alta resolu\u00e7\u00e3o, mas tamb\u00e9m oferece uma rica biblioteca de modelos de tatuagem, f\u00e1cil de operar e pode selecionar e imprimir rapidamente padr\u00f5es de design no aplicativo. Oferecemos servi\u00e7os profissionais de atacado e op\u00e7\u00f5es personalizadas. Entre em contato conosco para obter uma cota\u00e7\u00e3o.<\/p>\n<h2>Recursos da impressora t\u00e9rmica para tatuagem - A40s<\/h2>\n<div>\n<p><strong>Impress\u00e3o em alta velocidade:<\/strong> A impressora t\u00e9rmica de tatuagem A40s pode imprimir rapidamente desenhos de tatuagem de alta defini\u00e7\u00e3o, ajudando os usu\u00e1rios a economizar tempo e a criar rapidamente os melhores resultados.<\/p>\n<p><strong>Biblioteca de modelos avan\u00e7ada:<\/strong> O A40s oferece um modelo de tatuagem rico, que \u00e9 conveniente para os usu\u00e1rios selecionarem e imprimirem v\u00e1rios padr\u00f5es para atender \u00e0s necessidades de diferentes clientes.<\/p>\n<p><strong>F\u00e1cil de usar:<\/strong> O AiYin fornece controle de aplicativo de impressoras de tatuagem t\u00e9rmica, com uma interface de opera\u00e7\u00e3o simples, os usu\u00e1rios podem definir e controlar facilmente o processo de impress\u00e3o, reduzindo a complexidade da opera\u00e7\u00e3o.<\/p>\n<p><strong>Efeito de impress\u00e3o de alta defini\u00e7\u00e3o:<\/strong> O efeito de impress\u00e3o de alta resolu\u00e7\u00e3o garante que cada desenho de tatuagem possa ser apresentado em detalhes e com clareza, reduzindo a possibilidade de padr\u00f5es borrados.<\/p>\n<p><strong>Confi\u00e1vel e dur\u00e1vel:<\/strong> O produto foi aprovado em v\u00e1rias certifica\u00e7\u00f5es internacionais, como CE, ISO, UKCA, etc., e oferece servi\u00e7o p\u00f3s-venda profissional.<\/p>\n<\/div>","protected":false},"featured_media":2911,"comment_status":"closed","ping_status":"closed","template":"","meta":{"_acf_changed":true},"product_brand":[],"product_cat":[21],"product_tag":[],"class_list":{"0":"post-1924","1":"product","2":"type-product","3":"status-publish","4":"has-post-thumbnail","6":"product_cat-home-office-printer","7":"pa_function-tattoo-stencil-printer","8":"pa_print-width-8-inches","10":"first","11":"instock","12":"shipping-taxable","13":"product-type-simple"},"acf":[],"_links":{"self":[{"href":"https:\/\/www.aiyin.com\/pt\/wp-json\/wp\/v2\/product\/1924","targetHints":{"allow":["GET"]}}],"collection":[{"href":"https:\/\/www.aiyin.com\/pt\/wp-json\/wp\/v2\/product"}],"about":[{"href":"https:\/\/www.aiyin.com\/pt\/wp-json\/wp\/v2\/types\/product"}],"replies":[{"embeddable":true,"href":"https:\/\/www.aiyin.com\/pt\/wp-json\/wp\/v2\/comments?post=1924"}],"wp:featuredmedia":[{"embeddable":true,"href":"https:\/\/www.aiyin.com\/pt\/wp-json\/wp\/v2\/media\/2911"}],"wp:attachment":[{"href":"https:\/\/www.aiyin.com\/pt\/wp-json\/wp\/v2\/media?parent=1924"}],"wp:term":[{"taxonomy":"product_brand","embeddable":true,"href":"https:\/\/www.aiyin.com\/pt\/wp-json\/wp\/v2\/product_brand?post=1924"},{"taxonomy":"product_cat","embeddable":true,"href":"https:\/\/www.aiyin.com\/pt\/wp-json\/wp\/v2\/product_cat?post=1924"},{"taxonomy":"product_tag","embeddable":true,"href":"https:\/\/www.aiyin.com\/pt\/wp-json\/wp\/v2\/product_tag?post=1924"}],"curies":[{"name":"wp","href":"https:\/\/api.w.org\/{rel}","templated":true}]}}