{"id":1881,"date":"2025-02-12T09:48:40","date_gmt":"2025-02-12T09:48:40","guid":{"rendered":"https:\/\/www.jinghuaceramic.com\/?post_type=product&#038;p=1881"},"modified":"2025-06-14T02:19:50","modified_gmt":"2025-06-14T02:19:50","slug":"wholesale-4-inches-portable-wifi-label-printer","status":"publish","type":"product","link":"https:\/\/www.aiyin.com\/pt\/product\/wholesale-4-inches-portable-wifi-label-printer\/","title":{"rendered":"Atacado Impressora de etiquetas Wifi port\u00e1til de 4 polegadas - MP241, design leve, adequada para v\u00e1rios cen\u00e1rios"},"content":{"rendered":"<h2 class=\"wp-block-heading\">Detalhes da impressora port\u00e1til de etiquetas Wifi - MP241<\/h2>\n\n\n\n<hr class=\"wp-block-separator has-alpha-channel-opacity\" \/>\n\n\n\n<figure class=\"wp-block-image size-large\"><img decoding=\"async\" width=\"1256\" height=\"1280\" src=\"https:\/\/www.aiyin.com\/wp-content\/uploads\/2025\/02\/Portable-Wifi-Label-Printer-Details-1-1256x1280.webp\" alt=\"Detalhes da impressora de etiquetas Wifi port\u00e1til (1)\" class=\"wp-image-1882\" srcset=\"https:\/\/www.aiyin.com\/wp-content\/uploads\/2025\/02\/Portable-Wifi-Label-Printer-Details-1-1256x1280.webp 1256w, https:\/\/www.aiyin.com\/wp-content\/uploads\/2025\/02\/Portable-Wifi-Label-Printer-Details-1-768x783.webp 768w, https:\/\/www.aiyin.com\/wp-content\/uploads\/2025\/02\/Portable-Wifi-Label-Printer-Details-1-600x611.webp 600w\" sizes=\"(max-width: 1256px) 100vw, 1256px\" \/><\/figure>","protected":false},"excerpt":{"rendered":"<p>A impressora de etiquetas Wi-Fi port\u00e1til de 4 polegadas MP241, por atacado, suporta conex\u00e3o sem fio Wi-Fi e Bluetooth, impress\u00e3o eficiente e est\u00e1vel. Baixo custo e alta efici\u00eancia, amplamente utilizada em varejo, log\u00edstica, armazenamento e outros setores. Suporte ao servi\u00e7o de impressora de etiquetas personalizada, entre em contato conosco para obter uma cota\u00e7\u00e3o.<\/p>\n<h2>Recursos da impressora de etiquetas WiFi port\u00e1til de 4 polegadas - MP241<\/h2>\n<div>\n<p><strong>Design leve:<\/strong> A impressora de etiquetas WiFi port\u00e1til MP241 adota um design leve, que \u00e9 f\u00e1cil de transportar e adequado para uso em diferentes situa\u00e7\u00f5es, seja em um escrit\u00f3rio, armaz\u00e9m ou ambiente de trabalho m\u00f3vel.<\/p>\n<p><strong>Conex\u00e3o sem fio:<\/strong> A MP241 suporta conex\u00e3o Wi-Fi e conex\u00e3o Bluetooth. Os usu\u00e1rios podem facilmente imprimir remotamente por meio de telefones celulares ou computadores para melhorar a efici\u00eancia do trabalho.<\/p>\n<p><strong>Design que economiza energia:<\/strong> A bateria integrada de alto desempenho com fun\u00e7\u00e3o de economia de energia garante o uso prolongado sem a necessidade de carregamento frequente, o que \u00e9 muito adequado para ambientes de trabalho de alta intensidade.<\/p>\n<p><strong>Compat\u00edvel com v\u00e1rias etiquetas:<\/strong> Oferece suporte a v\u00e1rias especifica\u00e7\u00f5es de etiquetas para atender \u00e0s necessidades de impress\u00e3o de etiquetas de diferentes tamanhos e formatos, flex\u00edveis e vari\u00e1veis.<\/p>\n<p><strong>Servi\u00e7os de OEM e ODM:<\/strong> A AIYIN oferece servi\u00e7os completos de impress\u00e3o de etiquetas personalizadas, incluindo tamanho da etiqueta, apar\u00eancia da marca, fun\u00e7\u00f5es, suporte de software e personaliza\u00e7\u00e3o da embalagem.<\/p>\n<\/div>","protected":false},"featured_media":1884,"comment_status":"closed","ping_status":"closed","template":"","meta":{"_acf_changed":true},"product_brand":[],"product_cat":[22],"product_tag":[],"class_list":{"0":"post-1881","1":"product","2":"type-product","3":"status-publish","4":"has-post-thumbnail","6":"product_cat-business-label-printer","7":"pa_print-width-4-inches","9":"first","10":"instock","11":"shipping-taxable","12":"product-type-simple"},"acf":[],"_links":{"self":[{"href":"https:\/\/www.aiyin.com\/pt\/wp-json\/wp\/v2\/product\/1881","targetHints":{"allow":["GET"]}}],"collection":[{"href":"https:\/\/www.aiyin.com\/pt\/wp-json\/wp\/v2\/product"}],"about":[{"href":"https:\/\/www.aiyin.com\/pt\/wp-json\/wp\/v2\/types\/product"}],"replies":[{"embeddable":true,"href":"https:\/\/www.aiyin.com\/pt\/wp-json\/wp\/v2\/comments?post=1881"}],"wp:featuredmedia":[{"embeddable":true,"href":"https:\/\/www.aiyin.com\/pt\/wp-json\/wp\/v2\/media\/1884"}],"wp:attachment":[{"href":"https:\/\/www.aiyin.com\/pt\/wp-json\/wp\/v2\/media?parent=1881"}],"wp:term":[{"taxonomy":"product_brand","embeddable":true,"href":"https:\/\/www.aiyin.com\/pt\/wp-json\/wp\/v2\/product_brand?post=1881"},{"taxonomy":"product_cat","embeddable":true,"href":"https:\/\/www.aiyin.com\/pt\/wp-json\/wp\/v2\/product_cat?post=1881"},{"taxonomy":"product_tag","embeddable":true,"href":"https:\/\/www.aiyin.com\/pt\/wp-json\/wp\/v2\/product_tag?post=1881"}],"curies":[{"name":"wp","href":"https:\/\/api.w.org\/{rel}","templated":true}]}}