{"id":1872,"date":"2025-02-13T09:02:14","date_gmt":"2025-02-13T09:02:14","guid":{"rendered":"https:\/\/www.jinghuaceramic.com\/?post_type=product&#038;p=1872"},"modified":"2025-03-28T06:11:31","modified_gmt":"2025-03-28T06:11:31","slug":"wholesale-3-inches-mobile-label-printer-mp233","status":"publish","type":"product","link":"https:\/\/www.aiyin.com\/pt\/product\/wholesale-3-inches-mobile-label-printer-mp233\/","title":{"rendered":"Impressora de etiquetas m\u00f3vel de 3 polegadas por atacado - MP233, impressora de etiquetas personalizada OEM e ODM dispon\u00edvel"},"content":{"rendered":"<h2 class=\"wp-block-heading\">Detalhes da impressora de etiquetas m\u00f3vel - MP233<\/h2>\n\n\n\n<hr class=\"wp-block-separator has-alpha-channel-opacity\" \/>\n\n\n\n<figure class=\"wp-block-image size-large\"><img decoding=\"async\" width=\"1280\" height=\"1280\" src=\"https:\/\/www.aiyin.com\/wp-content\/uploads\/2025\/02\/MP233\u5f69\u9875-1280x1280.webp\" alt=\"\" class=\"wp-image-4102\" srcset=\"https:\/\/www.aiyin.com\/wp-content\/uploads\/2025\/02\/MP233\u5f69\u9875-1280x1280.webp 1280w, https:\/\/www.aiyin.com\/wp-content\/uploads\/2025\/02\/MP233\u5f69\u9875-150x150.webp 150w, https:\/\/www.aiyin.com\/wp-content\/uploads\/2025\/02\/MP233\u5f69\u9875-768x768.webp 768w, https:\/\/www.aiyin.com\/wp-content\/uploads\/2025\/02\/MP233\u5f69\u9875-300x300.webp 300w, https:\/\/www.aiyin.com\/wp-content\/uploads\/2025\/02\/MP233\u5f69\u9875-600x600.webp 600w, https:\/\/www.aiyin.com\/wp-content\/uploads\/2025\/02\/MP233\u5f69\u9875-100x100.webp 100w\" sizes=\"(max-width: 1280px) 100vw, 1280px\" \/><\/figure>","protected":false},"excerpt":{"rendered":"<p>Impressora de etiquetas m\u00f3vel de 3 polegadas MP233 por atacado, a MP233 tem excelente desempenho e recursos de impress\u00e3o eficientes, fornecendo solu\u00e7\u00f5es de impress\u00e3o de etiquetas r\u00e1pidas e claras para v\u00e1rios setores. Suporte a OEM e ODM, entre em contato conosco para obter uma cota\u00e7\u00e3o.<\/p>\n<h2>Recursos da impressora m\u00f3vel de etiquetas de 3 polegadas - MP233<\/h2>\n<div>\n<p><strong>Design port\u00e1til:<\/strong> A impressora m\u00f3vel de etiquetas MP233 \u00e9 compacta e leve, equipada com uma bateria de alto desempenho e \u00e9 particularmente adequada para locais que exigem impress\u00e3o m\u00f3vel, como log\u00edstica, varejo e armazenamento.<\/p>\n<p><strong>Ampla gama de cen\u00e1rios de aplica\u00e7\u00e3o:<\/strong> A impressora de etiquetas m\u00f3vel MP233 \u00e9 adequada para lojas, dep\u00f3sitos, log\u00edstica, manufatura e outros setores, ajudando os usu\u00e1rios a concluir a impress\u00e3o de etiquetas com rapidez e efici\u00eancia.<\/p>\n<p><strong>Suporte personalizado:<\/strong> O fabricante da impressora de etiquetas AiYin oferece servi\u00e7os de personaliza\u00e7\u00e3o OEM e ODM e pode personalizar a apar\u00eancia da impressora, as fun\u00e7\u00f5es e os tipos de etiquetas de acordo com as necessidades do cliente.<\/p>\n<p><strong>Ajuste flex\u00edvel do papel:<\/strong> O MP233 suporta o ajuste da largura do papel de 40 mm a 80 mm para atender \u00e0s necessidades de diferentes tamanhos de etiquetas.<\/p>\n<p><strong>Velocidade de impress\u00e3o r\u00e1pida: <\/strong>O MP233 tem uma velocidade de impress\u00e3o de 80 mm\/s, que pode concluir a impress\u00e3o de etiquetas com efici\u00eancia e rapidez para atender \u00e0s necessidades de ambientes movimentados.<\/p>\n<\/div>","protected":false},"featured_media":1875,"comment_status":"closed","ping_status":"closed","template":"","meta":{"_acf_changed":true},"product_brand":[],"product_cat":[22],"product_tag":[],"class_list":{"0":"post-1872","1":"product","2":"type-product","3":"status-publish","4":"has-post-thumbnail","6":"product_cat-business-label-printer","7":"pa_print-width-3-inches","9":"first","10":"instock","11":"shipping-taxable","12":"product-type-simple"},"acf":[],"_links":{"self":[{"href":"https:\/\/www.aiyin.com\/pt\/wp-json\/wp\/v2\/product\/1872","targetHints":{"allow":["GET"]}}],"collection":[{"href":"https:\/\/www.aiyin.com\/pt\/wp-json\/wp\/v2\/product"}],"about":[{"href":"https:\/\/www.aiyin.com\/pt\/wp-json\/wp\/v2\/types\/product"}],"replies":[{"embeddable":true,"href":"https:\/\/www.aiyin.com\/pt\/wp-json\/wp\/v2\/comments?post=1872"}],"wp:featuredmedia":[{"embeddable":true,"href":"https:\/\/www.aiyin.com\/pt\/wp-json\/wp\/v2\/media\/1875"}],"wp:attachment":[{"href":"https:\/\/www.aiyin.com\/pt\/wp-json\/wp\/v2\/media?parent=1872"}],"wp:term":[{"taxonomy":"product_brand","embeddable":true,"href":"https:\/\/www.aiyin.com\/pt\/wp-json\/wp\/v2\/product_brand?post=1872"},{"taxonomy":"product_cat","embeddable":true,"href":"https:\/\/www.aiyin.com\/pt\/wp-json\/wp\/v2\/product_cat?post=1872"},{"taxonomy":"product_tag","embeddable":true,"href":"https:\/\/www.aiyin.com\/pt\/wp-json\/wp\/v2\/product_tag?post=1872"}],"curies":[{"name":"wp","href":"https:\/\/api.w.org\/{rel}","templated":true}]}}