{"id":1854,"date":"2025-02-13T07:38:14","date_gmt":"2025-02-13T07:38:14","guid":{"rendered":"https:\/\/www.jinghuaceramic.com\/?post_type=product&#038;p=1854"},"modified":"2025-03-27T10:04:12","modified_gmt":"2025-03-27T10:04:12","slug":"wholesale-3-inches-mobile-label-printer","status":"publish","type":"product","link":"https:\/\/www.aiyin.com\/pt\/product\/wholesale-3-inches-mobile-label-printer\/","title":{"rendered":"Impressora de etiquetas m\u00f3vel de 3 polegadas por atacado - MP231, impressora de etiquetas sem fio Small Rollo"},"content":{"rendered":"<h2 class=\"wp-block-heading\">Detalhes da impressora de etiquetas m\u00f3vel - MP231<\/h2>\n\n\n\n<hr class=\"wp-block-separator has-alpha-channel-opacity\" \/>\n\n\n\n<figure class=\"wp-block-image size-large\"><img decoding=\"async\" width=\"1252\" height=\"1280\" src=\"https:\/\/www.aiyin.com\/wp-content\/uploads\/2025\/02\/Mobile-Label-Printer-231-Details-1-1252x1280.webp\" alt=\"Detalhes da impressora de etiquetas m\u00f3vel 231 (1)\" class=\"wp-image-1855\" srcset=\"https:\/\/www.aiyin.com\/wp-content\/uploads\/2025\/02\/Mobile-Label-Printer-231-Details-1-1252x1280.webp 1252w, https:\/\/www.aiyin.com\/wp-content\/uploads\/2025\/02\/Mobile-Label-Printer-231-Details-1-768x785.webp 768w, https:\/\/www.aiyin.com\/wp-content\/uploads\/2025\/02\/Mobile-Label-Printer-231-Details-1-600x614.webp 600w\" sizes=\"(max-width: 1252px) 100vw, 1252px\" \/><\/figure>","protected":false},"excerpt":{"rendered":"<p>A impressora de etiquetas m\u00f3vel MP231, por atacado, usa tecnologia de impress\u00e3o t\u00e9rmica avan\u00e7ada, n\u00e3o requer tinta ou fita e \u00e9 amplamente utilizada em varejo, com\u00e9rcio eletr\u00f4nico, log\u00edstica e outros setores. Com uma interface de opera\u00e7\u00e3o simples e fun\u00e7\u00e3o de emparelhamento bluetooth r\u00e1pido, os usu\u00e1rios podem come\u00e7ar rapidamente sem treinamento complexo. Al\u00e9m disso, a Aiyin tamb\u00e9m oferece servi\u00e7os flex\u00edveis de personaliza\u00e7\u00e3o OEM e ODM. Entre em contato conosco para obter uma cota\u00e7\u00e3o.<\/p>\n<h2>Recursos da impressora de etiquetas m\u00f3vel - MP231<\/h2>\n<div>\n<p><strong>Bateria de longa dura\u00e7\u00e3o:<\/strong> A impressora de etiquetas m\u00f3vel mp231 \u00e9 equipada com uma bateria de grande capacidade, que pode ser usada continuamente por um longo per\u00edodo ap\u00f3s ser totalmente carregada, adequada para opera\u00e7\u00e3o em qualquer clima e para atender \u00e0s necessidades de impress\u00e3o de etiquetas de grande volume.<\/p>\n<p><strong>Tecnologia de impress\u00e3o t\u00e9rmica:<\/strong> A mp231 usa tecnologia de impress\u00e3o t\u00e9rmica, sem tinta ou fita, e oferece resolu\u00e7\u00e3o de alta defini\u00e7\u00e3o de 203 dpi, com efeitos de impress\u00e3o n\u00edtidos e duradouros.<\/p>\n<p><strong>Aplica\u00e7\u00f5es vers\u00e1teis:<\/strong> A impressora de etiquetas m\u00f3vel mp231 pode ser usada para imprimir v\u00e1rios tipos de etiquetas, como etiquetas de produtos, etiquetas de pre\u00e7os, etiquetas de remessa, etc., especialmente para varejistas, empresas de com\u00e9rcio eletr\u00f4nico e log\u00edstica.<\/p>\n<p><strong>F\u00e1cil opera\u00e7\u00e3o:<\/strong> A interface de opera\u00e7\u00e3o intuitiva e o r\u00e1pido processo de emparelhamento bluetooth facilitam o in\u00edcio das atividades dos usu\u00e1rios e ajudam a reduzir os custos de treinamento.<\/p>\n<p><strong>Servi\u00e7os de OEM e ODM:<\/strong> A AiYin oferece servi\u00e7os flex\u00edveis de OEM e ODM e op\u00e7\u00f5es avan\u00e7adas de personaliza\u00e7\u00e3o, incluindo design de apar\u00eancia, configura\u00e7\u00e3o de fun\u00e7\u00f5es, personaliza\u00e7\u00e3o de embalagens, etc.<\/p>\n<\/div>","protected":false},"featured_media":1857,"comment_status":"closed","ping_status":"closed","template":"","meta":{"_acf_changed":true},"product_brand":[],"product_cat":[22],"product_tag":[],"class_list":{"0":"post-1854","1":"product","2":"type-product","3":"status-publish","4":"has-post-thumbnail","6":"product_cat-business-label-printer","7":"pa_print-width-3-inches","9":"first","10":"instock","11":"shipping-taxable","12":"product-type-simple"},"acf":[],"_links":{"self":[{"href":"https:\/\/www.aiyin.com\/pt\/wp-json\/wp\/v2\/product\/1854","targetHints":{"allow":["GET"]}}],"collection":[{"href":"https:\/\/www.aiyin.com\/pt\/wp-json\/wp\/v2\/product"}],"about":[{"href":"https:\/\/www.aiyin.com\/pt\/wp-json\/wp\/v2\/types\/product"}],"replies":[{"embeddable":true,"href":"https:\/\/www.aiyin.com\/pt\/wp-json\/wp\/v2\/comments?post=1854"}],"wp:featuredmedia":[{"embeddable":true,"href":"https:\/\/www.aiyin.com\/pt\/wp-json\/wp\/v2\/media\/1857"}],"wp:attachment":[{"href":"https:\/\/www.aiyin.com\/pt\/wp-json\/wp\/v2\/media?parent=1854"}],"wp:term":[{"taxonomy":"product_brand","embeddable":true,"href":"https:\/\/www.aiyin.com\/pt\/wp-json\/wp\/v2\/product_brand?post=1854"},{"taxonomy":"product_cat","embeddable":true,"href":"https:\/\/www.aiyin.com\/pt\/wp-json\/wp\/v2\/product_cat?post=1854"},{"taxonomy":"product_tag","embeddable":true,"href":"https:\/\/www.aiyin.com\/pt\/wp-json\/wp\/v2\/product_tag?post=1854"}],"curies":[{"name":"wp","href":"https:\/\/api.w.org\/{rel}","templated":true}]}}